{"id":9676,"date":"2025-05-07T14:15:56","date_gmt":"2025-05-07T14:15:56","guid":{"rendered":"https:\/\/www.medicalinstitut.cz\/?page_id=9676"},"modified":"2026-03-19T07:56:49","modified_gmt":"2026-03-19T07:56:49","slug":"laserova-osetreni","status":"publish","type":"page","link":"https:\/\/www.medicalinstitut.cz\/en\/laserova-osetreni\/","title":{"rendered":"Laser treatments"},"content":{"rendered":"<div class=\"wpb-content-wrapper\"><div class=\"vc_row wpb_row vc_row-fluid vc_custom_1754371722922 wd-rs-68919687b8116\"><div class=\"wpb_column vc_column_container vc_col-sm-12\"><div class=\"vc_column-inner\"><div class=\"wpb_wrapper\">\n\t\t<div id=\"wd-681b6ac827a80\" class=\"title-wrapper wd-wpb wd-set-mb reset-last-child  wd-rs-681b6ac827a80 wd-title-color-default wd-title-style-default text-center  wd-underline-colored\">\n\t\t\t\n\t\t\t<div class=\"liner-continer\">\n\t\t\t\t<h1 class=\"woodmart-title-container title  wd-font-weight-400 wd-fontsize-l\" >Laser treatments<\/h1>\n\t\t\t\t\t\t\t<\/div>\n\t\t\t\n\t\t\t\n\t\t\t\n\t\t<\/div>\n\t\t\n\t\t<div class=\"vc_row wpb_row vc_inner vc_row-fluid vc_custom_1746626608314 vc_row-has-fill vc_row-o-content-middle vc_row-flex wd-rs-681b682c86f10\"><div class=\"wpb_column vc_column_container vc_col-sm-8 wd-rs-681b531560900\"><div class=\"vc_column-inner vc_custom_1746621212580\"><div class=\"wpb_wrapper\">\t\t<div id=\"wd-681b6b001e02d\" class=\"wd-text-block wd-wpb reset-last-child wd-rs-681b6b001e02d text-left wd-font-weight-500 color-primary wd-fontsize-custom vc_custom_1746627331268\">\n\t\t\t<p>Tattoo removal<\/p>\n\t\t<\/div>\n\t\t<\/div><\/div><\/div><div class=\"wpb_column vc_column_container vc_col-sm-4 vc_col-xs-2 vc_hidden-xs wd-rs-681b530d97b10\"><div class=\"vc_column-inner vc_custom_1746621202976\"><div class=\"wpb_wrapper\">\t\t<div id=\"wd-6872b4a918dc9\" class=\"wd-image wd-wpb wd-rs-6872b4a918dc9 text-right vc_custom_1752347839861\">\n\t\t\t\t\t\t\t<a href=\"\/en\/odstraneni-tetovani\/\" >\n\t\t\t\n\t\t\t<img decoding=\"async\"  src=\"https:\/\/www.medicalinstitut.cz\/wp-content\/uploads\/2025\/04\/sipka-modra.svg\" title=\"sipka-blue\" loading=\"lazy\" width=\"55\" height=\"16\">\n\t\t\t\t\t\t\t<\/a>\n\t\t\t\t\t<\/div>\n\t\t<\/div><\/div><\/div><\/div><div class=\"vc_row wpb_row vc_inner vc_row-fluid vc_custom_1746626608314 vc_row-has-fill vc_row-o-content-middle vc_row-flex wd-rs-681b682c86f10\"><div class=\"wpb_column vc_column_container vc_col-sm-8 wd-rs-681b531560900\"><div class=\"vc_column-inner vc_custom_1746621212580\"><div class=\"wpb_wrapper\">\t\t<div id=\"wd-681b6ad720c4e\" class=\"wd-text-block wd-wpb reset-last-child wd-rs-681b6ad720c4e text-left wd-font-weight-500 color-primary wd-fontsize-custom vc_custom_1746627289562\">\n\t\t\t<p>Removal of moles and growths<\/p>\n\t\t<\/div>\n\t\t<\/div><\/div><\/div><div class=\"wpb_column vc_column_container vc_col-sm-4 vc_col-xs-2 vc_hidden-xs wd-rs-681b530d97b10\"><div class=\"vc_column-inner vc_custom_1746621202976\"><div class=\"wpb_wrapper\">\t\t<div id=\"wd-6872b4c44faf8\" class=\"wd-image wd-wpb wd-rs-6872b4c44faf8 text-right vc_custom_1752347864679\">\n\t\t\t\t\t\t\t<a href=\"\/en\/odstraneni-znamenek-a-vyrustku\/\" >\n\t\t\t\n\t\t\t<img decoding=\"async\"  src=\"https:\/\/www.medicalinstitut.cz\/wp-content\/uploads\/2025\/04\/sipka-modra.svg\" title=\"sipka-blue\" loading=\"lazy\" width=\"55\" height=\"16\">\n\t\t\t\t\t\t\t<\/a>\n\t\t\t\t\t<\/div>\n\t\t<\/div><\/div><\/div><\/div><div class=\"vc_row wpb_row vc_inner vc_row-fluid vc_custom_1746626608314 vc_row-has-fill vc_row-o-content-middle vc_row-flex wd-rs-681b682c86f10\"><div class=\"wpb_column vc_column_container vc_col-sm-8 wd-rs-681b531560900\"><div class=\"vc_column-inner vc_custom_1746621212580\"><div class=\"wpb_wrapper\">\t\t<div id=\"wd-681b6aef404c0\" class=\"wd-text-block wd-wpb reset-last-child wd-rs-681b6aef404c0 text-left wd-font-weight-500 color-primary wd-fontsize-custom vc_custom_1746627312823\">\n\t\t\t<p>Laser removal of small veins<\/p>\n\t\t<\/div>\n\t\t<\/div><\/div><\/div><div class=\"wpb_column vc_column_container vc_col-sm-4 vc_col-xs-2 vc_hidden-xs wd-rs-681b530d97b10\"><div class=\"vc_column-inner vc_custom_1746621202976\"><div class=\"wpb_wrapper\">\t\t<div id=\"wd-6872b4dd12d34\" class=\"wd-image wd-wpb wd-rs-6872b4dd12d34 text-right vc_custom_1752347882841\">\n\t\t\t\t\t\t\t<a href=\"\/en\/laserove-odstraneni-drobnych-zilek\/\" >\n\t\t\t\n\t\t\t<img decoding=\"async\"  src=\"https:\/\/www.medicalinstitut.cz\/wp-content\/uploads\/2025\/04\/sipka-modra.svg\" title=\"sipka-blue\" loading=\"lazy\" width=\"55\" height=\"16\">\n\t\t\t\t\t\t\t<\/a>\n\t\t\t\t\t<\/div>\n\t\t<\/div><\/div><\/div><\/div><div class=\"vc_row wpb_row vc_inner vc_row-fluid vc_custom_1746626608314 vc_row-has-fill vc_row-o-content-middle vc_row-flex wd-rs-681b682c86f10\"><div class=\"wpb_column vc_column_container vc_col-sm-8 wd-rs-681b531560900\"><div class=\"vc_column-inner vc_custom_1746621212580\"><div class=\"wpb_wrapper\">\t\t<div id=\"wd-681b6b067ff2b\" class=\"wd-text-block wd-wpb reset-last-child wd-rs-681b6b067ff2b text-left wd-font-weight-500 color-primary wd-fontsize-custom vc_custom_1746627336799\">\n\t\t\t<p>Laser hair removal<\/p>\n\t\t<\/div>\n\t\t<\/div><\/div><\/div><div class=\"wpb_column vc_column_container vc_col-sm-4 vc_col-xs-2 vc_hidden-xs wd-rs-681b530d97b10\"><div class=\"vc_column-inner vc_custom_1746621202976\"><div class=\"wpb_wrapper\">\t\t<div id=\"wd-6872b4ef25c1c\" class=\"wd-image wd-wpb wd-rs-6872b4ef25c1c text-right vc_custom_1752347903866\">\n\t\t\t\t\t\t\t<a href=\"\/en\/laserova-epilace\/\" >\n\t\t\t\n\t\t\t<img decoding=\"async\"  src=\"https:\/\/www.medicalinstitut.cz\/wp-content\/uploads\/2025\/04\/sipka-modra.svg\" title=\"sipka-blue\" loading=\"lazy\" width=\"55\" height=\"16\">\n\t\t\t\t\t\t\t<\/a>\n\t\t\t\t\t<\/div>\n\t\t<\/div><\/div><\/div><\/div><div class=\"vc_row wpb_row vc_inner vc_row-fluid vc_custom_1746626608314 vc_row-has-fill vc_row-o-content-middle vc_row-flex wd-rs-681b682c86f10\"><div class=\"wpb_column vc_column_container vc_col-sm-8 wd-rs-681b531560900\"><div class=\"vc_column-inner vc_custom_1746621212580\"><div class=\"wpb_wrapper\">\t\t<div id=\"wd-681b6adcd41a5\" class=\"wd-text-block wd-wpb reset-last-child wd-rs-681b6adcd41a5 text-left wd-font-weight-500 color-primary wd-fontsize-custom vc_custom_1746627295773\">\n\t\t\t<p>Plasmaliner<\/p>\n\t\t<\/div>\n\t\t<\/div><\/div><\/div><div class=\"wpb_column vc_column_container vc_col-sm-4 vc_col-xs-2 vc_hidden-xs wd-rs-681b530d97b10\"><div class=\"vc_column-inner vc_custom_1746621202976\"><div class=\"wpb_wrapper\">\t\t<div id=\"wd-6872b50342596\" class=\"wd-image wd-wpb wd-rs-6872b50342596 text-right vc_custom_1752347922352\">\n\t\t\t\t\t\t\t<a href=\"\/en\/plasmaliner\/\" >\n\t\t\t\n\t\t\t<img decoding=\"async\"  src=\"https:\/\/www.medicalinstitut.cz\/wp-content\/uploads\/2025\/04\/sipka-modra.svg\" title=\"sipka-blue\" loading=\"lazy\" width=\"55\" height=\"16\">\n\t\t\t\t\t\t\t<\/a>\n\t\t\t\t\t<\/div>\n\t\t<\/div><\/div><\/div><\/div><div class=\"vc_row wpb_row vc_inner vc_row-fluid vc_custom_1746626608314 vc_row-has-fill vc_row-o-content-middle vc_row-flex wd-rs-681b682c86f10\"><div class=\"wpb_column vc_column_container vc_col-sm-8 wd-rs-681b531560900\"><div class=\"vc_column-inner vc_custom_1746621212580\"><div class=\"wpb_wrapper\">\t\t<div id=\"wd-681b6af3f3737\" class=\"wd-text-block wd-wpb reset-last-child wd-rs-681b6af3f3737 text-left wd-font-weight-500 color-primary wd-fontsize-custom vc_custom_1746627319291\">\n\t\t\t<p>Laser removal of facial veins<\/p>\n\t\t<\/div>\n\t\t<\/div><\/div><\/div><div class=\"wpb_column vc_column_container vc_col-sm-4 vc_col-xs-2 vc_hidden-xs wd-rs-681b530d97b10\"><div class=\"vc_column-inner vc_custom_1746621202976\"><div class=\"wpb_wrapper\">\t\t<div id=\"wd-6872b517164bf\" class=\"wd-image wd-wpb wd-rs-6872b517164bf text-right vc_custom_1752347945654\">\n\t\t\t\t\t\t\t<a href=\"\/en\/laserove-odstraneni-zilek-v-obliceji\/\" >\n\t\t\t\n\t\t\t<img decoding=\"async\"  src=\"https:\/\/www.medicalinstitut.cz\/wp-content\/uploads\/2025\/04\/sipka-modra.svg\" title=\"sipka-blue\" loading=\"lazy\" width=\"55\" height=\"16\">\n\t\t\t\t\t\t\t<\/a>\n\t\t\t\t\t<\/div>\n\t\t<\/div><\/div><\/div><\/div><div class=\"vc_row wpb_row vc_inner vc_row-fluid vc_custom_1746626608314 vc_row-has-fill vc_row-o-content-middle vc_row-flex wd-rs-681b682c86f10\"><div class=\"wpb_column vc_column_container vc_col-sm-8 wd-rs-681b531560900\"><div class=\"vc_column-inner vc_custom_1746621212580\"><div class=\"wpb_wrapper\">\t\t<div id=\"wd-681b6b0e10f5b\" class=\"wd-text-block wd-wpb reset-last-child wd-rs-681b6b0e10f5b text-left wd-font-weight-500 color-primary wd-fontsize-custom vc_custom_1746627343370\">\n\t\t\t<p>Laser acne treatment<\/p>\n\t\t<\/div>\n\t\t<\/div><\/div><\/div><div class=\"wpb_column vc_column_container vc_col-sm-4 vc_col-xs-2 vc_hidden-xs wd-rs-681b530d97b10\"><div class=\"vc_column-inner vc_custom_1746621202976\"><div class=\"wpb_wrapper\">\t\t<div id=\"wd-6872b52cdd770\" class=\"wd-image wd-wpb wd-rs-6872b52cdd770 text-right vc_custom_1752347965305\">\n\t\t\t\t\t\t\t<a href=\"\/en\/laserove-osetreni-akne\/\" >\n\t\t\t\n\t\t\t<img decoding=\"async\"  src=\"https:\/\/www.medicalinstitut.cz\/wp-content\/uploads\/2025\/04\/sipka-modra.svg\" title=\"sipka-blue\" loading=\"lazy\" width=\"55\" height=\"16\">\n\t\t\t\t\t\t\t<\/a>\n\t\t\t\t\t<\/div>\n\t\t<\/div><\/div><\/div><\/div><div class=\"vc_row wpb_row vc_inner vc_row-fluid vc_custom_1746626608314 vc_row-has-fill vc_row-o-content-middle vc_row-flex wd-rs-681b682c86f10\"><div class=\"wpb_column vc_column_container vc_col-sm-8 wd-rs-681b531560900\"><div class=\"vc_column-inner vc_custom_1746621212580\"><div class=\"wpb_wrapper\">\t\t<div id=\"wd-681b6ae14276b\" class=\"wd-text-block wd-wpb reset-last-child wd-rs-681b6ae14276b text-left wd-font-weight-500 color-primary wd-fontsize-custom vc_custom_1746627300493\">\n\t\t\t<p>Facial rejuvenation with CO2 fractional laser<\/p>\n\t\t<\/div>\n\t\t<\/div><\/div><\/div><div class=\"wpb_column vc_column_container vc_col-sm-4 vc_col-xs-2 vc_hidden-xs wd-rs-681b530d97b10\"><div class=\"vc_column-inner vc_custom_1746621202976\"><div class=\"wpb_wrapper\">\t\t<div id=\"wd-6872b54146059\" class=\"wd-image wd-wpb wd-rs-6872b54146059 text-right vc_custom_1752347990189\">\n\t\t\t\t\t\t\t<a href=\"\/en\/omlazeni-obliceje-frakcnim-laserem-co2\/\" >\n\t\t\t\n\t\t\t<img decoding=\"async\"  src=\"https:\/\/www.medicalinstitut.cz\/wp-content\/uploads\/2025\/04\/sipka-modra.svg\" title=\"sipka-blue\" loading=\"lazy\" width=\"55\" height=\"16\">\n\t\t\t\t\t\t\t<\/a>\n\t\t\t\t\t<\/div>\n\t\t<\/div><\/div><\/div><\/div><div class=\"vc_row wpb_row vc_inner vc_row-fluid vc_custom_1746626608314 vc_row-has-fill vc_row-o-content-middle vc_row-flex wd-rs-681b682c86f10\"><div class=\"wpb_column vc_column_container vc_col-sm-8 wd-rs-681b531560900\"><div class=\"vc_column-inner vc_custom_1746621212580\"><div class=\"wpb_wrapper\">\t\t<div id=\"wd-681b6afa6a3b9\" class=\"wd-text-block wd-wpb reset-last-child wd-rs-681b6afa6a3b9 text-left wd-font-weight-500 color-primary wd-fontsize-custom vc_custom_1746627324973\">\n\t\t\t<p>Removal of pigmentation by fractional CO2 laser<\/p>\n\t\t<\/div>\n\t\t<\/div><\/div><\/div><div class=\"wpb_column vc_column_container vc_col-sm-4 vc_col-xs-2 vc_hidden-xs wd-rs-681b530d97b10\"><div class=\"vc_column-inner vc_custom_1746621202976\"><div class=\"wpb_wrapper\">\t\t<div id=\"wd-6872b55c61cf9\" class=\"wd-image wd-wpb wd-rs-6872b55c61cf9 text-right vc_custom_1752348008002\">\n\t\t\t\t\t\t\t<a href=\"\/en\/odstraneni-pigmentaci-frakcnim-laserem-co2\/\" >\n\t\t\t\n\t\t\t<img decoding=\"async\"  src=\"https:\/\/www.medicalinstitut.cz\/wp-content\/uploads\/2025\/04\/sipka-modra.svg\" title=\"sipka-blue\" loading=\"lazy\" width=\"55\" height=\"16\">\n\t\t\t\t\t\t\t<\/a>\n\t\t\t\t\t<\/div>\n\t\t<\/div><\/div><\/div><\/div><div class=\"vc_row wpb_row vc_inner vc_row-fluid vc_custom_1746626608314 vc_row-has-fill vc_row-o-content-middle vc_row-flex wd-rs-681b682c86f10\"><div class=\"wpb_column vc_column_container vc_col-sm-8 wd-rs-681b531560900\"><div class=\"vc_column-inner vc_custom_1746621212580\"><div class=\"wpb_wrapper\">\t\t<div id=\"wd-681b6b15c16e8\" class=\"wd-text-block wd-wpb reset-last-child wd-rs-681b6b15c16e8 text-left wd-font-weight-500 color-primary wd-fontsize-custom vc_custom_1746627351244\">\n\t\t\t<p>Fractional CO2 laser scar removal<\/p>\n\t\t<\/div>\n\t\t<\/div><\/div><\/div><div class=\"wpb_column vc_column_container vc_col-sm-4 vc_col-xs-2 vc_hidden-xs wd-rs-681b530d97b10\"><div class=\"vc_column-inner vc_custom_1746621202976\"><div class=\"wpb_wrapper\">\t\t<div id=\"wd-6872b56bdbf43\" class=\"wd-image wd-wpb wd-rs-6872b56bdbf43 text-right vc_custom_1752348023521\">\n\t\t\t\t\t\t\t<a href=\"\/en\/odstraneni-jizev-frakcnim-laserem-co2\/\" >\n\t\t\t\n\t\t\t<img decoding=\"async\"  src=\"https:\/\/www.medicalinstitut.cz\/wp-content\/uploads\/2025\/04\/sipka-modra.svg\" title=\"sipka-blue\" loading=\"lazy\" width=\"55\" height=\"16\">\n\t\t\t\t\t\t\t<\/a>\n\t\t\t\t\t<\/div>\n\t\t<\/div><\/div><\/div><\/div><div class=\"vc_row wpb_row vc_inner vc_row-fluid vc_custom_1746626608314 vc_row-has-fill vc_row-o-content-middle vc_row-flex wd-rs-681b682c86f10\"><div class=\"wpb_column vc_column_container vc_col-sm-8 wd-rs-681b531560900\"><div class=\"vc_column-inner vc_custom_1746621212580\"><div class=\"wpb_wrapper\">\t\t<div id=\"wd-688ca1db7634d\" class=\"wd-text-block wd-wpb reset-last-child wd-rs-688ca1db7634d text-left wd-font-weight-500 color-primary wd-fontsize-custom vc_custom_1754046943938\">\n\t\t\t<p>Rejuvenation and pigmentation removal with diode 808<\/p>\n\t\t<\/div>\n\t\t<\/div><\/div><\/div><div class=\"wpb_column vc_column_container vc_col-sm-4 vc_col-xs-2 vc_hidden-xs wd-rs-681b530d97b10\"><div class=\"vc_column-inner vc_custom_1746621202976\"><div class=\"wpb_wrapper\">\t\t<div id=\"wd-688ca1cfe7b60\" class=\"wd-image wd-wpb wd-rs-688ca1cfe7b60 text-right vc_custom_1754046931721\">\n\t\t\t\t\t\t\t<a href=\"\/en\/omlazeni-a-odstraneni-pigmentaci-s-diodou-808\/\" >\n\t\t\t\n\t\t\t<img decoding=\"async\"  src=\"https:\/\/www.medicalinstitut.cz\/wp-content\/uploads\/2025\/04\/sipka-modra.svg\" title=\"sipka-blue\" loading=\"lazy\" width=\"55\" height=\"16\">\n\t\t\t\t\t\t\t<\/a>\n\t\t\t\t\t<\/div>\n\t\t<\/div><\/div><\/div><\/div><\/div><\/div><\/div><\/div>\n<\/div>","protected":false},"excerpt":{"rendered":"Laserov\u00e1 o\u0161et\u0159en\u00ed Odstran\u011bn\u00ed tetov\u00e1n\u00ed Odstran\u011bn\u00ed znam\u00e9nek a v\u00fdr\u016fstk\u016f Laserov\u00e9 odstran\u011bn\u00ed drobn\u00fdch \u017eilek Laserov\u00e1 epilace Plasmaliner Laserov\u00e9 odstran\u011bn\u00ed \u017eilek v obli\u010deji","protected":false},"author":2,"featured_media":0,"parent":0,"menu_order":0,"comment_status":"closed","ping_status":"closed","template":"","meta":{"footnotes":""},"class_list":["post-9676","page","type-page","status-publish","hentry"],"yoast_head":"<!-- This site is optimized with the Yoast SEO plugin v25.3 - https:\/\/yoast.com\/wordpress\/plugins\/seo\/ -->\n<title>Laserov\u00e1 o\u0161et\u0159en\u00ed - Medical Institut<\/title>\n<meta name=\"robots\" content=\"index, follow, max-snippet:-1, max-image-preview:large, max-video-preview:-1\" \/>\n<link rel=\"canonical\" href=\"https:\/\/www.medicalinstitut.cz\/en\/laserova-osetreni\/\" \/>\n<meta property=\"og:locale\" content=\"en_GB\" \/>\n<meta property=\"og:type\" content=\"article\" \/>\n<meta property=\"og:title\" content=\"Laserov\u00e1 o\u0161et\u0159en\u00ed - Medical Institut\" \/>\n<meta property=\"og:url\" content=\"https:\/\/www.medicalinstitut.cz\/en\/laserova-osetreni\/\" \/>\n<meta property=\"og:site_name\" content=\"Medical Institut\" \/>\n<meta property=\"article:modified_time\" content=\"2026-03-19T07:56:49+00:00\" \/>\n<meta name=\"twitter:card\" content=\"summary_large_image\" \/>\n<meta name=\"twitter:label1\" content=\"Estimated reading time\" \/>\n\t<meta name=\"twitter:data1\" content=\"9 minutes\" \/>\n<script type=\"application\/ld+json\" class=\"yoast-schema-graph\">{\"@context\":\"https:\/\/schema.org\",\"@graph\":[{\"@type\":\"WebPage\",\"@id\":\"https:\/\/www.medicalinstitut.cz\/laserova-osetreni\/\",\"url\":\"https:\/\/www.medicalinstitut.cz\/laserova-osetreni\/\",\"name\":\"Laserov\u00e1 o\u0161et\u0159en\u00ed - Medical Institut\",\"isPartOf\":{\"@id\":\"https:\/\/www.medicalinstitut.cz\/#website\"},\"datePublished\":\"2025-05-07T14:15:56+00:00\",\"dateModified\":\"2026-03-19T07:56:49+00:00\",\"breadcrumb\":{\"@id\":\"https:\/\/www.medicalinstitut.cz\/laserova-osetreni\/#breadcrumb\"},\"inLanguage\":\"en-GB\",\"potentialAction\":[{\"@type\":\"ReadAction\",\"target\":[\"https:\/\/www.medicalinstitut.cz\/laserova-osetreni\/\"]}]},{\"@type\":\"BreadcrumbList\",\"@id\":\"https:\/\/www.medicalinstitut.cz\/laserova-osetreni\/#breadcrumb\",\"itemListElement\":[{\"@type\":\"ListItem\",\"position\":1,\"name\":\"Dom\u016f\",\"item\":\"https:\/\/www.medicalinstitut.cz\/\"},{\"@type\":\"ListItem\",\"position\":2,\"name\":\"Laserov\u00e1 o\u0161et\u0159en\u00ed\"}]},{\"@type\":\"WebSite\",\"@id\":\"https:\/\/www.medicalinstitut.cz\/#website\",\"url\":\"https:\/\/www.medicalinstitut.cz\/\",\"name\":\"Medical Institut\",\"description\":\"\",\"potentialAction\":[{\"@type\":\"SearchAction\",\"target\":{\"@type\":\"EntryPoint\",\"urlTemplate\":\"https:\/\/www.medicalinstitut.cz\/?s={search_term_string}\"},\"query-input\":{\"@type\":\"PropertyValueSpecification\",\"valueRequired\":true,\"valueName\":\"search_term_string\"}}],\"inLanguage\":\"en-GB\"}]}<\/script>\n<!-- \/ Yoast SEO plugin. -->","yoast_head_json":{"title":"Laserov\u00e1 o\u0161et\u0159en\u00ed - Medical Institut","robots":{"index":"index","follow":"follow","max-snippet":"max-snippet:-1","max-image-preview":"max-image-preview:large","max-video-preview":"max-video-preview:-1"},"canonical":"https:\/\/www.medicalinstitut.cz\/en\/laserova-osetreni\/","og_locale":"en_GB","og_type":"article","og_title":"Laserov\u00e1 o\u0161et\u0159en\u00ed - Medical Institut","og_url":"https:\/\/www.medicalinstitut.cz\/en\/laserova-osetreni\/","og_site_name":"Medical Institut","article_modified_time":"2026-03-19T07:56:49+00:00","twitter_card":"summary_large_image","twitter_misc":{"Estimated reading time":"9 minutes"},"schema":{"@context":"https:\/\/schema.org","@graph":[{"@type":"WebPage","@id":"https:\/\/www.medicalinstitut.cz\/laserova-osetreni\/","url":"https:\/\/www.medicalinstitut.cz\/laserova-osetreni\/","name":"Laserov\u00e1 o\u0161et\u0159en\u00ed - Medical Institut","isPartOf":{"@id":"https:\/\/www.medicalinstitut.cz\/#website"},"datePublished":"2025-05-07T14:15:56+00:00","dateModified":"2026-03-19T07:56:49+00:00","breadcrumb":{"@id":"https:\/\/www.medicalinstitut.cz\/laserova-osetreni\/#breadcrumb"},"inLanguage":"en-GB","potentialAction":[{"@type":"ReadAction","target":["https:\/\/www.medicalinstitut.cz\/laserova-osetreni\/"]}]},{"@type":"BreadcrumbList","@id":"https:\/\/www.medicalinstitut.cz\/laserova-osetreni\/#breadcrumb","itemListElement":[{"@type":"ListItem","position":1,"name":"Dom\u016f","item":"https:\/\/www.medicalinstitut.cz\/"},{"@type":"ListItem","position":2,"name":"Laserov\u00e1 o\u0161et\u0159en\u00ed"}]},{"@type":"WebSite","@id":"https:\/\/www.medicalinstitut.cz\/#website","url":"https:\/\/www.medicalinstitut.cz\/","name":"Medical Institute","description":"","potentialAction":[{"@type":"SearchAction","target":{"@type":"EntryPoint","urlTemplate":"https:\/\/www.medicalinstitut.cz\/?s={search_term_string}"},"query-input":{"@type":"PropertyValueSpecification","valueRequired":true,"valueName":"search_term_string"}}],"inLanguage":"en-GB"}]}},"_links":{"self":[{"href":"https:\/\/www.medicalinstitut.cz\/en\/wp-json\/wp\/v2\/pages\/9676","targetHints":{"allow":["GET"]}}],"collection":[{"href":"https:\/\/www.medicalinstitut.cz\/en\/wp-json\/wp\/v2\/pages"}],"about":[{"href":"https:\/\/www.medicalinstitut.cz\/en\/wp-json\/wp\/v2\/types\/page"}],"author":[{"embeddable":true,"href":"https:\/\/www.medicalinstitut.cz\/en\/wp-json\/wp\/v2\/users\/2"}],"replies":[{"embeddable":true,"href":"https:\/\/www.medicalinstitut.cz\/en\/wp-json\/wp\/v2\/comments?post=9676"}],"version-history":[{"count":0,"href":"https:\/\/www.medicalinstitut.cz\/en\/wp-json\/wp\/v2\/pages\/9676\/revisions"}],"wp:attachment":[{"href":"https:\/\/www.medicalinstitut.cz\/en\/wp-json\/wp\/v2\/media?parent=9676"}],"curies":[{"name":"wp","href":"https:\/\/api.w.org\/{rel}","templated":true}]}}