{"id":9666,"date":"2025-05-07T14:02:27","date_gmt":"2025-05-07T14:02:27","guid":{"rendered":"https:\/\/www.medicalinstitut.cz\/?page_id=9666"},"modified":"2025-08-04T14:59:30","modified_gmt":"2025-08-04T14:59:30","slug":"vlasy-oboci","status":"publish","type":"page","link":"https:\/\/www.medicalinstitut.cz\/en\/vlasy-oboci\/","title":{"rendered":"Hair &amp; Eyebrows"},"content":{"rendered":"<div class=\"wpb-content-wrapper\"><div class=\"vc_row wpb_row vc_row-fluid vc_custom_1754319568954 wd-rs-6890cacd1bc43\"><div class=\"wpb_column vc_column_container vc_col-sm-12\"><div class=\"vc_column-inner\"><div class=\"wpb_wrapper\">\n\t\t<div id=\"wd-681b680bd9cb3\" class=\"title-wrapper wd-wpb wd-set-mb reset-last-child  wd-rs-681b680bd9cb3 wd-title-color-default wd-title-style-default text-center  wd-underline-colored\">\n\t\t\t\n\t\t\t<div class=\"liner-continer\">\n\t\t\t\t<h2 class=\"woodmart-title-container title  wd-font-weight-400 wd-fontsize-l\" >Hair &amp; Eyebrows<\/h2>\n\t\t\t\t\t\t\t<\/div>\n\t\t\t\n\t\t\t\n\t\t\t\n\t\t<\/div>\n\t\t\n\t\t<div class=\"vc_row wpb_row vc_inner vc_row-fluid vc_custom_1746621444572 vc_row-has-fill vc_row-o-content-middle vc_row-flex wd-rs-681b53fda200b\"><div class=\"wpb_column vc_column_container vc_col-sm-8 wd-rs-681b531560900\"><div class=\"vc_column-inner vc_custom_1746621212580\"><div class=\"wpb_wrapper\">\t\t<div id=\"wd-681b681631269\" class=\"wd-text-block wd-wpb reset-last-child wd-rs-681b681631269 text-left wd-font-weight-500 color-primary wd-fontsize-custom vc_custom_1746626587229\">\n\t\t\t<p>Hair transplantation<\/p>\n\t\t<\/div>\n\t\t<\/div><\/div><\/div><div class=\"wpb_column vc_column_container vc_col-sm-4 vc_col-xs-2 vc_hidden-xs wd-rs-681b530d97b10\"><div class=\"vc_column-inner vc_custom_1746621202976\"><div class=\"wpb_wrapper\">\t\t<div id=\"wd-68729d8039707\" class=\"wd-image wd-wpb wd-rs-68729d8039707 text-right vc_custom_1752341894285\">\n\t\t\t\t\t\t\t<a href=\"\/en\/transplantace-vlasu\/\" >\n\t\t\t\n\t\t\t<img decoding=\"async\"  src=\"https:\/\/www.medicalinstitut.cz\/wp-content\/uploads\/2025\/04\/sipka-modra.svg\" title=\"sipka-blue\" loading=\"lazy\" width=\"55\" height=\"16\">\n\t\t\t\t\t\t\t<\/a>\n\t\t\t\t\t<\/div>\n\t\t<\/div><\/div><\/div><\/div><div class=\"vc_row wpb_row vc_inner vc_row-fluid vc_custom_1746626608314 vc_row-has-fill vc_row-o-content-middle vc_row-flex wd-rs-681b682c86f10\"><div class=\"wpb_column vc_column_container vc_col-sm-8 wd-rs-681b531560900\"><div class=\"vc_column-inner vc_custom_1746621212580\"><div class=\"wpb_wrapper\">\t\t<div id=\"wd-681b683e59b47\" class=\"wd-text-block wd-wpb reset-last-child wd-rs-681b683e59b47 text-left wd-font-weight-500 color-primary wd-fontsize-custom vc_custom_1746626624495\">\n\t\t\t<p>Permanent eyebrow make-up<\/p>\n\t\t<\/div>\n\t\t<\/div><\/div><\/div><div class=\"wpb_column vc_column_container vc_col-sm-4 vc_col-xs-2 vc_hidden-xs wd-rs-681b530d97b10\"><div class=\"vc_column-inner vc_custom_1746621202976\"><div class=\"wpb_wrapper\">\t\t<div id=\"wd-68729d98b532b\" class=\"wd-image wd-wpb wd-rs-68729d98b532b text-right vc_custom_1752341920857\">\n\t\t\t\t\t\t\t<a href=\"\/en\/permanentni-make-up\/\" >\n\t\t\t\n\t\t\t<img decoding=\"async\"  src=\"https:\/\/www.medicalinstitut.cz\/wp-content\/uploads\/2025\/04\/sipka-modra.svg\" title=\"sipka-blue\" loading=\"lazy\" width=\"55\" height=\"16\">\n\t\t\t\t\t\t\t<\/a>\n\t\t\t\t\t<\/div>\n\t\t<\/div><\/div><\/div><\/div><div class=\"vc_row wpb_row vc_inner vc_row-fluid vc_custom_1746626608314 vc_row-has-fill vc_row-o-content-middle vc_row-flex wd-rs-681b682c86f10\"><div class=\"wpb_column vc_column_container vc_col-sm-8 wd-rs-681b531560900\"><div class=\"vc_column-inner vc_custom_1746621212580\"><div class=\"wpb_wrapper\">\t\t<div id=\"wd-681b684dce3e1\" class=\"wd-text-block wd-wpb reset-last-child wd-rs-681b684dce3e1 text-left wd-font-weight-500 color-primary wd-fontsize-custom vc_custom_1746626639712\">\n\t\t\t<p>Hair fall - mesotherapy<\/p>\n\t\t<\/div>\n\t\t<\/div><\/div><\/div><div class=\"wpb_column vc_column_container vc_col-sm-4 vc_col-xs-2 vc_hidden-xs wd-rs-681b530d97b10\"><div class=\"vc_column-inner vc_custom_1746621202976\"><div class=\"wpb_wrapper\">\t\t<div id=\"wd-68729db5d396a\" class=\"wd-image wd-wpb wd-rs-68729db5d396a text-right vc_custom_1752341947215\">\n\t\t\t\t\t\t\t<a href=\"\/en\/vlasova-mezoterapie\/\" >\n\t\t\t\n\t\t\t<img decoding=\"async\"  src=\"https:\/\/www.medicalinstitut.cz\/wp-content\/uploads\/2025\/04\/sipka-modra.svg\" title=\"sipka-blue\" loading=\"lazy\" width=\"55\" height=\"16\">\n\t\t\t\t\t\t\t<\/a>\n\t\t\t\t\t<\/div>\n\t\t<\/div><\/div><\/div><\/div><div class=\"vc_row wpb_row vc_inner vc_row-fluid vc_custom_1746626608314 vc_row-has-fill vc_row-o-content-middle vc_row-flex wd-rs-681b682c86f10\"><div class=\"wpb_column vc_column_container vc_col-sm-8 wd-rs-681b531560900\"><div class=\"vc_column-inner vc_custom_1746621212580\"><div class=\"wpb_wrapper\">\t\t<div id=\"wd-681b6837b3fd1\" class=\"wd-text-block wd-wpb reset-last-child wd-rs-681b6837b3fd1 text-left wd-font-weight-500 color-primary wd-fontsize-custom vc_custom_1746626617592\">\n\t\t\t<p>Hair fall - plasma<\/p>\n\t\t<\/div>\n\t\t<\/div><\/div><\/div><div class=\"wpb_column vc_column_container vc_col-sm-4 vc_col-xs-2 vc_hidden-xs wd-rs-681b530d97b10\"><div class=\"vc_column-inner vc_custom_1746621202976\"><div class=\"wpb_wrapper\">\t\t<div id=\"wd-68729dcb43745\" class=\"wd-image wd-wpb wd-rs-68729dcb43745 text-right vc_custom_1752341969115\">\n\t\t\t\t\t\t\t<a href=\"\/en\/vlasova-plazmaterapie\/\" >\n\t\t\t\n\t\t\t<img decoding=\"async\"  src=\"https:\/\/www.medicalinstitut.cz\/wp-content\/uploads\/2025\/04\/sipka-modra.svg\" title=\"sipka-blue\" loading=\"lazy\" width=\"55\" height=\"16\">\n\t\t\t\t\t\t\t<\/a>\n\t\t\t\t\t<\/div>\n\t\t<\/div><\/div><\/div><\/div><div class=\"vc_row wpb_row vc_inner vc_row-fluid vc_custom_1746626608314 vc_row-has-fill vc_row-o-content-middle vc_row-flex wd-rs-681b682c86f10\"><div class=\"wpb_column vc_column_container vc_col-sm-8 wd-rs-681b531560900\"><div class=\"vc_column-inner vc_custom_1746621212580\"><div class=\"wpb_wrapper\">\t\t<div id=\"wd-681b684661481\" class=\"wd-text-block wd-wpb reset-last-child wd-rs-681b684661481 text-left wd-font-weight-500 color-primary wd-fontsize-custom vc_custom_1746626631938\">\n\t\t\t<p>Trichological consulting room<\/p>\n\t\t<\/div>\n\t\t<\/div><\/div><\/div><div class=\"wpb_column vc_column_container vc_col-sm-4 vc_col-xs-2 vc_hidden-xs wd-rs-681b530d97b10\"><div class=\"vc_column-inner vc_custom_1746621202976\"><div class=\"wpb_wrapper\">\t\t<div id=\"wd-68729de55de16\" class=\"wd-image wd-wpb wd-rs-68729de55de16 text-right vc_custom_1752341993822\">\n\t\t\t\t\t\t\t<a href=\"\/en\/trichologicka-poradna\/\" >\n\t\t\t\n\t\t\t<img decoding=\"async\"  src=\"https:\/\/www.medicalinstitut.cz\/wp-content\/uploads\/2025\/04\/sipka-modra.svg\" title=\"sipka-blue\" loading=\"lazy\" width=\"55\" height=\"16\">\n\t\t\t\t\t\t\t<\/a>\n\t\t\t\t\t<\/div>\n\t\t<\/div><\/div><\/div><\/div><div class=\"vc_row wpb_row vc_inner vc_row-fluid vc_custom_1746626608314 vc_row-has-fill vc_row-o-content-middle vc_row-flex wd-rs-681b682c86f10\"><div class=\"wpb_column vc_column_container vc_col-sm-8 wd-rs-681b531560900\"><div class=\"vc_column-inner vc_custom_1746621212580\"><div class=\"wpb_wrapper\">\t\t<div id=\"wd-688ca5ed70af9\" class=\"wd-text-block wd-wpb reset-last-child wd-rs-688ca5ed70af9 text-left wd-font-weight-500 color-primary wd-fontsize-custom vc_custom_1754047982896\">\n\t\t\t<p>Ozone therapy<\/p>\n\t\t<\/div>\n\t\t<\/div><\/div><\/div><div class=\"wpb_column vc_column_container vc_col-sm-4 vc_col-xs-2 vc_hidden-xs wd-rs-681b530d97b10\"><div class=\"vc_column-inner vc_custom_1746621202976\"><div class=\"wpb_wrapper\">\t\t<div id=\"wd-688ca5f21ff4f\" class=\"wd-image wd-wpb wd-rs-688ca5f21ff4f text-right vc_custom_1754047994653\">\n\t\t\t\t\t\t\t<a href=\"\/en\/ozonova-terapie\/\" >\n\t\t\t\n\t\t\t<img decoding=\"async\"  src=\"https:\/\/www.medicalinstitut.cz\/wp-content\/uploads\/2025\/04\/sipka-modra.svg\" title=\"sipka-blue\" loading=\"lazy\" width=\"55\" height=\"16\">\n\t\t\t\t\t\t\t<\/a>\n\t\t\t\t\t<\/div>\n\t\t<\/div><\/div><\/div><\/div><\/div><\/div><\/div><\/div>\n<\/div>","protected":false},"excerpt":{"rendered":"Vlasy &amp; obo\u010d\u00ed Transplantace vlas\u016f Permanentn\u00ed make-up obo\u010d\u00ed Pad\u00e1n\u00ed vlas\u016f \u2013 mezoterapie Pad\u00e1n\u00ed vlas\u016f \u2013 plasma Trichologick\u00e1 poradna Ozonov\u00e1 terapie","protected":false},"author":2,"featured_media":0,"parent":0,"menu_order":0,"comment_status":"closed","ping_status":"closed","template":"","meta":{"footnotes":""},"class_list":["post-9666","page","type-page","status-publish","hentry"],"yoast_head":"<!-- This site is optimized with the Yoast SEO plugin v25.3 - https:\/\/yoast.com\/wordpress\/plugins\/seo\/ -->\n<title>Vlasy &amp; obo\u010d\u00ed - Medical Institut<\/title>\n<meta name=\"robots\" content=\"index, follow, max-snippet:-1, max-image-preview:large, max-video-preview:-1\" \/>\n<link rel=\"canonical\" href=\"https:\/\/www.medicalinstitut.cz\/en\/vlasy-oboci\/\" \/>\n<meta property=\"og:locale\" content=\"en_GB\" \/>\n<meta property=\"og:type\" content=\"article\" \/>\n<meta property=\"og:title\" content=\"Vlasy &amp; obo\u010d\u00ed - Medical Institut\" \/>\n<meta property=\"og:url\" content=\"https:\/\/www.medicalinstitut.cz\/en\/vlasy-oboci\/\" \/>\n<meta property=\"og:site_name\" content=\"Medical Institut\" \/>\n<meta property=\"article:modified_time\" content=\"2025-08-04T14:59:30+00:00\" \/>\n<meta name=\"twitter:card\" content=\"summary_large_image\" \/>\n<meta name=\"twitter:label1\" content=\"Estimated reading time\" \/>\n\t<meta name=\"twitter:data1\" content=\"5 minutes\" \/>\n<script type=\"application\/ld+json\" class=\"yoast-schema-graph\">{\"@context\":\"https:\/\/schema.org\",\"@graph\":[{\"@type\":\"WebPage\",\"@id\":\"https:\/\/www.medicalinstitut.cz\/vlasy-oboci\/\",\"url\":\"https:\/\/www.medicalinstitut.cz\/vlasy-oboci\/\",\"name\":\"Vlasy & obo\u010d\u00ed - Medical Institut\",\"isPartOf\":{\"@id\":\"https:\/\/www.medicalinstitut.cz\/#website\"},\"datePublished\":\"2025-05-07T14:02:27+00:00\",\"dateModified\":\"2025-08-04T14:59:30+00:00\",\"breadcrumb\":{\"@id\":\"https:\/\/www.medicalinstitut.cz\/vlasy-oboci\/#breadcrumb\"},\"inLanguage\":\"en-GB\",\"potentialAction\":[{\"@type\":\"ReadAction\",\"target\":[\"https:\/\/www.medicalinstitut.cz\/vlasy-oboci\/\"]}]},{\"@type\":\"BreadcrumbList\",\"@id\":\"https:\/\/www.medicalinstitut.cz\/vlasy-oboci\/#breadcrumb\",\"itemListElement\":[{\"@type\":\"ListItem\",\"position\":1,\"name\":\"Dom\u016f\",\"item\":\"https:\/\/www.medicalinstitut.cz\/\"},{\"@type\":\"ListItem\",\"position\":2,\"name\":\"Vlasy &#038; obo\u010d\u00ed\"}]},{\"@type\":\"WebSite\",\"@id\":\"https:\/\/www.medicalinstitut.cz\/#website\",\"url\":\"https:\/\/www.medicalinstitut.cz\/\",\"name\":\"Medical Institut\",\"description\":\"\",\"potentialAction\":[{\"@type\":\"SearchAction\",\"target\":{\"@type\":\"EntryPoint\",\"urlTemplate\":\"https:\/\/www.medicalinstitut.cz\/?s={search_term_string}\"},\"query-input\":{\"@type\":\"PropertyValueSpecification\",\"valueRequired\":true,\"valueName\":\"search_term_string\"}}],\"inLanguage\":\"en-GB\"}]}<\/script>\n<!-- \/ Yoast SEO plugin. -->","yoast_head_json":{"title":"Vlasy & obo\u010d\u00ed - Medical Institut","robots":{"index":"index","follow":"follow","max-snippet":"max-snippet:-1","max-image-preview":"max-image-preview:large","max-video-preview":"max-video-preview:-1"},"canonical":"https:\/\/www.medicalinstitut.cz\/en\/vlasy-oboci\/","og_locale":"en_GB","og_type":"article","og_title":"Vlasy & obo\u010d\u00ed - Medical Institut","og_url":"https:\/\/www.medicalinstitut.cz\/en\/vlasy-oboci\/","og_site_name":"Medical Institut","article_modified_time":"2025-08-04T14:59:30+00:00","twitter_card":"summary_large_image","twitter_misc":{"Estimated reading time":"5 minutes"},"schema":{"@context":"https:\/\/schema.org","@graph":[{"@type":"WebPage","@id":"https:\/\/www.medicalinstitut.cz\/vlasy-oboci\/","url":"https:\/\/www.medicalinstitut.cz\/vlasy-oboci\/","name":"Vlasy & obo\u010d\u00ed - Medical Institut","isPartOf":{"@id":"https:\/\/www.medicalinstitut.cz\/#website"},"datePublished":"2025-05-07T14:02:27+00:00","dateModified":"2025-08-04T14:59:30+00:00","breadcrumb":{"@id":"https:\/\/www.medicalinstitut.cz\/vlasy-oboci\/#breadcrumb"},"inLanguage":"en-GB","potentialAction":[{"@type":"ReadAction","target":["https:\/\/www.medicalinstitut.cz\/vlasy-oboci\/"]}]},{"@type":"BreadcrumbList","@id":"https:\/\/www.medicalinstitut.cz\/vlasy-oboci\/#breadcrumb","itemListElement":[{"@type":"ListItem","position":1,"name":"Dom\u016f","item":"https:\/\/www.medicalinstitut.cz\/"},{"@type":"ListItem","position":2,"name":"Vlasy &#038; obo\u010d\u00ed"}]},{"@type":"WebSite","@id":"https:\/\/www.medicalinstitut.cz\/#website","url":"https:\/\/www.medicalinstitut.cz\/","name":"Medical Institute","description":"","potentialAction":[{"@type":"SearchAction","target":{"@type":"EntryPoint","urlTemplate":"https:\/\/www.medicalinstitut.cz\/?s={search_term_string}"},"query-input":{"@type":"PropertyValueSpecification","valueRequired":true,"valueName":"search_term_string"}}],"inLanguage":"en-GB"}]}},"_links":{"self":[{"href":"https:\/\/www.medicalinstitut.cz\/en\/wp-json\/wp\/v2\/pages\/9666","targetHints":{"allow":["GET"]}}],"collection":[{"href":"https:\/\/www.medicalinstitut.cz\/en\/wp-json\/wp\/v2\/pages"}],"about":[{"href":"https:\/\/www.medicalinstitut.cz\/en\/wp-json\/wp\/v2\/types\/page"}],"author":[{"embeddable":true,"href":"https:\/\/www.medicalinstitut.cz\/en\/wp-json\/wp\/v2\/users\/2"}],"replies":[{"embeddable":true,"href":"https:\/\/www.medicalinstitut.cz\/en\/wp-json\/wp\/v2\/comments?post=9666"}],"version-history":[{"count":0,"href":"https:\/\/www.medicalinstitut.cz\/en\/wp-json\/wp\/v2\/pages\/9666\/revisions"}],"wp:attachment":[{"href":"https:\/\/www.medicalinstitut.cz\/en\/wp-json\/wp\/v2\/media?parent=9666"}],"curies":[{"name":"wp","href":"https:\/\/api.w.org\/{rel}","templated":true}]}}