{"id":9615,"date":"2025-04-24T12:28:19","date_gmt":"2025-04-24T12:28:19","guid":{"rendered":"https:\/\/www.medicalinstitut.cz\/?page_id=9615"},"modified":"2025-08-05T13:09:09","modified_gmt":"2025-08-05T13:09:09","slug":"kontakt","status":"publish","type":"page","link":"https:\/\/www.medicalinstitut.cz\/en\/kontakt\/","title":{"rendered":"Contact"},"content":{"rendered":"<div class=\"wpb-content-wrapper\"><div class=\"vc_row wpb_row vc_row-fluid vc_custom_1754317014813 wd-rs-6890c0d047a22\"><div class=\"wpb_column vc_column_container vc_col-sm-12\"><div class=\"vc_column-inner\"><div class=\"wpb_wrapper\">\n\t\t<div id=\"wd-6808e4c2835b9\" class=\"title-wrapper wd-wpb wd-set-mb reset-last-child  wd-rs-6808e4c2835b9 wd-title-color-default wd-title-style-default text-center  wd-underline-colored\">\n\t\t\t\n\t\t\t<div class=\"liner-continer\">\n\t\t\t\t<h2 class=\"woodmart-title-container title  wd-font-weight-400 wd-fontsize-l\" >Contact<\/h2>\n\t\t\t\t\t\t\t<\/div>\n\t\t\t\n\t\t\t\n\t\t\t\n\t\t<\/div>\n\t\t\n\t\t<\/div><\/div><\/div><\/div><div class=\"vc_row wpb_row vc_row-fluid vc_custom_1754317028238 vc_row-has-fill vc_row-o-content-middle vc_row-flex wd-rs-6890c0df2a5e3\"><div class=\"wpb_column vc_column_container vc_col-sm-4 wd-rs-6808e64e7af93\"><div class=\"vc_column-inner vc_custom_1745413712448\"><div class=\"wpb_wrapper\">\t\t<div id=\"wd-6890c08c5774a\" class=\"wd-text-block wd-wpb reset-last-child wd-rs-6890c08c5774a text-center color-alt wd-fontsize-custom vc_custom_1754316948807\">\n\t\t\t<p>Call us<\/p>\n\t\t<\/div>\n\t\t\t\t<div id=\"wd-6808e6168e7be\" class=\"wd-text-block wd-wpb reset-last-child wd-rs-6808e6168e7be text-center wd-font-weight-400 color-primary wd-fontsize-custom vc_custom_1745413656988\">\n\t\t\t<p><a style=\"color: #17386c;\" href=\"tel:+420775123528\">+420 775 123 528<\/a><\/p>\n\t\t<\/div>\n\t\t<\/div><\/div><\/div><div class=\"wpb_column vc_column_container vc_col-sm-4 vc_col-has-fill wd-rs-6890c0b95c6fb\"><div class=\"vc_column-inner vc_custom_1754316995694\"><div class=\"wpb_wrapper\">\t\t<div id=\"wd-6890c0975cdd5\" class=\"wd-text-block wd-wpb reset-last-child wd-rs-6890c0975cdd5 text-center color-alt wd-fontsize-custom vc_custom_1754316957752\">\n\t\t\t<p>Write to us<\/p>\n\t\t<\/div>\n\t\t\t\t<div id=\"wd-6808e6127eb00\" class=\"wd-text-block wd-wpb reset-last-child wd-rs-6808e6127eb00 text-center wd-font-weight-400 color-primary wd-fontsize-custom vc_custom_1745413652995\">\n\t\t\t<p><a style=\"color: #17386c;\" href=\"mailto:info@medicalinstitut.cz\">info@medicalinstitut.cz<\/a><\/p>\n\t\t<\/div>\n\t\t<\/div><\/div><\/div><div class=\"wpb_column vc_column_container vc_col-sm-4 wd-rs-6808e64107a36\"><div class=\"vc_column-inner vc_custom_1745413704242\"><div class=\"wpb_wrapper\">\t\t<div id=\"wd-6890c09fb37c6\" class=\"wd-text-block wd-wpb reset-last-child wd-rs-6890c09fb37c6 text-center color-alt wd-fontsize-custom vc_custom_1754316964352\">\n\t\t\t<p>Visit us<\/p>\n\t\t<\/div>\n\t\t\t\t<div id=\"wd-6808e60d901b7\" class=\"wd-text-block wd-wpb reset-last-child wd-rs-6808e60d901b7 text-center wd-font-weight-400 color-primary wd-fontsize-custom vc_custom_1745413648979\">\n\t\t\t<p>Bezru\u010dova 143\/16, Plzen<\/p>\n\t\t<\/div>\n\t\t<\/div><\/div><\/div><\/div><div class=\"vc_row wpb_row vc_row-fluid vc_custom_1745413999546 wd-rs-6808e76c2b806\"><div class=\"wpb_column vc_column_container vc_col-sm-6 wd-rs-6890c17f78f9e\"><div class=\"vc_column-inner\"><div class=\"wpb_wrapper\">\t\t<div id=\"wd-6890c14232692\" class=\"wd-text-block wd-wpb reset-last-child wd-rs-6890c14232692 text-left color-primary wd-fontsize-custom vc_custom_1754317130261\">\n\t\t\t<p>Opening hours<\/p>\n\t\t<\/div>\n\t\t\t\t<div id=\"wd-6890c1560a204\" class=\"wd-text-block wd-wpb reset-last-child wd-rs-6890c1560a204 text-left wd-fontsize-custom vc_custom_1754317145743\">\n\t\t\t<p>Mon-Fri: 8-21<br \/>\nSat: 8-16<\/p>\n\t\t<\/div>\n\t\t\t\t<div id=\"wd-689202386f961\" class=\"wd-text-block wd-wpb reset-last-child wd-rs-689202386f961 text-left color-primary wd-fontsize-custom vc_custom_1754399295374\">\n\t\t\t<p>When you have problems with your e-shop purchases<\/p>\n\t\t<\/div>\n\t\t\t\t<div id=\"wd-68920241a259c\" class=\"wd-text-block wd-wpb reset-last-child wd-rs-68920241a259c text-left wd-fontsize-custom vc_custom_1754399306825\">\n\t\t\t<p><a style=\"color: #1e1e1e;\" href=\"mailto:info@medicalinstitut.cz\">info@medicalinstitut.cz<\/a><\/p>\n\t\t<\/div>\n\t\t\t\t<div id=\"wd-6892024c986f9\" class=\"wd-text-block wd-wpb reset-last-child wd-rs-6892024c986f9 text-left color-primary wd-fontsize-custom vc_custom_1754399312263\">\n\t\t\t<p>Marketing Sales Department<\/p>\n\t\t<\/div>\n\t\t\t\t<div id=\"wd-68920256480ff\" class=\"wd-text-block wd-wpb reset-last-child wd-rs-68920256480ff text-left wd-fontsize-custom vc_custom_1754399330085\">\n\t\t\t<p><a style=\"color: #1e1e1e;\" href=\"mailto:info@medicalinstitut.cz\">info@medicalinstitut.cz<\/a><\/p>\n\t\t<\/div>\n\t\t\t\t<div id=\"wd-6890c133452e4\" class=\"wd-text-block wd-wpb reset-last-child wd-rs-6890c133452e4 text-left color-primary wd-fontsize-custom vc_custom_1754317113021\">\n\t\t\t<p>Suggestions and complaints<\/p>\n\t\t<\/div>\n\t\t\t\t<div id=\"wd-6892026bdcca6\" class=\"wd-text-block wd-wpb reset-last-child wd-rs-6892026bdcca6 text-left wd-fontsize-custom vc_custom_1754399347483\">\n\t\t\t<p><a style=\"color: #1e1e1e;\" href=\"mailto:veronika@medicalinstitut.cz\">veronika@medicalinstitut.cz<\/a><\/p>\n\t\t<\/div>\n\t\t<div class=\"vc_row wpb_row vc_inner vc_row-fluid vc_custom_1754317214560 wd-rs-6890c19742995\"><div class=\"wpb_column vc_column_container vc_col-sm-6\"><div class=\"vc_column-inner\"><div class=\"wpb_wrapper\">\n\t\t<ul class=\"wd-rs-6890c9e592d21 wd-list wd-wpb color-scheme- wd-fontsize-xs wd-type-icon wd-style-default text-left\" id=\"wd-6890c9e592d21\">\n\t\t\t\t\t\t\t\t\t\t\t<li>\n\t\t\t\t\t<span class=\"wd-icon list-icon fa fa-brands fa-accessible-icon\"><img loading=\"lazy\" decoding=\"async\" width=\"32\" height=\"32\" src=\"https:\/\/www.medicalinstitut.cz\/wp-content\/uploads\/2025\/04\/wa-32x32.png\" class=\"attachment-32x32 size-32x32\" alt=\"\" \/><\/span>\n\t\t\t\t\t<span class=\"wd-list-content list-content\"><a href=\"https:\/\/wa.me\/420775123528\" target=\"_blank\"<span style=\"text-decoration-line: underline; text-decoration-style: solid; text-decoration-skip-ink: auto; text-decoration-thickness: auto; text-underline-offset: auto; text-underline-position: from-font;\">WhatsApp chat<\/span><\/a><\/span>\n\t\t\t\t\t\t\t\t\t<\/li>\n\t\t\t\t\t<\/ul>\n\t\t<\/div><\/div><\/div><div class=\"wpb_column vc_column_container vc_col-sm-6\"><div class=\"vc_column-inner\"><div class=\"wpb_wrapper\">\n\t\t<ul class=\"wd-rs-6890ca5f71a36 wd-list wd-wpb color-scheme- wd-fontsize-xs wd-type-icon wd-style-default text-left\" id=\"wd-6890ca5f71a36\">\n\t\t\t\t\t\t\t\t\t\t\t<li>\n\t\t\t\t\t<span class=\"wd-icon list-icon fa fa-brands fa-accessible-icon\"><img decoding=\"async\"  src=\"https:\/\/www.medicalinstitut.cz\/wp-content\/uploads\/2025\/04\/mesenger.svg\" title=\"messenger\" loading=\"lazy\" width=\"32\" height=\"32\"><\/span>\n\t\t\t\t\t<span class=\"wd-list-content list-content\"><a href=\"https:\/\/m.me\/medicalinstitutplzen\" target=\"_blank\"<span style=\"text-decoration-line: underline; text-decoration-style: solid; text-decoration-skip-ink: auto; text-decoration-thickness: auto; text-underline-offset: auto; text-underline-position: from-font;\">Messenger<\/span><\/a><\/span>\n\t\t\t\t\t\t\t\t\t<\/li>\n\t\t\t\t\t<\/ul>\n\t\t<\/div><\/div><\/div><\/div><\/div><\/div><\/div><div class=\"wpb_column vc_column_container vc_col-sm-6 vc_col-has-fill wd-rs-6890c5ea3480a\"><div class=\"vc_column-inner vc_custom_1754318327330\"><div class=\"wpb_wrapper\"><div class=\"wpforms-container wpforms-container-full wpforms-render-modern\" id=\"wpforms-9607\"><form id=\"wpforms-form-9607\" class=\"wpforms-validate wpforms-form wpforms-ajax-form\" data-formid=\"9607\" method=\"post\" enctype=\"multipart\/form-data\" action=\"\/en\/wp-json\/wp\/v2\/pages\/9615\" data-token=\"c6ec75a0e82dd6b6b31b9051f2256adc\" data-trp-original-action=\"\/en\/wp-json\/wp\/v2\/pages\/9615\"><noscript class=\"wpforms-error-noscript\">Please enable JavaScript in your browser to complete this form.<\/noscript><div class=\"wpforms-hidden\" id=\"wpforms-error-noscript\">Please enable JavaScript in your browser to complete this form.<\/div><div class=\"wpforms-field-container\"><div id=\"wpforms-9607-field_3-container\" class=\"wpforms-field wpforms-field-text\" data-field-id=\"3\"><label class=\"wpforms-field-label\" for=\"wpforms-9607-field_3\">Your name <span class=\"wpforms-required-label\" aria-hidden=\"true\">*<\/span><\/label><input type=\"text\" id=\"wpforms-9607-field_3\" class=\"wpforms-field-large wpforms-field-required\" name=\"wpforms[fields][3]\" aria-errormessage=\"wpforms-9607-field_3-error\" required><\/div><div id=\"wpforms-9607-field_1-container\" class=\"wpforms-field wpforms-field-email\" data-field-id=\"1\"><label class=\"wpforms-field-label\" for=\"wpforms-9607-field_1\">E-mail <span class=\"wpforms-required-label\" aria-hidden=\"true\">*<\/span><\/label><input type=\"email\" id=\"wpforms-9607-field_1\" class=\"wpforms-field-large wpforms-field-required\" name=\"wpforms[fields][1]\" spellcheck=\"false\" aria-errormessage=\"wpforms-9607-field_1-error\" required><\/div><div id=\"wpforms-9607-field_4-container\" class=\"wpforms-field wpforms-field-phone\" data-field-id=\"4\"><label class=\"wpforms-field-label\" for=\"wpforms-9607-field_4\">Phone <span class=\"wpforms-required-label\" aria-hidden=\"true\">*<\/span><\/label><input type=\"tel\" id=\"wpforms-9607-field_4\" class=\"wpforms-field-large wpforms-field-required\" data-rule-int-phone-field=\"true\" name=\"wpforms[fields][4]\" aria-errormessage=\"wpforms-9607-field_4-error\" required><\/div><div id=\"wpforms-9607-field_2-container\" class=\"wpforms-field wpforms-field-textarea\" data-field-id=\"2\"><label class=\"wpforms-field-label\" for=\"wpforms-9607-field_2\">Report <span class=\"wpforms-required-label\" aria-hidden=\"true\">*<\/span><\/label><textarea id=\"wpforms-9607-field_2\" class=\"wpforms-field-small wpforms-field-required\" name=\"wpforms[fields][2]\" aria-errormessage=\"wpforms-9607-field_2-error\" required><\/textarea><\/div><\/div><!-- .wpforms-field-container --><div class=\"wpforms-recaptcha-container wpforms-is-hcaptcha\" ><div class=\"g-recaptcha\" data-sitekey=\"d65ef382-a86c-405e-a2d6-30e6098eddaa\"><\/div><input type=\"text\" name=\"g-recaptcha-hidden\" class=\"wpforms-recaptcha-hidden\" style=\"position:absolute!important;clip:rect(0,0,0,0)!important;height:1px!important;width:1px!important;border:0!important;overflow:hidden!important;padding:0!important;margin:0!important;\" data-rule-hcaptcha=\"1\"><\/div><div class=\"wpforms-submit-container\" ><input type=\"hidden\" name=\"wpforms[id]\" value=\"9607\"><input type=\"hidden\" name=\"wpforms[author]\" value=\"2\"><button type=\"submit\" name=\"wpforms[submit]\" id=\"wpforms-submit-9607\" class=\"wpforms-submit\" data-alt-text=\"Odes\u00edl\u00e1ni...\" data-submit-text=\"ODESLAT FORMUL\u00c1\u0158\" aria-live=\"assertive\" value=\"wpforms-submit\">SEND FORM<\/button><img loading=\"lazy\" decoding=\"async\" src=\"https:\/\/www.medicalinstitut.cz\/wp-content\/plugins\/wpforms\/assets\/images\/submit-spin.svg\" class=\"wpforms-submit-spinner\" style=\"display: none;\" width=\"26\" height=\"26\" alt=\"Loading\"><\/div><input type=\"hidden\" name=\"trp-form-language\" value=\"en\"\/><\/form><\/div>  <!-- .wpforms-container --><\/div><\/div><\/div><\/div><div class=\"vc_row wpb_row vc_row-fluid vc_custom_1754318348936 vc_row-o-content-middle vc_row-flex wd-rs-6890c6069efe7\"><div class=\"wpb_column vc_column_container vc_col-sm-6\"><div class=\"vc_column-inner\"><div class=\"wpb_wrapper\">\t\t<div id=\"wd-680a3546040d5\" class=\"wd-image wd-wpb wd-rs-680a3546040d5 text-left\">\n\t\t\t\n\t\t\t<img loading=\"lazy\" decoding=\"async\" width=\"580\" height=\"540\" src=\"https:\/\/www.medicalinstitut.cz\/wp-content\/uploads\/2025\/04\/kancelar.jpg\" class=\"attachment-full size-full\" alt=\"\" srcset=\"https:\/\/www.medicalinstitut.cz\/wp-content\/uploads\/2025\/04\/kancelar.jpg 580w, https:\/\/www.medicalinstitut.cz\/wp-content\/uploads\/2025\/04\/kancelar-322x300.jpg 322w, https:\/\/www.medicalinstitut.cz\/wp-content\/uploads\/2025\/04\/kancelar-430x400.jpg 430w, https:\/\/www.medicalinstitut.cz\/wp-content\/uploads\/2025\/04\/kancelar-150x140.jpg 150w\" sizes=\"auto, (max-width: 580px) 100vw, 580px\" \/>\n\t\t\t\t\t<\/div>\n\t\t<\/div><\/div><\/div><div class=\"wpb_column vc_column_container vc_col-sm-6 wd-rs-6890c6248f8b9\"><div class=\"vc_column-inner vc_custom_1754318385205\"><div class=\"wpb_wrapper\">\t\t<div id=\"wd-6890c61172fe4\" class=\"wd-text-block wd-wpb reset-last-child wd-rs-6890c61172fe4 text-left color-primary wd-fontsize-custom font-primary vc_custom_1754318365896\">\n\t\t\t<p>Where do you park?<\/p>\n\t\t<\/div>\n\t\t\t\t<div id=\"wd-6890c65d0cbe0\" class=\"wd-text-block wd-wpb reset-last-child wd-rs-6890c65d0cbe0 text-left wd-font-weight-400 wd-fontsize-custom font-alt vc_custom_1754318433939\">\n\t\t\t<p><strong>Parking house Rycht\u00e1\u0159ka,<\/strong>\u00a0Truhl\u00e1\u0159sk\u00e1 5, Plzen (12 minutes)<br \/>\n<strong>Parking lot in the Thirty-Fifth Century Gardens<\/strong> (7 minutes)<br \/>\n<strong>Parking in Kopeck\u00fd sady<\/strong> (3 minutes)<\/p>\n\t\t<\/div>\n\t\t<\/div><\/div><\/div><\/div>\n<\/div>","protected":false},"excerpt":{"rendered":"Kontakt Zavolejte n\u00e1m +420 775 123 528 Napi\u0161te n\u00e1m info@medicalinstitut.cz Nav\u0161tivte n\u00e1s Bezru\u010dova 143\/16, Plze\u0148 Otev\u00edrac\u00ed doba Po\u2013P\u00e1: 8\u201321 So:","protected":false},"author":2,"featured_media":0,"parent":0,"menu_order":0,"comment_status":"closed","ping_status":"closed","template":"","meta":{"footnotes":""},"class_list":["post-9615","page","type-page","status-publish","hentry"],"yoast_head":"<!-- This site is optimized with the Yoast SEO plugin v25.3 - https:\/\/yoast.com\/wordpress\/plugins\/seo\/ -->\n<title>Kontakt - Medical Institut<\/title>\n<meta name=\"robots\" content=\"index, follow, max-snippet:-1, max-image-preview:large, max-video-preview:-1\" \/>\n<link rel=\"canonical\" href=\"https:\/\/www.medicalinstitut.cz\/en\/kontakt\/\" \/>\n<meta property=\"og:locale\" content=\"en_GB\" \/>\n<meta property=\"og:type\" content=\"article\" \/>\n<meta property=\"og:title\" content=\"Kontakt - Medical Institut\" \/>\n<meta property=\"og:url\" content=\"https:\/\/www.medicalinstitut.cz\/en\/kontakt\/\" \/>\n<meta property=\"og:site_name\" content=\"Medical Institut\" \/>\n<meta property=\"article:modified_time\" content=\"2025-08-05T13:09:09+00:00\" \/>\n<meta name=\"twitter:card\" content=\"summary_large_image\" \/>\n<meta name=\"twitter:label1\" content=\"Estimated reading time\" \/>\n\t<meta name=\"twitter:data1\" content=\"4 minutes\" \/>\n<script type=\"application\/ld+json\" class=\"yoast-schema-graph\">{\"@context\":\"https:\/\/schema.org\",\"@graph\":[{\"@type\":\"WebPage\",\"@id\":\"https:\/\/www.medicalinstitut.cz\/kontakt\/\",\"url\":\"https:\/\/www.medicalinstitut.cz\/kontakt\/\",\"name\":\"Kontakt - Medical Institut\",\"isPartOf\":{\"@id\":\"https:\/\/www.medicalinstitut.cz\/#website\"},\"datePublished\":\"2025-04-24T12:28:19+00:00\",\"dateModified\":\"2025-08-05T13:09:09+00:00\",\"breadcrumb\":{\"@id\":\"https:\/\/www.medicalinstitut.cz\/kontakt\/#breadcrumb\"},\"inLanguage\":\"en-GB\",\"potentialAction\":[{\"@type\":\"ReadAction\",\"target\":[\"https:\/\/www.medicalinstitut.cz\/kontakt\/\"]}]},{\"@type\":\"BreadcrumbList\",\"@id\":\"https:\/\/www.medicalinstitut.cz\/kontakt\/#breadcrumb\",\"itemListElement\":[{\"@type\":\"ListItem\",\"position\":1,\"name\":\"Dom\u016f\",\"item\":\"https:\/\/www.medicalinstitut.cz\/\"},{\"@type\":\"ListItem\",\"position\":2,\"name\":\"Kontakt\"}]},{\"@type\":\"WebSite\",\"@id\":\"https:\/\/www.medicalinstitut.cz\/#website\",\"url\":\"https:\/\/www.medicalinstitut.cz\/\",\"name\":\"Medical Institut\",\"description\":\"\",\"potentialAction\":[{\"@type\":\"SearchAction\",\"target\":{\"@type\":\"EntryPoint\",\"urlTemplate\":\"https:\/\/www.medicalinstitut.cz\/?s={search_term_string}\"},\"query-input\":{\"@type\":\"PropertyValueSpecification\",\"valueRequired\":true,\"valueName\":\"search_term_string\"}}],\"inLanguage\":\"en-GB\"}]}<\/script>\n<!-- \/ Yoast SEO plugin. -->","yoast_head_json":{"title":"Kontakt - Medical Institut","robots":{"index":"index","follow":"follow","max-snippet":"max-snippet:-1","max-image-preview":"max-image-preview:large","max-video-preview":"max-video-preview:-1"},"canonical":"https:\/\/www.medicalinstitut.cz\/en\/kontakt\/","og_locale":"en_GB","og_type":"article","og_title":"Kontakt - Medical Institut","og_url":"https:\/\/www.medicalinstitut.cz\/en\/kontakt\/","og_site_name":"Medical Institut","article_modified_time":"2025-08-05T13:09:09+00:00","twitter_card":"summary_large_image","twitter_misc":{"Estimated reading time":"4 minutes"},"schema":{"@context":"https:\/\/schema.org","@graph":[{"@type":"WebPage","@id":"https:\/\/www.medicalinstitut.cz\/kontakt\/","url":"https:\/\/www.medicalinstitut.cz\/kontakt\/","name":"Kontakt - Medical Institut","isPartOf":{"@id":"https:\/\/www.medicalinstitut.cz\/#website"},"datePublished":"2025-04-24T12:28:19+00:00","dateModified":"2025-08-05T13:09:09+00:00","breadcrumb":{"@id":"https:\/\/www.medicalinstitut.cz\/kontakt\/#breadcrumb"},"inLanguage":"en-GB","potentialAction":[{"@type":"ReadAction","target":["https:\/\/www.medicalinstitut.cz\/kontakt\/"]}]},{"@type":"BreadcrumbList","@id":"https:\/\/www.medicalinstitut.cz\/kontakt\/#breadcrumb","itemListElement":[{"@type":"ListItem","position":1,"name":"Dom\u016f","item":"https:\/\/www.medicalinstitut.cz\/"},{"@type":"ListItem","position":2,"name":"Kontakt"}]},{"@type":"WebSite","@id":"https:\/\/www.medicalinstitut.cz\/#website","url":"https:\/\/www.medicalinstitut.cz\/","name":"Medical Institute","description":"","potentialAction":[{"@type":"SearchAction","target":{"@type":"EntryPoint","urlTemplate":"https:\/\/www.medicalinstitut.cz\/?s={search_term_string}"},"query-input":{"@type":"PropertyValueSpecification","valueRequired":true,"valueName":"search_term_string"}}],"inLanguage":"en-GB"}]}},"_links":{"self":[{"href":"https:\/\/www.medicalinstitut.cz\/en\/wp-json\/wp\/v2\/pages\/9615","targetHints":{"allow":["GET"]}}],"collection":[{"href":"https:\/\/www.medicalinstitut.cz\/en\/wp-json\/wp\/v2\/pages"}],"about":[{"href":"https:\/\/www.medicalinstitut.cz\/en\/wp-json\/wp\/v2\/types\/page"}],"author":[{"embeddable":true,"href":"https:\/\/www.medicalinstitut.cz\/en\/wp-json\/wp\/v2\/users\/2"}],"replies":[{"embeddable":true,"href":"https:\/\/www.medicalinstitut.cz\/en\/wp-json\/wp\/v2\/comments?post=9615"}],"version-history":[{"count":0,"href":"https:\/\/www.medicalinstitut.cz\/en\/wp-json\/wp\/v2\/pages\/9615\/revisions"}],"wp:attachment":[{"href":"https:\/\/www.medicalinstitut.cz\/en\/wp-json\/wp\/v2\/media?parent=9615"}],"curies":[{"name":"wp","href":"https:\/\/api.w.org\/{rel}","templated":true}]}}