{"id":10914,"date":"2025-08-01T09:52:20","date_gmt":"2025-08-01T09:52:20","guid":{"rendered":"https:\/\/www.medicalinstitut.cz\/?page_id=10914"},"modified":"2026-04-01T06:56:53","modified_gmt":"2026-04-01T06:56:53","slug":"labioplastika","status":"publish","type":"page","link":"https:\/\/www.medicalinstitut.cz\/en\/labioplastika\/","title":{"rendered":"Labioplasty"},"content":{"rendered":"<div class=\"wpb-content-wrapper\"><div class=\"vc_row wpb_row vc_row-fluid vc_custom_1754371688384 wd-rs-68919665bd271\"><div class=\"wpb_column vc_column_container vc_col-sm-12\"><div class=\"vc_column-inner\"><div class=\"wpb_wrapper\">\n\t\t<div id=\"wd-688c8b29ae19d\" class=\"title-wrapper wd-wpb wd-set-mb reset-last-child  wd-rs-688c8b29ae19d wd-title-color-default wd-title-style-default text-center  wd-underline-colored\">\n\t\t\t\n\t\t\t<div class=\"liner-continer\">\n\t\t\t\t<h1 class=\"woodmart-title-container title  wd-font-weight-400 wd-fontsize-l\" >Labioplasty<\/h1>\n\t\t\t\t\t\t\t<\/div>\n\t\t\t\n\t\t\t\n\t\t\t\n\t\t<\/div>\n\t\t\n\t\t<div class=\"vc_row wpb_row vc_inner vc_row-fluid vc_custom_1749565566776 vc_row-has-fill vc_column-gap-35 row-reverse-mobile row-reverse-tablet wd-rs-68484075bb4eb\"><div class=\"wpb_column vc_column_container vc_col-sm-6 wd-rs-6848429d8ba56\"><div class=\"vc_column-inner\"><div class=\"wpb_wrapper\">\n\t\t<div id=\"wd-688c8c7ff0741\" class=\"title-wrapper wd-wpb wd-set-mb reset-last-child  wd-rs-688c8c7ff0741 wd-title-color-default wd-title-style-default text-left vc_custom_1754041512502 wd-underline-colored\">\n\t\t\t\n\t\t\t<div class=\"liner-continer\">\n\t\t\t\t<h2 class=\"woodmart-title-container title  wd-font-weight-400 wd-fontsize-l\" >We can gently and sensitively adjust the intimate area<\/h2>\n\t\t\t\t\t\t\t<\/div>\n\t\t\t\n\t\t\t\t\t\t\t<div class=\"title-after_title reset-last-child  wd-fontsize-xs\">Labioplasty is a plastic surgery procedure that aims to modify the shape or size of the labia minora. The reason for the procedure can be not only aesthetic dissatisfaction, but also functional difficulties, such as pain during sports, sexual intercourse or wearing underwear.<\/p>\n<p><strong>At the Medical Institute we approach labioplasty with the utmost sensitivity, respect and expertise.<\/strong> We always design the procedure so that the result looks natural, is in accordance with the client's anatomy and at the same time leads to relief from difficulties and higher self-esteem.<\/p>\n<h3>What does labioplasty solve?<\/h3>\n<ul>\n<li>Reduction and modelling of asymmetrical or significantly enlarged labia minora<\/li>\n<li>Labia repair after childbirth, trauma or age-related tissue change<\/li>\n<li>Addressing pain or discomfort during sports, walking, intercourse or wearing underwear<\/li>\n<li>Improving the overall appearance of the intimate area and the feeling of comfort<\/li>\n<\/ul>\n<p><\/div>\n\t\t\t\n\t\t\t\n\t\t<\/div>\n\t\t\n\t\t<div id=\"wd-684807d7e62d2\" class=\"wd-rs-684807d7e62d2 vc_custom_1749551070600 wd-button-wrapper wd-smooth-scroll text-left\" data-smooth-time=\"500\" data-smooth-offset=\"\"><a href=\"#kontakt\" title=\"\" style=\"--btn-color:#fff;--btn-color-hover:#fff;\" class=\"btn btn-style-default btn-shape-rectangle btn-size-extra-large btn-icon-pos-right\">ORDER<span class=\"wd-btn-icon\"><img decoding=\"async\"  src=\"https:\/\/www.medicalinstitut.cz\/wp-content\/uploads\/2025\/04\/sipka-1.svg\" title=\"sipka\" loading=\"lazy\" width=\"38\" height=\"11\"><\/span><\/a><\/div><\/div><\/div><\/div><div class=\"wpb_column vc_column_container vc_col-sm-6 wd-rs-68483f773ca0b\"><div class=\"vc_column-inner\"><div class=\"wpb_wrapper\">\t\t<div id=\"wd-688c8c06490f5\" class=\"wd-image wd-wpb wd-rs-688c8c06490f5 text-left\">\n\t\t\t\n\t\t\t<img loading=\"lazy\" decoding=\"async\" width=\"780\" height=\"567\" src=\"https:\/\/www.medicalinstitut.cz\/wp-content\/uploads\/2025\/08\/labioplastika.jpg\" class=\"attachment-full size-full\" alt=\"\" srcset=\"https:\/\/www.medicalinstitut.cz\/wp-content\/uploads\/2025\/08\/labioplastika.jpg 780w, https:\/\/www.medicalinstitut.cz\/wp-content\/uploads\/2025\/08\/labioplastika-400x291.jpg 400w, https:\/\/www.medicalinstitut.cz\/wp-content\/uploads\/2025\/08\/labioplastika-768x558.jpg 768w\" sizes=\"auto, (max-width: 780px) 100vw, 780px\" \/>\n\t\t\t\t\t<\/div>\n\t\t<\/div><\/div><\/div><\/div><\/div><\/div><\/div><\/div><div class=\"vc_row wpb_row vc_row-fluid vc_custom_1749565601102 wd-rs-6848409bb9477\"><div class=\"wpb_column vc_column_container vc_col-sm-12\"><div class=\"vc_column-inner\"><div class=\"wpb_wrapper\">\n\t\t<div id=\"wd-688c8caca156c\" class=\"title-wrapper wd-wpb wd-set-mb reset-last-child  wd-rs-688c8caca156c wd-title-color-default wd-title-style-default text-left vc_custom_1754041527749 wd-underline-colored\">\n\t\t\t\n\t\t\t<div class=\"liner-continer\">\n\t\t\t\t<h2 class=\"woodmart-title-container title  wd-font-weight-400 wd-fontsize-l\" >We are specialists in intimate plastic surgery<\/h2>\n\t\t\t\t\t\t\t<\/div>\n\t\t\t\n\t\t\t\t\t\t\t<div class=\"title-after_title reset-last-child  wd-fontsize-xs\">Our plastic surgeons have years of experience in aesthetic and functional procedures in the female genital area. The result of labioplasty should not only be a change in shape, but above all a feeling of comfort and satisfaction.<\/p>\n<p>We always pay attention to the natural look, symmetry and the most gentle cutting and sewing technique. We use absorbable stitches that do not require subsequent removal. We also support the speed of healing with a suitable regimen and the possibility of additional treatments.<\/div>\n\t\t\t\n\t\t\t\n\t\t<\/div>\n\t\t\n\t\t<\/div><\/div><\/div><\/div><div class=\"vc_row wpb_row vc_row-fluid vc_custom_1749810543060 vc_column-gap-35 wd-rs-684bfd6be57be\"><div class=\"wpb_column vc_column_container vc_col-sm-6 wd-rs-684b15a5bf569\"><div class=\"vc_column-inner\"><div class=\"wpb_wrapper\">\n\t\t<div id=\"wd-688c8cc5950bc\" class=\"title-wrapper wd-wpb wd-set-mb reset-last-child  wd-rs-688c8cc5950bc wd-title-color-default wd-title-style-default text-left vc_custom_1754041544205 wd-underline-colored\">\n\t\t\t\n\t\t\t<div class=\"liner-continer\">\n\t\t\t\t<h2 class=\"woodmart-title-container title  wd-font-weight-400 wd-fontsize-l\" >Local or general anesthesia?<\/h2>\n\t\t\t\t\t\t\t<\/div>\n\t\t\t\n\t\t\t\n\t\t\t\n\t\t<\/div>\n\t\t\n\t\t\t\t<div id=\"wd-69ccc1712eff2\" class=\"wd-text-block wd-wpb reset-last-child wd-rs-69ccc1712eff2 text-left wd-fontsize-s\">\n\t\t\t<ul>\n<li style=\"list-style-type: none;\">\n<ul>\n<li><span style=\"font-weight: 400;\">Labioplastiku prov\u00e1d\u00edme jak v lok\u00e1ln\u00ed, tak v celkov\u00e9 anestezii \u2013 v\u00fdb\u011br z\u00e1vis\u00ed na p\u0159\u00e1n\u00ed klientky, rozsahu v\u00fdkonu a <a href=\"https:\/\/www.medicalinstitut.cz\/en\/nas-tym\/\">doporu\u010den\u00ed l\u00e9ka\u0159e.<\/a><\/span><\/li>\n<\/ul>\n<\/li>\n<\/ul>\n<p>&nbsp;<\/p>\n<ul>\n<li><span style=\"font-weight: 400;\">Smaller procedures can be comfortably performed on an outpatient basis under local anaesthesia.<\/span><\/li>\n<li><span style=\"font-weight: 400;\">For more extensive corrections or if the client is more sensitive, we recommend short-term general anaesthesia.<\/span><\/li>\n<li><strong>Both options are safe, well tolerated and allow you to return home on the same day.<\/strong><\/li>\n<\/ul>\n\t\t<\/div>\n\t\t<\/div><\/div><\/div><div class=\"wpb_column vc_column_container vc_col-sm-6\"><div class=\"vc_column-inner\"><div class=\"wpb_wrapper\">\n\t\t<div id=\"wd-688c8ce24b5c7\" class=\"title-wrapper wd-wpb wd-set-mb reset-last-child  wd-rs-688c8ce24b5c7 wd-title-color-default wd-title-style-default text-left vc_custom_1754041574593 wd-underline-colored\">\n\t\t\t\n\t\t\t<div class=\"liner-continer\">\n\t\t\t\t<h2 class=\"woodmart-title-container title  wd-font-weight-400 wd-fontsize-l\" >How does labioplasty work?<\/h2>\n\t\t\t\t\t\t\t<\/div>\n\t\t\t\n\t\t\t\n\t\t\t\n\t\t<\/div>\n\t\t\n\t\t\t\t<div id=\"wd-69ccc181b9e7e\" class=\"wd-text-block wd-wpb reset-last-child wd-rs-69ccc181b9e7e text-left wd-fontsize-s\">\n\t\t\t<ul>\n<li>Z\u00e1kroku p\u0159edch\u00e1z\u00ed <a href=\"https:\/\/www.medicalinstitut.cz\/en\/nas-tym\/\">diskr\u00e9tn\u00ed a otev\u0159en\u00e1 konzultace<\/a>, b\u011bhem n\u00ed\u017e s l\u00e9ka\u0159em proberete sv\u00e9 p\u0159\u00e1n\u00ed, o\u010dek\u00e1v\u00e1n\u00ed i zdravotn\u00ed stav.<\/li>\n<li>The doctor will suggest the optimal shape and technique and explain the procedure.<\/li>\n<li>The operation itself takes approximately 45-90 minutes.<\/li>\n<li>After the procedure, it is necessary to observe a resting regime, avoid sports and sexual intercourse for about 4-6 weeks.<\/li>\n<li><strong>Swelling and tenderness gradually subside over a period of days to weeks.<\/strong><\/li>\n<\/ul>\n\t\t<\/div>\n\t\t<\/div><\/div><\/div><\/div><div class=\"vc_row wpb_row vc_row-fluid vc_custom_1749565636562 wd-rs-684840bed967c\"><div class=\"wpb_column vc_column_container vc_col-sm-12\"><div class=\"vc_column-inner\"><div class=\"wpb_wrapper\"><div class=\"vc_row wpb_row vc_inner vc_row-fluid vc_custom_1749565925287 vc_row-has-fill vc_column-gap-35 wd-rs-684841dfc9862\"><div class=\"wpb_column vc_column_container vc_col-sm-6 wd-rs-684842c16e269\"><div class=\"vc_column-inner\"><div class=\"wpb_wrapper\">\n\t\t<div id=\"wd-688c8d0a11da5\" class=\"title-wrapper wd-wpb wd-set-mb reset-last-child  wd-rs-688c8d0a11da5 wd-title-color-default wd-title-style-default text-left vc_custom_1754041614642 wd-underline-colored\">\n\t\t\t\n\t\t\t<div class=\"liner-continer\">\n\t\t\t\t<h2 class=\"woodmart-title-container title  wd-font-weight-400 wd-fontsize-l\" >Before and after<\/h2>\n\t\t\t\t\t\t\t<\/div>\n\t\t\t\n\t\t\t\n\t\t\t\n\t\t<\/div>\n\t\t\n\t\t\t\t<div id=\"wd-69ccc1957c56f\" class=\"wd-text-block wd-wpb reset-last-child wd-rs-69ccc1957c56f text-left wd-fontsize-s\">\n\t\t\t<ul>\n<li style=\"font-weight: 400;\" aria-level=\"1\"><strong><a href=\"https:\/\/www.medicalinstitut.cz\/en\/intimni-oblast\/\">Intimate area<\/a> p\u016fsob\u00ed esteti\u010dt\u011bji, jemn\u011bji a p\u0159irozen\u011b<\/strong><\/li>\n<li style=\"font-weight: 400;\" aria-level=\"1\"><span style=\"font-weight: 400;\">Relieving or eliminating discomfort in everyday activities<\/span><\/li>\n<li style=\"font-weight: 400;\" aria-level=\"1\"><strong>Improving the perception of one's own body and intimate life<\/strong><\/li>\n<li style=\"font-weight: 400;\" aria-level=\"1\"><span style=\"font-weight: 400;\">The result is permanent, the scars are almost invisible and feel smooth<\/span><\/li>\n<\/ul>\n\t\t<\/div>\n\t\t<\/div><\/div><\/div><div class=\"wpb_column vc_column_container vc_col-sm-6 wd-rs-684841f90aab4\"><div class=\"vc_column-inner\"><div class=\"wpb_wrapper\">\t\t<div id=\"wd-688c8d27d3fd3\" class=\"wd-image wd-wpb wd-rs-688c8d27d3fd3 text-left\">\n\t\t\t\n\t\t\t<img loading=\"lazy\" decoding=\"async\" width=\"512\" height=\"512\" src=\"https:\/\/www.medicalinstitut.cz\/wp-content\/uploads\/2025\/07\/klitoris-zvetseni.jpg\" class=\"attachment-full size-full\" alt=\"\" srcset=\"https:\/\/www.medicalinstitut.cz\/wp-content\/uploads\/2025\/07\/klitoris-zvetseni.jpg 512w, https:\/\/www.medicalinstitut.cz\/wp-content\/uploads\/2025\/07\/klitoris-zvetseni-300x300.jpg 300w, https:\/\/www.medicalinstitut.cz\/wp-content\/uploads\/2025\/07\/klitoris-zvetseni-150x150.jpg 150w\" sizes=\"auto, (max-width: 512px) 100vw, 512px\" \/>\n\t\t\t\t\t<\/div>\n\t\t<\/div><\/div><\/div><\/div><\/div><\/div><\/div><\/div><div class=\"vc_row wpb_row vc_row-fluid vc_custom_1749810767964 wd-rs-684bfe498ba5c\"><div class=\"wpb_column vc_column_container vc_col-sm-12\"><div class=\"vc_column-inner\"><div class=\"wpb_wrapper\">\n\t\t<div id=\"wd-688c8d3526436\" class=\"title-wrapper wd-wpb wd-set-mb reset-last-child  wd-rs-688c8d3526436 wd-title-color-default wd-title-style-default text-center vc_custom_1754041663057 wd-underline-colored\">\n\t\t\t\n\t\t\t<div class=\"liner-continer\">\n\t\t\t\t<h2 class=\"woodmart-title-container title  wd-font-weight-400 wd-fontsize-l\" >Our labioplasty specialist<\/h2>\n\t\t\t\t\t\t\t<\/div>\n\t\t\t\n\t\t\t\n\t\t\t\n\t\t<\/div>\n\t\t\n\t\t<div class=\"vc_row wpb_row vc_inner vc_row-fluid vc_row-o-content-middle vc_row-flex wd-rs-68540af150601\"><div class=\"wpb_column vc_column_container vc_col-sm-4 vc_col-xs-3 wd-rs-68a47fb48b05d\"><div class=\"vc_column-inner\"><div class=\"wpb_wrapper\"><\/div><\/div><\/div><div class=\"wpb_column vc_column_container vc_col-sm-4 vc_col-xs-6 vc_hidden-xs wd-rs-68a47fb00a92b\"><div class=\"vc_column-inner\"><div class=\"wpb_wrapper\">\t\t<div class=\"team-member wd-wpb wd-rs-68a7242a7d3e1 member-layout-default text-center\">\n\t\t\t\t\t\t\t<div class=\"member-image-wrapper\">\n\t\t\t\t\t<div class=\"member-image\">\n\t\t\t\t\t\t<img loading=\"lazy\" decoding=\"async\" width=\"269\" height=\"350\" src=\"https:\/\/www.medicalinstitut.cz\/wp-content\/uploads\/2025\/08\/paulis.jpg\" class=\"team-member-avatar-image\" alt=\"Mudr. Patrik Paulis\" srcset=\"https:\/\/www.medicalinstitut.cz\/wp-content\/uploads\/2025\/08\/paulis.jpg 270w, https:\/\/www.medicalinstitut.cz\/wp-content\/uploads\/2025\/08\/paulis-231x300.jpg 231w, https:\/\/www.medicalinstitut.cz\/wp-content\/uploads\/2025\/08\/paulis-9x12.jpg 9w\" sizes=\"auto, (max-width: 269px) 100vw, 269px\" \/>\t\t\t\t\t<\/div>\n\t\t\t\t<\/div>\n\t\t\t\n\t\t\t<div class=\"member-details wd-set-mb reset-last-child\">\n\t\t\t\t\t\t\t\t\t<h4 class=\"member-name\">\n\t\t\t\t\t\tMUDr. Patrik Paulis\t\t\t\t\t<\/h4>\n\t\t\t\t\n\t\t\t\t\t\t\t\t\t<div class=\"member-position\">\n\t\t\t\t\t\tPlastic surgery specialist\t\t\t\t\t<\/div>\n\t\t\t\t\n\t\t\t\t\n\t\t\t\t\t\t\t<\/div>\n\t\t<\/div>\n\n\t\t<\/div><\/div><\/div><div class=\"wpb_column vc_column_container vc_col-sm-4 vc_col-xs-6 wd-rs-684bfe178f76b\"><div class=\"vc_column-inner\"><div class=\"wpb_wrapper\"><\/div><\/div><\/div><\/div><\/div><\/div><\/div><\/div><div class=\"vc_row wpb_row vc_row-fluid\"><div class=\"wpb_column vc_column_container vc_col-sm-12\"><div class=\"vc_column-inner\"><div class=\"wpb_wrapper\">\n\t\t<div id=\"wd-688c8d7803eb9\" class=\"title-wrapper wd-wpb wd-set-mb reset-last-child  wd-rs-688c8d7803eb9 wd-title-color-default wd-title-style-default text-center vc_custom_1754041725583 wd-underline-colored\">\n\t\t\t\n\t\t\t<div class=\"liner-continer\">\n\t\t\t\t<h2 class=\"woodmart-title-container title  wd-font-weight-400 wd-fontsize-l\" >Pricing of labioplasty<\/h2>\n\t\t\t\t\t\t\t<\/div>\n\t\t\t\n\t\t\t\n\t\t\t\n\t\t<\/div>\n\t\t\n\t\t\n\t<div class=\"wpb_text_column wpb_content_element\" >\n\t\t<div class=\"wpb_wrapper\">\n\t\t\t<div class=\"vc_row wpb_row vc_inner vc_row-fluid vc_custom_1745153546798 vc_row-has-fill wd-rs-6804ee049acd1\">\n<div class=\"wpb_column vc_column_container vc_col-sm-6 wd-rs-6804ebeb17066\">\n<div class=\"vc_column-inner vc_custom_1745153011742\">\n<div class=\"wpb_wrapper\">\n<div class=\"wd-text-block wd-wpb reset-last-child text-left wd-font-weight-400 color-primary wd-fontsize-s\">\n<p><span data-sheets-root=\"1\">Labioplasty in LA<\/span><\/p>\n<\/div>\n<\/div>\n<\/div>\n<\/div>\n<div class=\"wpb_column vc_column_container vc_col-sm-6 wd-rs-6804ebf4d13e9\">\n<div class=\"vc_column-inner vc_custom_1745153015178\">\n<div class=\"wpb_wrapper\">\n<div class=\"wd-text-block wd-wpb reset-last-child text-right wd-font-weight-700 color-primary wd-fontsize-custom\">\n<p><span data-sheets-root=\"1\">25 000 CZK<\/span><\/p>\n<\/div>\n<\/div>\n<\/div>\n<\/div>\n<\/div>\n<div class=\"vc_row wpb_row vc_inner vc_row-fluid vc_custom_1745153546798 vc_row-has-fill wd-rs-6804ee049acd1\">\n<div class=\"wpb_column vc_column_container vc_col-sm-6 wd-rs-6804ebeb17066\">\n<div class=\"vc_column-inner vc_custom_1745153011742\">\n<div class=\"wpb_wrapper\">\n<div class=\"wd-text-block wd-wpb reset-last-child text-left wd-font-weight-400 color-primary wd-fontsize-s\">\n<p><span data-sheets-root=\"1\">Intimate parts - Labioplasty CA (genital modelling)<\/span><\/p>\n<\/div>\n<\/div>\n<\/div>\n<\/div>\n<div class=\"wpb_column vc_column_container vc_col-sm-6 wd-rs-6804ebf4d13e9\">\n<div class=\"vc_column-inner vc_custom_1745153015178\">\n<div class=\"wpb_wrapper\">\n<div class=\"wd-text-block wd-wpb reset-last-child text-right wd-font-weight-700 color-primary wd-fontsize-custom\">\n<p><span data-sheets-root=\"1\">30 000 CZK<\/span><\/p>\n<\/div>\n<\/div>\n<\/div>\n<\/div>\n<\/div>\n\n\t\t<\/div>\n\t<\/div>\n<\/div><\/div><\/div><\/div><div class=\"vc_row wpb_row vc_row-fluid vc_custom_1749550289138 wd-rs-684804cd9f2b8\"><div class=\"wpb_column vc_column_container vc_col-sm-12\"><div class=\"vc_column-inner\"><div class=\"wpb_wrapper\">\n\t\t<div id=\"wd-688c8d8a7c1fe\" class=\"title-wrapper wd-wpb wd-set-mb reset-last-child  wd-rs-688c8d8a7c1fe wd-title-color-default wd-title-style-default text-center vc_custom_1754041743587 wd-underline-colored\">\n\t\t\t\n\t\t\t<div class=\"liner-continer\">\n\t\t\t\t<h2 class=\"woodmart-title-container title  wd-font-weight-400 wd-fontsize-l\" >What clients say after labioplasty<\/h2>\n\t\t\t\t\t\t\t<\/div>\n\t\t\t\n\t\t\t\n\t\t\t\n\t\t<\/div>\n\t\t\n\t\t\t\t\t<div id=\"wd-684804ac22f41\" class=\"testimonials wd-rs-684804ac22f41 testimon-style-boxed color-scheme- wd-fontsize-xs testimon-align-center testimon-with-rating  wd-carousel-container\">\n\t\t\t\t\n\t\t\t\t\t\t\t\t\t<div class=\"wd-carousel-inner\">\n\t\t\t\t\t\t\t\t<div class=\"wd-carousel wd-grid\" data-scroll_per_page=\"yes\" style=\"--wd-col-lg:3;--wd-col-md:3;--wd-col-sm:1;--wd-gap-lg:30px;--wd-gap-sm:10px;\">\n\t\t\t\t\t\t\t\t\t\t\t<div class=\"wd-carousel-wrap\">\n\t\t\t\t\t\n\t\t\t\t\t\n<div class=\"testimonial  wd-carousel-item\">\n\t<div class=\"testimonial-inner\">\n\t\t\n\t\t<div class=\"testimonial-content\">\n\t\t\t<div class=\"testimonial-rating\">\n\t\t\t\t<span class=\"star-rating\">\n\t\t\t\t\t<span style=\"width:100%\"><\/span>\n\t\t\t\t<\/span>\n\t\t\t<\/div>\n\n\t\t\tI underwent labioplasty at the Medical Institute and I am extremely satisfied. Professional approach, everything was explained to me in detail, I felt safe. The result exceeded my expectations - both aesthetically and functionally. I recommend it to every woman who is thinking about this procedure.\n\t\t\t<footer>\n\t\t\t\tPetra M., 39 years old\n\t\t\t\t\t\t\t<\/footer>\n\t\t<\/div>\n\t<\/div>\n<\/div>\n<div class=\"testimonial  wd-carousel-item\">\n\t<div class=\"testimonial-inner\">\n\t\t\n\t\t<div class=\"testimonial-content\">\n\t\t\t<div class=\"testimonial-rating\">\n\t\t\t\t<span class=\"star-rating\">\n\t\t\t\t\t<span style=\"width:100%\"><\/span>\n\t\t\t\t<\/span>\n\t\t\t<\/div>\n\n\t\t\tI was very afraid of the procedure, but the staff at the Medical Institute put me completely at ease. The doctor was very empathetic and professional. The recovery was uneventful and the result is natural and beautiful. I finally feel comfortable even in tight-fitting clothes\n\t\t\t<footer>\n\t\t\t\tJana R., 31 years old\n\t\t\t\t\t\t\t<\/footer>\n\t\t<\/div>\n\t<\/div>\n<\/div>\n<div class=\"testimonial  wd-carousel-item\">\n\t<div class=\"testimonial-inner\">\n\t\t\n\t\t<div class=\"testimonial-content\">\n\t\t\t<div class=\"testimonial-rating\">\n\t\t\t\t<span class=\"star-rating\">\n\t\t\t\t\t<span style=\"width:100%\"><\/span>\n\t\t\t\t<\/span>\n\t\t\t<\/div>\n\n\t\t\tI am really happy with the result of the labioplasty at the Medical Institute. The approach of the staff was very professional and sensitive at the same time. I appreciate the discretion and care throughout the entire process, from the appointment to the post-operative follow-up.\n\t\t\t<footer>\n\t\t\t\tSimona F., 45 years old\n\t\t\t\t\t\t\t<\/footer>\n\t\t<\/div>\n\t<\/div>\n<\/div>\n\t\t\t\t\t\t\t\t\t\t\t<\/div>\n\t\t\t\t\t\t\t\t\t<\/div>\n\n\t\t\t\t\t\t\t\t\t\t\t\t\t\t\t\t\t<div class=\"wd-nav-arrows wd-pos-sep wd-hover-1 wd-icon-2\">\n\t\t\t<div class=\"wd-btn-arrow wd-prev wd-disabled\">\n\t\t\t\t<div class=\"wd-arrow-inner\"><\/div>\n\t\t\t<\/div>\n\t\t\t<div class=\"wd-btn-arrow wd-next\">\n\t\t\t\t<div class=\"wd-arrow-inner\"><\/div>\n\t\t\t<\/div>\n\t\t<\/div>\n\t\t\t\t\t\t\t\n\t\t\t\t\t<\/div>\n\n\t\t\t\t\t\t\t<div class=\"wd-nav-pagin-wrap text-center wd-style-shape wd-hide-md-sm wd-hide-sm\">\n\t\t\t<ul class=\"wd-nav-pagin\"><\/ul>\n\t\t<\/div>\n\t\t\t\t\t\t\t\t\t\t\t\t\t\t<\/div>\n\t\t<\/div><\/div><\/div><\/div>\n<\/div>","protected":false},"excerpt":{"rendered":"Labioplasty We can gently and sensitively adjust the intimate area Labioplasty is a plastic surgery procedure aimed at adjusting the shape or size of small","protected":false},"author":3,"featured_media":0,"parent":0,"menu_order":0,"comment_status":"closed","ping_status":"closed","template":"","meta":{"footnotes":""},"class_list":["post-10914","page","type-page","status-publish","hentry"],"yoast_head":"<!-- This site is optimized with the Yoast SEO plugin v25.3 - https:\/\/yoast.com\/wordpress\/plugins\/seo\/ -->\n<title>Labioplastika v Plzni - Medical Institut<\/title>\n<meta name=\"description\" content=\"Labioplastika je plasticko-chirurgick\u00fd z\u00e1krok, jeho\u017e c\u00edlem je \u00faprava tvaru nebo velikosti mal\u00fdch stydk\u00fdch pysk\u016f.\" \/>\n<meta name=\"robots\" content=\"index, follow, max-snippet:-1, max-image-preview:large, max-video-preview:-1\" \/>\n<link rel=\"canonical\" href=\"https:\/\/www.medicalinstitut.cz\/en\/labioplastika\/\" \/>\n<meta property=\"og:locale\" content=\"en_GB\" \/>\n<meta property=\"og:type\" content=\"article\" \/>\n<meta property=\"og:title\" content=\"Labioplastika v Plzni - Medical Institut\" \/>\n<meta property=\"og:description\" content=\"Labioplastika je plasticko-chirurgick\u00fd z\u00e1krok, jeho\u017e c\u00edlem je \u00faprava tvaru nebo velikosti mal\u00fdch stydk\u00fdch pysk\u016f.\" \/>\n<meta property=\"og:url\" content=\"https:\/\/www.medicalinstitut.cz\/en\/labioplastika\/\" \/>\n<meta property=\"og:site_name\" content=\"Medical Institut\" \/>\n<meta property=\"article:modified_time\" content=\"2026-04-01T06:56:53+00:00\" \/>\n<meta name=\"twitter:card\" content=\"summary_large_image\" \/>\n<meta name=\"twitter:label1\" content=\"Estimated reading time\" \/>\n\t<meta name=\"twitter:data1\" content=\"6 minutes\" \/>\n<script type=\"application\/ld+json\" class=\"yoast-schema-graph\">{\"@context\":\"https:\/\/schema.org\",\"@graph\":[{\"@type\":\"WebPage\",\"@id\":\"https:\/\/www.medicalinstitut.cz\/labioplastika\/\",\"url\":\"https:\/\/www.medicalinstitut.cz\/labioplastika\/\",\"name\":\"Labioplastika v Plzni - Medical Institut\",\"isPartOf\":{\"@id\":\"https:\/\/www.medicalinstitut.cz\/#website\"},\"datePublished\":\"2025-08-01T09:52:20+00:00\",\"dateModified\":\"2026-04-01T06:56:53+00:00\",\"description\":\"Labioplastika je plasticko-chirurgick\u00fd z\u00e1krok, jeho\u017e c\u00edlem je \u00faprava tvaru nebo velikosti mal\u00fdch stydk\u00fdch pysk\u016f.\",\"breadcrumb\":{\"@id\":\"https:\/\/www.medicalinstitut.cz\/labioplastika\/#breadcrumb\"},\"inLanguage\":\"en-GB\",\"potentialAction\":[{\"@type\":\"ReadAction\",\"target\":[\"https:\/\/www.medicalinstitut.cz\/labioplastika\/\"]}]},{\"@type\":\"BreadcrumbList\",\"@id\":\"https:\/\/www.medicalinstitut.cz\/labioplastika\/#breadcrumb\",\"itemListElement\":[{\"@type\":\"ListItem\",\"position\":1,\"name\":\"Dom\u016f\",\"item\":\"https:\/\/www.medicalinstitut.cz\/\"},{\"@type\":\"ListItem\",\"position\":2,\"name\":\"Labioplastika\"}]},{\"@type\":\"WebSite\",\"@id\":\"https:\/\/www.medicalinstitut.cz\/#website\",\"url\":\"https:\/\/www.medicalinstitut.cz\/\",\"name\":\"Medical Institut\",\"description\":\"\",\"potentialAction\":[{\"@type\":\"SearchAction\",\"target\":{\"@type\":\"EntryPoint\",\"urlTemplate\":\"https:\/\/www.medicalinstitut.cz\/?s={search_term_string}\"},\"query-input\":{\"@type\":\"PropertyValueSpecification\",\"valueRequired\":true,\"valueName\":\"search_term_string\"}}],\"inLanguage\":\"en-GB\"}]}<\/script>\n<!-- \/ Yoast SEO plugin. -->","yoast_head_json":{"title":"Labioplasty in Pilsen - Medical Institut","description":"Labioplasty is a plastic surgery procedure that aims to modify the shape or size of the labia minora.","robots":{"index":"index","follow":"follow","max-snippet":"max-snippet:-1","max-image-preview":"max-image-preview:large","max-video-preview":"max-video-preview:-1"},"canonical":"https:\/\/www.medicalinstitut.cz\/en\/labioplastika\/","og_locale":"en_GB","og_type":"article","og_title":"Labioplastika v Plzni - Medical Institut","og_description":"Labioplastika je plasticko-chirurgick\u00fd z\u00e1krok, jeho\u017e c\u00edlem je \u00faprava tvaru nebo velikosti mal\u00fdch stydk\u00fdch pysk\u016f.","og_url":"https:\/\/www.medicalinstitut.cz\/en\/labioplastika\/","og_site_name":"Medical Institut","article_modified_time":"2026-04-01T06:56:53+00:00","twitter_card":"summary_large_image","twitter_misc":{"Estimated reading time":"6 minutes"},"schema":{"@context":"https:\/\/schema.org","@graph":[{"@type":"WebPage","@id":"https:\/\/www.medicalinstitut.cz\/labioplastika\/","url":"https:\/\/www.medicalinstitut.cz\/labioplastika\/","name":"Labioplasty in Pilsen - Medical Institut","isPartOf":{"@id":"https:\/\/www.medicalinstitut.cz\/#website"},"datePublished":"2025-08-01T09:52:20+00:00","dateModified":"2026-04-01T06:56:53+00:00","description":"Labioplasty is a plastic surgery procedure that aims to modify the shape or size of the labia minora.","breadcrumb":{"@id":"https:\/\/www.medicalinstitut.cz\/labioplastika\/#breadcrumb"},"inLanguage":"en-GB","potentialAction":[{"@type":"ReadAction","target":["https:\/\/www.medicalinstitut.cz\/labioplastika\/"]}]},{"@type":"BreadcrumbList","@id":"https:\/\/www.medicalinstitut.cz\/labioplastika\/#breadcrumb","itemListElement":[{"@type":"ListItem","position":1,"name":"Dom\u016f","item":"https:\/\/www.medicalinstitut.cz\/"},{"@type":"ListItem","position":2,"name":"Labioplastika"}]},{"@type":"WebSite","@id":"https:\/\/www.medicalinstitut.cz\/#website","url":"https:\/\/www.medicalinstitut.cz\/","name":"Medical Institute","description":"","potentialAction":[{"@type":"SearchAction","target":{"@type":"EntryPoint","urlTemplate":"https:\/\/www.medicalinstitut.cz\/?s={search_term_string}"},"query-input":{"@type":"PropertyValueSpecification","valueRequired":true,"valueName":"search_term_string"}}],"inLanguage":"en-GB"}]}},"_links":{"self":[{"href":"https:\/\/www.medicalinstitut.cz\/en\/wp-json\/wp\/v2\/pages\/10914","targetHints":{"allow":["GET"]}}],"collection":[{"href":"https:\/\/www.medicalinstitut.cz\/en\/wp-json\/wp\/v2\/pages"}],"about":[{"href":"https:\/\/www.medicalinstitut.cz\/en\/wp-json\/wp\/v2\/types\/page"}],"author":[{"embeddable":true,"href":"https:\/\/www.medicalinstitut.cz\/en\/wp-json\/wp\/v2\/users\/3"}],"replies":[{"embeddable":true,"href":"https:\/\/www.medicalinstitut.cz\/en\/wp-json\/wp\/v2\/comments?post=10914"}],"version-history":[{"count":0,"href":"https:\/\/www.medicalinstitut.cz\/en\/wp-json\/wp\/v2\/pages\/10914\/revisions"}],"wp:attachment":[{"href":"https:\/\/www.medicalinstitut.cz\/en\/wp-json\/wp\/v2\/media?parent=10914"}],"curies":[{"name":"wp","href":"https:\/\/api.w.org\/{rel}","templated":true}]}}