{"id":10012,"date":"2025-06-20T19:49:50","date_gmt":"2025-06-20T19:49:50","guid":{"rendered":"https:\/\/www.medicalinstitut.cz\/?page_id=10012"},"modified":"2025-08-12T05:25:28","modified_gmt":"2025-08-12T05:25:28","slug":"tekuty-lifting","status":"publish","type":"page","link":"https:\/\/www.medicalinstitut.cz\/en\/tekuty-lifting\/","title":{"rendered":"Tekut\u00fd lifting"},"content":{"rendered":"<div class=\"wpb-content-wrapper\"><div class=\"vc_row wpb_row vc_row-fluid vc_custom_1749549137238 wd-rs-6848004a93109\"><div class=\"wpb_column vc_column_container vc_col-sm-12\"><div class=\"vc_column-inner\"><div class=\"wpb_wrapper\">\n\t\t<div id=\"wd-6855ba1eadb65\" class=\"title-wrapper wd-wpb wd-set-mb reset-last-child  wd-rs-6855ba1eadb65 wd-title-color-default wd-title-style-default text-center  wd-underline-colored\">\n\t\t\t\n\t\t\t<div class=\"liner-continer\">\n\t\t\t\t<h1 class=\"woodmart-title-container title  wd-font-weight-400 wd-fontsize-l\" >Liquid lifting in Pilsen<\/h1>\n\t\t\t\t\t\t\t<\/div>\n\t\t\t\n\t\t\t\n\t\t\t\n\t\t<\/div>\n\t\t\n\t\t<div class=\"vc_row wpb_row vc_inner vc_row-fluid vc_custom_1749565566776 vc_row-has-fill vc_column-gap-35 row-reverse-mobile row-reverse-tablet wd-rs-68484075bb4eb\"><div class=\"wpb_column vc_column_container vc_col-sm-6 wd-rs-6848429d8ba56\"><div class=\"vc_column-inner\"><div class=\"wpb_wrapper\">\n\t\t<div id=\"wd-6855bb14ac7c9\" class=\"title-wrapper wd-wpb wd-set-mb reset-last-child  wd-rs-6855bb14ac7c9 wd-title-color-default wd-title-style-default text-left vc_custom_1750448983409 wd-underline-colored\">\n\t\t\t\n\t\t\t<div class=\"liner-continer\">\n\t\t\t\t<h2 class=\"woodmart-title-container title  wd-font-weight-400 wd-fontsize-l\" >Liquid lifting: firmer cheeks, sharper lines, younger look<\/h2>\n\t\t\t\t\t\t\t<\/div>\n\t\t\t\n\t\t\t\t\t\t\t<div class=\"title-after_title reset-last-child  wd-fontsize-xs\"><strong>A liquid facelift is a modern and gentle method of facial rejuvenation in which dermal fillers (usually based on stabilized hyaluronic acid) are used to restore lost volume, firm contours and smooth fine and deeper wrinkles.<\/strong> The treatment is performed on an outpatient basis, without a scalpel, scars and the need for convalescence.<\/p>\n<p>The doctor uses a thin needle or cannula to inject filler materials into specific areas of the face - such as the cheeks, cheekbones, jawline, chin or nasolabial folds. <strong>The result is a naturally younger appearance, firmer and fuller facial contours and overall facial rejuvenation.<\/strong><\/div>\n\t\t\t\n\t\t\t\n\t\t<\/div>\n\t\t\n\t\t<div id=\"wd-684807d7e62d2\" class=\"wd-rs-684807d7e62d2 vc_custom_1749551070600 wd-button-wrapper wd-smooth-scroll text-left\" data-smooth-time=\"500\" data-smooth-offset=\"\"><a href=\"#kontakt\" title=\"\" style=\"--btn-color:#fff;--btn-color-hover:#fff;\" class=\"btn btn-style-default btn-shape-rectangle btn-size-extra-large btn-icon-pos-right\">ORDER<span class=\"wd-btn-icon\"><img decoding=\"async\"  src=\"https:\/\/www.medicalinstitut.cz\/wp-content\/uploads\/2025\/04\/sipka-1.svg\" title=\"sipka\" loading=\"lazy\" width=\"38\" height=\"11\"><\/span><\/a><\/div><\/div><\/div><\/div><div class=\"wpb_column vc_column_container vc_col-sm-6 wd-rs-68483f773ca0b\"><div class=\"vc_column-inner\"><div class=\"wpb_wrapper\">\t\t<div id=\"wd-6855ba957401d\" class=\"wd-image wd-wpb wd-rs-6855ba957401d text-left\">\n\t\t\t\n\t\t\t<img loading=\"lazy\" decoding=\"async\" width=\"557\" height=\"426\" src=\"https:\/\/www.medicalinstitut.cz\/wp-content\/uploads\/2025\/06\/tekuty-lifting.jpg\" class=\"attachment-full size-full\" alt=\"\" srcset=\"https:\/\/www.medicalinstitut.cz\/wp-content\/uploads\/2025\/06\/tekuty-lifting.jpg 557w, https:\/\/www.medicalinstitut.cz\/wp-content\/uploads\/2025\/06\/tekuty-lifting-392x300.jpg 392w\" sizes=\"auto, (max-width: 557px) 100vw, 557px\" \/>\n\t\t\t\t\t<\/div>\n\t\t<\/div><\/div><\/div><\/div><\/div><\/div><\/div><\/div><div class=\"vc_row wpb_row vc_row-fluid vc_custom_1749565601102 wd-rs-6848409bb9477\"><div class=\"wpb_column vc_column_container vc_col-sm-12\"><div class=\"vc_column-inner\"><div class=\"wpb_wrapper\">\n\t\t<div id=\"wd-6855bbb7b75aa\" class=\"title-wrapper wd-wpb wd-set-mb reset-last-child  wd-rs-6855bbb7b75aa wd-title-color-default wd-title-style-default text-left vc_custom_1750449148988 wd-underline-colored\">\n\t\t\t\n\t\t\t<div class=\"liner-continer\">\n\t\t\t\t<h2 class=\"woodmart-title-container title  wd-font-weight-400 wd-fontsize-l\" >Firming the facial contours with a gentle procedure<\/h2>\n\t\t\t\t\t\t\t<\/div>\n\t\t\t\n\t\t\t\t\t\t\t<div class=\"title-after_title reset-last-child  wd-fontsize-xs\">A liquid facelift at the Medical Institute is the ideal choice for women who want to naturally rejuvenate their face without the need for surgery. <strong>Thanks to the application of quality fillers with hyaluronic acid, we restore lost volume to the skin, firm contours and smooth wrinkles<\/strong> - all with the utmost respect for your natural appearance.<\/p>\n<p>Our doctors have extensive experience in facial modeling and work with proven materials of the highest quality. Each procedure is carefully tailored to the shape of the face and the individual needs of the client, so that the result looks harmonious and natural. <strong>The treatment itself is quick, almost painless and requires no recovery<\/strong> - you can return to your normal routine immediately after the procedure.<\/div>\n\t\t\t\n\t\t\t\n\t\t<\/div>\n\t\t\n\t\t<\/div><\/div><\/div><\/div><div class=\"vc_row wpb_row vc_row-fluid vc_custom_1749810543060 vc_column-gap-35 wd-rs-684bfd6be57be\"><div class=\"wpb_column vc_column_container vc_col-sm-6 wd-rs-684b15a5bf569\"><div class=\"vc_column-inner\"><div class=\"wpb_wrapper\">\n\t\t<div id=\"wd-6855bc041f11a\" class=\"title-wrapper wd-wpb wd-set-mb reset-last-child  wd-rs-6855bc041f11a wd-title-color-default wd-title-style-default text-left vc_custom_1750449171983 wd-underline-colored\">\n\t\t\t\n\t\t\t<div class=\"liner-continer\">\n\t\t\t\t<h2 class=\"woodmart-title-container title  wd-font-weight-400 wd-fontsize-l\" >Who is liquid lifting suitable for?<\/h2>\n\t\t\t\t\t\t\t<\/div>\n\t\t\t\n\t\t\t\n\t\t\t\n\t\t<\/div>\n\t\t\n\t\t\t\t<div id=\"wd-6855bc3a10ae8\" class=\"wd-text-block wd-wpb reset-last-child wd-rs-6855bc3a10ae8 text-left wd-fontsize-s\">\n\t\t\t<ul>\n<li>Liquid lifting is suitable for women (and men) who want to <strong>restore volume, firm facial contours and achieve visible rejuvenation without the need for surgery.<\/strong><\/li>\n<li>It is ideal for women after 30-35 years of age, when they start to lose volume in the face and the first deeper wrinkles appear.<\/li>\n<li>It is often undergone by clients with loose contours in the cheekbones, lower jaw or chin.<\/li>\n<li>It is great for people with a tired expression or a sunken face that loses brightness and elasticity.<\/li>\n<\/ul>\n\t\t<\/div>\n\t\t<\/div><\/div><\/div><div class=\"wpb_column vc_column_container vc_col-sm-6\"><div class=\"vc_column-inner\"><div class=\"wpb_wrapper\">\n\t\t<div id=\"wd-6855c0b9bddec\" class=\"title-wrapper wd-wpb wd-set-mb reset-last-child  wd-rs-6855c0b9bddec wd-title-color-default wd-title-style-default text-left vc_custom_1750450372807 wd-underline-colored\">\n\t\t\t\n\t\t\t<div class=\"liner-continer\">\n\t\t\t\t<h2 class=\"woodmart-title-container title  wd-font-weight-400 wd-fontsize-l\" >How is liquid lifting performed in our company?<\/h2>\n\t\t\t\t\t\t\t<\/div>\n\t\t\t\n\t\t\t\n\t\t\t\n\t\t<\/div>\n\t\t\n\t\t\t\t<div id=\"wd-6855c0da1bff5\" class=\"wd-text-block wd-wpb reset-last-child wd-rs-6855c0da1bff5 text-left wd-fontsize-s\">\n\t\t\t<ul>\n<li>Before the treatment itself, a personal consultation will take place, during which the doctor will assess the condition of your skin, listen to your expectations and suggest the most suitable procedure, including the areas of application.<\/li>\n<li>The skin is carefully cleaned and treated with a numbing cream to make the application of fillers as comfortable as possible.<\/li>\n<li>The doctor applies the fillings with a fine needle or cannula to predetermined areas - usually the cheekbones, nasolabial grooves, chin or jawline.<\/li>\n<li><strong>This will restore volume, tighten the skin and rejuvenate the face overall.<\/strong><\/li>\n<\/ul>\n\t\t<\/div>\n\t\t<\/div><\/div><\/div><\/div><div class=\"vc_row wpb_row vc_row-fluid vc_custom_1749565636562 wd-rs-684840bed967c\"><div class=\"wpb_column vc_column_container vc_col-sm-12\"><div class=\"vc_column-inner\"><div class=\"wpb_wrapper\"><div class=\"vc_row wpb_row vc_inner vc_row-fluid vc_custom_1749565925287 vc_row-has-fill vc_column-gap-35 wd-rs-684841dfc9862\"><div class=\"wpb_column vc_column_container vc_col-sm-6 wd-rs-684842c16e269\"><div class=\"vc_column-inner\"><div class=\"wpb_wrapper\">\n\t\t<div id=\"wd-68484268630b9\" class=\"title-wrapper wd-wpb wd-set-mb reset-last-child  wd-rs-68484268630b9 wd-title-color-default wd-title-style-default text-left vc_custom_1749566059718 wd-underline-colored\">\n\t\t\t\n\t\t\t<div class=\"liner-continer\">\n\t\t\t\t<h2 class=\"woodmart-title-container title  wd-font-weight-400 wd-fontsize-l\" >Before and after<\/h2>\n\t\t\t\t\t\t\t<\/div>\n\t\t\t\n\t\t\t\n\t\t\t\n\t\t<\/div>\n\t\t\n\t\t\t\t<div id=\"wd-6855bfa0e7a9c\" class=\"wd-text-block wd-wpb reset-last-child wd-rs-6855bfa0e7a9c text-left wd-fontsize-s\">\n\t\t\t<ul>\n<li>In our country, the procedure is performed exclusively by doctors with dermatological and aesthetic specialization.<\/li>\n<li>The results are noticeable immediately after the procedure - the skin looks younger, fresher and more toned.<\/li>\n<li><strong>The liquid lift restores lost volume to the cheeks, sculpts the cheekbones, chin and lower jaw, and thus strengthens the face overall.<\/strong><\/li>\n<li>The procedure does not require a scalpel, anaesthesia or a long healing time - you can return to your normal routine immediately after the treatment.<\/li>\n<\/ul>\n\t\t<\/div>\n\t\t<\/div><\/div><\/div><div class=\"wpb_column vc_column_container vc_col-sm-6 wd-rs-684841f90aab4\"><div class=\"vc_column-inner\"><div class=\"wpb_wrapper\">\t\t<div class=\"wd-rs-68540bc8b20bd wd-compare-img-wrapp wd-wpb\">\n\t\t\t<div class=\"wd-compare-img\">\n\t\t\t\t\t\t\t\t<div class=\"wd-after-img\">\n\t\t\t\t\t<img loading=\"lazy\" decoding=\"async\" width=\"873\" height=\"405\" src=\"https:\/\/www.medicalinstitut.cz\/wp-content\/uploads\/2025\/06\/biorevpo.jpg\" class=\"attachment-full size-full\" alt=\"\" srcset=\"https:\/\/www.medicalinstitut.cz\/wp-content\/uploads\/2025\/06\/biorevpo.jpg 873w, https:\/\/www.medicalinstitut.cz\/wp-content\/uploads\/2025\/06\/biorevpo-400x186.jpg 400w, https:\/\/www.medicalinstitut.cz\/wp-content\/uploads\/2025\/06\/biorevpo-768x356.jpg 768w\" sizes=\"auto, (max-width: 873px) 100vw, 873px\" \/>\t\t\t\t<\/div>\n\t\t\t\t\t\t\t<div class=\"wd-before-img\">\n\t\t\t\t\t<img loading=\"lazy\" decoding=\"async\" width=\"873\" height=\"401\" src=\"https:\/\/www.medicalinstitut.cz\/wp-content\/uploads\/2025\/06\/biorevitalizace.jpg\" class=\"attachment-full size-full\" alt=\"\" srcset=\"https:\/\/www.medicalinstitut.cz\/wp-content\/uploads\/2025\/06\/biorevitalizace.jpg 873w, https:\/\/www.medicalinstitut.cz\/wp-content\/uploads\/2025\/06\/biorevitalizace-400x184.jpg 400w, https:\/\/www.medicalinstitut.cz\/wp-content\/uploads\/2025\/06\/biorevitalizace-768x353.jpg 768w\" sizes=\"auto, (max-width: 873px) 100vw, 873px\" \/>\t\t\t\t<\/div>\n\t\t\t\t\t\t\t<div class=\"wd-compare-img-handle\">\n\t\t\t\t\t<span><\/span>\n\t\t\t\t<\/div>\n\t\t\t<\/div>\n\t\t<\/div>\n\t\t<\/div><\/div><\/div><\/div><\/div><\/div><\/div><\/div><div class=\"vc_row wpb_row vc_row-fluid vc_custom_1749810767964 wd-rs-684bfe498ba5c\"><div class=\"wpb_column vc_column_container vc_col-sm-12\"><div class=\"vc_column-inner\"><div class=\"wpb_wrapper\">\n\t\t<div id=\"wd-6855bfcf48454\" class=\"title-wrapper wd-wpb wd-set-mb reset-last-child  wd-rs-6855bfcf48454 wd-title-color-default wd-title-style-default text-center vc_custom_1750450234663 wd-underline-colored\">\n\t\t\t\n\t\t\t<div class=\"liner-continer\">\n\t\t\t\t<h2 class=\"woodmart-title-container title  wd-font-weight-400 wd-fontsize-l\" >Experienced doctors will take care of your skin<\/h2>\n\t\t\t\t\t\t\t<\/div>\n\t\t\t\n\t\t\t\n\t\t\t\n\t\t<\/div>\n\t\t\n\t\t<div class=\"vc_row wpb_row vc_inner vc_row-fluid vc_row-o-content-middle vc_row-flex wd-rs-68540af150601\"><div class=\"wpb_column vc_column_container vc_col-sm-4 vc_col-xs-6 wd-rs-684bfe0b6c5b0\"><div class=\"vc_column-inner\"><div class=\"wpb_wrapper\">\t\t<div class=\"team-member wd-wpb wd-rs-685403b3940e4 member-layout-default text-left\">\n\t\t\t\t\t\t\t<div class=\"member-image-wrapper\">\n\t\t\t\t\t<div class=\"member-image\">\n\t\t\t\t\t\t<img loading=\"lazy\" decoding=\"async\" width=\"270\" height=\"350\" src=\"https:\/\/www.medicalinstitut.cz\/wp-content\/uploads\/2025\/06\/skalova-270x350.jpg\" class=\"team-member-avatar-image\" alt=\"\" \/>\t\t\t\t\t<\/div>\n\t\t\t\t<\/div>\n\t\t\t\n\t\t\t<div class=\"member-details wd-set-mb reset-last-child\">\n\t\t\t\t\t\t\t\t\t<h4 class=\"member-name\">\n\t\t\t\t\t\tMUDr. Skalov\u00e1 Martina\t\t\t\t\t<\/h4>\n\t\t\t\t\n\t\t\t\t\t\t\t\t\t<div class=\"member-position\">\n\t\t\t\t\t\tSpecialist in aesthetic dermatology\t\t\t\t\t<\/div>\n\t\t\t\t\n\t\t\t\t\n\t\t\t\t\t\t\t<\/div>\n\t\t<\/div>\n\n\t\t<\/div><\/div><\/div><div class=\"wpb_column vc_column_container vc_col-sm-4 vc_col-xs-6 wd-rs-684bfe178f76b\"><div class=\"vc_column-inner\"><div class=\"wpb_wrapper\">\t\t<div class=\"team-member wd-wpb wd-rs-688c59a9bde20 member-layout-default text-left\">\n\t\t\t\t\t\t\t<div class=\"member-image-wrapper\">\n\t\t\t\t\t<div class=\"member-image\">\n\t\t\t\t\t\t<img loading=\"lazy\" decoding=\"async\" width=\"269\" height=\"350\" src=\"https:\/\/www.medicalinstitut.cz\/wp-content\/uploads\/2025\/08\/MUDr.-Zunova-Simona.jpg\" class=\"team-member-avatar-image\" alt=\"\" srcset=\"https:\/\/www.medicalinstitut.cz\/wp-content\/uploads\/2025\/08\/MUDr.-Zunova-Simona.jpg 270w, https:\/\/www.medicalinstitut.cz\/wp-content\/uploads\/2025\/08\/MUDr.-Zunova-Simona-231x300.jpg 231w\" sizes=\"auto, (max-width: 269px) 100vw, 269px\" \/>\t\t\t\t\t<\/div>\n\t\t\t\t<\/div>\n\t\t\t\n\t\t\t<div class=\"member-details wd-set-mb reset-last-child\">\n\t\t\t\t\t\t\t\t\t<h4 class=\"member-name\">\n\t\t\t\t\t\tMUDr. Zunov\u00e1 Simona\t\t\t\t\t<\/h4>\n\t\t\t\t\n\t\t\t\t\t\t\t\t\t<div class=\"member-position\">\n\t\t\t\t\t\tSpecialist in aesthetic dermatology\t\t\t\t\t<\/div>\n\t\t\t\t\n\t\t\t\t\n\t\t\t\t\t\t\t<\/div>\n\t\t<\/div>\n\n\t\t<\/div><\/div><\/div><div class=\"wpb_column vc_column_container vc_col-sm-4 vc_col-xs-6 wd-rs-684bfe1dc1425\"><div class=\"vc_column-inner\"><div class=\"wpb_wrapper\"><\/div><\/div><\/div><\/div><\/div><\/div><\/div><\/div><div class=\"vc_row wpb_row vc_row-fluid\"><div class=\"wpb_column vc_column_container vc_col-sm-12\"><div class=\"vc_column-inner\"><div class=\"wpb_wrapper\">\n\t\t<div id=\"wd-6855c0a126128\" class=\"title-wrapper wd-wpb wd-set-mb reset-last-child  wd-rs-6855c0a126128 wd-title-color-default wd-title-style-default text-center vc_custom_1750450343728 wd-underline-colored\">\n\t\t\t\n\t\t\t<div class=\"liner-continer\">\n\t\t\t\t<h2 class=\"woodmart-title-container title  wd-font-weight-400 wd-fontsize-l\" >Price list for liquid lifting<\/h2>\n\t\t\t\t\t\t\t<\/div>\n\t\t\t\n\t\t\t\n\t\t\t\n\t\t<\/div>\n\t\t\n\t\t<div class=\"vc_row wpb_row vc_inner vc_row-fluid vc_custom_1749565796550 vc_row-has-fill wd-rs-6848415c0e9ba\"><div class=\"wpb_column vc_column_container vc_col-sm-6 vc_col-xs-8 wd-rs-6848417af18fe\"><div class=\"vc_column-inner vc_custom_1749565822899\"><div class=\"wpb_wrapper\">\t\t<div id=\"wd-6855c1378c999\" class=\"wd-text-block wd-wpb reset-last-child wd-rs-6855c1378c999 text-left wd-font-weight-400 color-primary wd-fontsize-s vc_custom_1750450502249\">\n\t\t\t<p>Liquid lift - Lenisna 200 mg - one location<\/p>\n\t\t<\/div>\n\t\t<\/div><\/div><\/div><div class=\"wpb_column vc_column_container vc_col-sm-6 vc_col-xs-4 wd-rs-68484172efe32\"><div class=\"vc_column-inner vc_custom_1749565815025\"><div class=\"wpb_wrapper\">\t\t<div id=\"wd-6855c1496e698\" class=\"wd-text-block wd-wpb reset-last-child wd-rs-6855c1496e698 text-right wd-font-weight-700 color-primary wd-fontsize-custom vc_custom_1750450508018\">\n\t\t\t<p>11 900 CZK<\/p>\n\t\t<\/div>\n\t\t<\/div><\/div><\/div><\/div><\/div><\/div><\/div><\/div><div class=\"vc_row wpb_row vc_row-fluid vc_custom_1749550289138 wd-rs-684804cd9f2b8\"><div class=\"wpb_column vc_column_container vc_col-sm-12\"><div class=\"vc_column-inner\"><div class=\"wpb_wrapper\">\n\t\t<div id=\"wd-6855c1571b2a3\" class=\"title-wrapper wd-wpb wd-set-mb reset-last-child  wd-rs-6855c1571b2a3 wd-title-color-default wd-title-style-default text-center vc_custom_1750450529834 wd-underline-colored\">\n\t\t\t\n\t\t\t<div class=\"liner-continer\">\n\t\t\t\t<h2 class=\"woodmart-title-container title  wd-font-weight-400 wd-fontsize-l\" >Who and how liquid lifting helped<\/h2>\n\t\t\t\t\t\t\t<\/div>\n\t\t\t\n\t\t\t\n\t\t\t\n\t\t<\/div>\n\t\t\n\t\t\t\t\t<div id=\"wd-684804ac22f41\" class=\"testimonials wd-rs-684804ac22f41 testimon-style-boxed color-scheme- wd-fontsize-xs testimon-align-center testimon-with-rating  wd-carousel-container\">\n\t\t\t\t\n\t\t\t\t\t\t\t\t\t<div class=\"wd-carousel-inner\">\n\t\t\t\t\t\t\t\t<div class=\"wd-carousel wd-grid\" data-scroll_per_page=\"yes\" style=\"--wd-col-lg:3;--wd-col-md:3;--wd-col-sm:1;--wd-gap-lg:30px;--wd-gap-sm:10px;\">\n\t\t\t\t\t\t\t\t\t\t\t<div class=\"wd-carousel-wrap\">\n\t\t\t\t\t\n\t\t\t\t\t\n<div class=\"testimonial  wd-carousel-item\">\n\t<div class=\"testimonial-inner\">\n\t\t\n\t\t<div class=\"testimonial-content\">\n\t\t\t<div class=\"testimonial-rating\">\n\t\t\t\t<span class=\"star-rating\">\n\t\t\t\t\t<span style=\"width:100%\"><\/span>\n\t\t\t\t<\/span>\n\t\t\t<\/div>\n\n\t\t\tAfter a liquid lift at the Medical Institute, I looked in the mirror for the first time in a long time and felt really beautiful. My contours are firmer, my cheeks are fuller, but the result looks completely natural.\n\t\t\t<footer>\n\t\t\t\tSvatava G., 53 years old\n\t\t\t\t\t\t\t<\/footer>\n\t\t<\/div>\n\t<\/div>\n<\/div>\n<div class=\"testimonial  wd-carousel-item\">\n\t<div class=\"testimonial-inner\">\n\t\t\n\t\t<div class=\"testimonial-content\">\n\t\t\t<div class=\"testimonial-rating\">\n\t\t\t\t<span class=\"star-rating\">\n\t\t\t\t\t<span style=\"width:100%\"><\/span>\n\t\t\t\t<\/span>\n\t\t\t<\/div>\n\n\t\t\tI was worried about the injections, but needlessly. The whole procedure was fine, the effect was visible right away and gradually got better.\n\t\t\t<footer>\n\t\t\t\tMilena H., 44 years old\n\t\t\t\t\t\t\t<\/footer>\n\t\t<\/div>\n\t<\/div>\n<\/div>\n<div class=\"testimonial  wd-carousel-item\">\n\t<div class=\"testimonial-inner\">\n\t\t\n\t\t<div class=\"testimonial-content\">\n\t\t\t<div class=\"testimonial-rating\">\n\t\t\t\t<span class=\"star-rating\">\n\t\t\t\t\t<span style=\"width:100%\"><\/span>\n\t\t\t\t<\/span>\n\t\t\t<\/div>\n\n\t\t\tI look younger, but still natural. I would never have believed that the face could be so beautifully rejuvenated without surgery. A big thank you to the entire team at the Medical Institute.\n\t\t\t<footer>\n\t\t\t\tElena L.., 59 years old\n\t\t\t\t\t\t\t<\/footer>\n\t\t<\/div>\n\t<\/div>\n<\/div>\n\t\t\t\t\t\t\t\t\t\t\t<\/div>\n\t\t\t\t\t\t\t\t\t<\/div>\n\n\t\t\t\t\t\t\t\t\t\t\t\t\t\t\t\t\t<div class=\"wd-nav-arrows wd-pos-sep wd-hover-1 wd-icon-2\">\n\t\t\t<div class=\"wd-btn-arrow wd-prev wd-disabled\">\n\t\t\t\t<div class=\"wd-arrow-inner\"><\/div>\n\t\t\t<\/div>\n\t\t\t<div class=\"wd-btn-arrow wd-next\">\n\t\t\t\t<div class=\"wd-arrow-inner\"><\/div>\n\t\t\t<\/div>\n\t\t<\/div>\n\t\t\t\t\t\t\t\n\t\t\t\t\t<\/div>\n\n\t\t\t\t\t\t\t<div class=\"wd-nav-pagin-wrap text-center wd-style-shape wd-hide-md-sm wd-hide-sm\">\n\t\t\t<ul class=\"wd-nav-pagin\"><\/ul>\n\t\t<\/div>\n\t\t\t\t\t\t\t\t\t\t\t\t\t\t<\/div>\n\t\t<\/div><\/div><\/div><\/div>\n<\/div>","protected":false},"excerpt":{"rendered":"Tekut\u00fd lifting v Plzni Tekut\u00fd lifting: pevn\u011bj\u0161\u00ed tv\u00e1\u0159e, ost\u0159ej\u0161\u00ed linie, mlad\u0161\u00ed vzhled Tekut\u00fd lifting je modern\u00ed a \u0161etrn\u00e1 metoda omlazen\u00ed","protected":false},"author":3,"featured_media":0,"parent":0,"menu_order":0,"comment_status":"closed","ping_status":"closed","template":"","meta":{"footnotes":""},"class_list":["post-10012","page","type-page","status-publish","hentry"],"yoast_head":"<!-- This site is optimized with the Yoast SEO plugin v25.3 - https:\/\/yoast.com\/wordpress\/plugins\/seo\/ -->\n<title>Botox na vr\u00e1sky pod o\u010dima a kolem o\u010d\u00ed - Medical Institut<\/title>\n<meta name=\"description\" content=\"Jsme specialist\u00e9 na aplikaci botoxu do oblasti kolem o\u010d\u00ed. R\u00e1di pom\u016f\u017eeme i v\u00e1m. V\u00edme, \u017ee i drobn\u00fd z\u00e1sah m\u00e1 z\u00e1sadn\u00ed vliv na celkov\u00fd v\u00fdraz obli\u010deje.\" \/>\n<meta name=\"robots\" content=\"index, follow, max-snippet:-1, max-image-preview:large, max-video-preview:-1\" \/>\n<link rel=\"canonical\" href=\"https:\/\/www.medicalinstitut.cz\/en\/tekuty-lifting\/\" \/>\n<meta property=\"og:locale\" content=\"en_GB\" \/>\n<meta property=\"og:type\" content=\"article\" \/>\n<meta property=\"og:title\" content=\"Botox na vr\u00e1sky pod o\u010dima a kolem o\u010d\u00ed - Medical Institut\" \/>\n<meta property=\"og:description\" content=\"Jsme specialist\u00e9 na aplikaci botoxu do oblasti kolem o\u010d\u00ed. R\u00e1di pom\u016f\u017eeme i v\u00e1m. V\u00edme, \u017ee i drobn\u00fd z\u00e1sah m\u00e1 z\u00e1sadn\u00ed vliv na celkov\u00fd v\u00fdraz obli\u010deje.\" \/>\n<meta property=\"og:url\" content=\"https:\/\/www.medicalinstitut.cz\/en\/tekuty-lifting\/\" \/>\n<meta property=\"og:site_name\" content=\"Medical Institut\" \/>\n<meta property=\"article:modified_time\" content=\"2025-08-12T05:25:28+00:00\" \/>\n<meta name=\"twitter:card\" content=\"summary_large_image\" \/>\n<meta name=\"twitter:label1\" content=\"Estimated reading time\" \/>\n\t<meta name=\"twitter:data1\" content=\"7 minutes\" \/>\n<script type=\"application\/ld+json\" class=\"yoast-schema-graph\">{\"@context\":\"https:\/\/schema.org\",\"@graph\":[{\"@type\":\"WebPage\",\"@id\":\"https:\/\/www.medicalinstitut.cz\/tekuty-lifting\/\",\"url\":\"https:\/\/www.medicalinstitut.cz\/tekuty-lifting\/\",\"name\":\"Botox na vr\u00e1sky pod o\u010dima a kolem o\u010d\u00ed - Medical Institut\",\"isPartOf\":{\"@id\":\"https:\/\/www.medicalinstitut.cz\/#website\"},\"datePublished\":\"2025-06-20T19:49:50+00:00\",\"dateModified\":\"2025-08-12T05:25:28+00:00\",\"description\":\"Jsme specialist\u00e9 na aplikaci botoxu do oblasti kolem o\u010d\u00ed. R\u00e1di pom\u016f\u017eeme i v\u00e1m. V\u00edme, \u017ee i drobn\u00fd z\u00e1sah m\u00e1 z\u00e1sadn\u00ed vliv na celkov\u00fd v\u00fdraz obli\u010deje.\",\"breadcrumb\":{\"@id\":\"https:\/\/www.medicalinstitut.cz\/tekuty-lifting\/#breadcrumb\"},\"inLanguage\":\"en-GB\",\"potentialAction\":[{\"@type\":\"ReadAction\",\"target\":[\"https:\/\/www.medicalinstitut.cz\/tekuty-lifting\/\"]}]},{\"@type\":\"BreadcrumbList\",\"@id\":\"https:\/\/www.medicalinstitut.cz\/tekuty-lifting\/#breadcrumb\",\"itemListElement\":[{\"@type\":\"ListItem\",\"position\":1,\"name\":\"Dom\u016f\",\"item\":\"https:\/\/www.medicalinstitut.cz\/\"},{\"@type\":\"ListItem\",\"position\":2,\"name\":\"Tekut\u00fd lifting\"}]},{\"@type\":\"WebSite\",\"@id\":\"https:\/\/www.medicalinstitut.cz\/#website\",\"url\":\"https:\/\/www.medicalinstitut.cz\/\",\"name\":\"Medical Institut\",\"description\":\"\",\"potentialAction\":[{\"@type\":\"SearchAction\",\"target\":{\"@type\":\"EntryPoint\",\"urlTemplate\":\"https:\/\/www.medicalinstitut.cz\/?s={search_term_string}\"},\"query-input\":{\"@type\":\"PropertyValueSpecification\",\"valueRequired\":true,\"valueName\":\"search_term_string\"}}],\"inLanguage\":\"en-GB\"}]}<\/script>\n<!-- \/ Yoast SEO plugin. -->","yoast_head_json":{"title":"Botox na vr\u00e1sky pod o\u010dima a kolem o\u010d\u00ed - Medical Institut","description":"Jsme specialist\u00e9 na aplikaci botoxu do oblasti kolem o\u010d\u00ed. R\u00e1di pom\u016f\u017eeme i v\u00e1m. V\u00edme, \u017ee i drobn\u00fd z\u00e1sah m\u00e1 z\u00e1sadn\u00ed vliv na celkov\u00fd v\u00fdraz obli\u010deje.","robots":{"index":"index","follow":"follow","max-snippet":"max-snippet:-1","max-image-preview":"max-image-preview:large","max-video-preview":"max-video-preview:-1"},"canonical":"https:\/\/www.medicalinstitut.cz\/en\/tekuty-lifting\/","og_locale":"en_GB","og_type":"article","og_title":"Botox na vr\u00e1sky pod o\u010dima a kolem o\u010d\u00ed - Medical Institut","og_description":"Jsme specialist\u00e9 na aplikaci botoxu do oblasti kolem o\u010d\u00ed. R\u00e1di pom\u016f\u017eeme i v\u00e1m. V\u00edme, \u017ee i drobn\u00fd z\u00e1sah m\u00e1 z\u00e1sadn\u00ed vliv na celkov\u00fd v\u00fdraz obli\u010deje.","og_url":"https:\/\/www.medicalinstitut.cz\/en\/tekuty-lifting\/","og_site_name":"Medical Institut","article_modified_time":"2025-08-12T05:25:28+00:00","twitter_card":"summary_large_image","twitter_misc":{"Estimated reading time":"7 minutes"},"schema":{"@context":"https:\/\/schema.org","@graph":[{"@type":"WebPage","@id":"https:\/\/www.medicalinstitut.cz\/tekuty-lifting\/","url":"https:\/\/www.medicalinstitut.cz\/tekuty-lifting\/","name":"Botox na vr\u00e1sky pod o\u010dima a kolem o\u010d\u00ed - Medical Institut","isPartOf":{"@id":"https:\/\/www.medicalinstitut.cz\/#website"},"datePublished":"2025-06-20T19:49:50+00:00","dateModified":"2025-08-12T05:25:28+00:00","description":"Jsme specialist\u00e9 na aplikaci botoxu do oblasti kolem o\u010d\u00ed. R\u00e1di pom\u016f\u017eeme i v\u00e1m. V\u00edme, \u017ee i drobn\u00fd z\u00e1sah m\u00e1 z\u00e1sadn\u00ed vliv na celkov\u00fd v\u00fdraz obli\u010deje.","breadcrumb":{"@id":"https:\/\/www.medicalinstitut.cz\/tekuty-lifting\/#breadcrumb"},"inLanguage":"en-GB","potentialAction":[{"@type":"ReadAction","target":["https:\/\/www.medicalinstitut.cz\/tekuty-lifting\/"]}]},{"@type":"BreadcrumbList","@id":"https:\/\/www.medicalinstitut.cz\/tekuty-lifting\/#breadcrumb","itemListElement":[{"@type":"ListItem","position":1,"name":"Dom\u016f","item":"https:\/\/www.medicalinstitut.cz\/"},{"@type":"ListItem","position":2,"name":"Tekut\u00fd lifting"}]},{"@type":"WebSite","@id":"https:\/\/www.medicalinstitut.cz\/#website","url":"https:\/\/www.medicalinstitut.cz\/","name":"Medical Institute","description":"","potentialAction":[{"@type":"SearchAction","target":{"@type":"EntryPoint","urlTemplate":"https:\/\/www.medicalinstitut.cz\/?s={search_term_string}"},"query-input":{"@type":"PropertyValueSpecification","valueRequired":true,"valueName":"search_term_string"}}],"inLanguage":"en-GB"}]}},"_links":{"self":[{"href":"https:\/\/www.medicalinstitut.cz\/en\/wp-json\/wp\/v2\/pages\/10012","targetHints":{"allow":["GET"]}}],"collection":[{"href":"https:\/\/www.medicalinstitut.cz\/en\/wp-json\/wp\/v2\/pages"}],"about":[{"href":"https:\/\/www.medicalinstitut.cz\/en\/wp-json\/wp\/v2\/types\/page"}],"author":[{"embeddable":true,"href":"https:\/\/www.medicalinstitut.cz\/en\/wp-json\/wp\/v2\/users\/3"}],"replies":[{"embeddable":true,"href":"https:\/\/www.medicalinstitut.cz\/en\/wp-json\/wp\/v2\/comments?post=10012"}],"version-history":[{"count":0,"href":"https:\/\/www.medicalinstitut.cz\/en\/wp-json\/wp\/v2\/pages\/10012\/revisions"}],"wp:attachment":[{"href":"https:\/\/www.medicalinstitut.cz\/en\/wp-json\/wp\/v2\/media?parent=10012"}],"curies":[{"name":"wp","href":"https:\/\/api.w.org\/{rel}","templated":true}]}}