{"id":9678,"date":"2025-05-07T14:18:49","date_gmt":"2025-05-07T14:18:49","guid":{"rendered":"https:\/\/www.medicalinstitut.cz\/?page_id=9678"},"modified":"2025-08-04T15:10:39","modified_gmt":"2025-08-04T15:10:39","slug":"intimni-oblast","status":"publish","type":"page","link":"https:\/\/www.medicalinstitut.cz\/de\/intimni-oblast\/","title":{"rendered":"Intimbereich"},"content":{"rendered":"<div class=\"wpb-content-wrapper\"><div class=\"vc_row wpb_row vc_row-fluid vc_custom_1754320238619 wd-rs-6890cd6a24270\"><div class=\"wpb_column vc_column_container vc_col-sm-12\"><div class=\"vc_column-inner\"><div class=\"wpb_wrapper\">\n\t\t<div id=\"wd-681b6b607da82\" class=\"title-wrapper wd-wpb wd-set-mb reset-last-child  wd-rs-681b6b607da82 wd-title-color-default wd-title-style-default text-center  wd-underline-colored\">\n\t\t\t\n\t\t\t<div class=\"liner-continer\">\n\t\t\t\t<h1 class=\"woodmart-title-container title  wd-font-weight-400 wd-fontsize-l\" >Intimbereich<\/h1>\n\t\t\t\t\t\t\t<\/div>\n\t\t\t\n\t\t\t\n\t\t\t\n\t\t<\/div>\n\t\t\n\t\t<div class=\"vc_row wpb_row vc_inner vc_row-fluid vc_custom_1746621444572 vc_row-has-fill vc_row-o-content-middle vc_row-flex wd-rs-681b53fda200b\"><div class=\"wpb_column vc_column_container vc_col-sm-8 wd-rs-681b531560900\"><div class=\"vc_column-inner vc_custom_1746621212580\"><div class=\"wpb_wrapper\">\t\t<div id=\"wd-681b6b64ef2cf\" class=\"wd-text-block wd-wpb reset-last-child wd-rs-681b6b64ef2cf text-left wd-font-weight-500 color-primary wd-fontsize-custom vc_custom_1746627434396\">\n\t\t\t<p>Klitorisvergr\u00f6\u00dferung<\/p>\n\t\t<\/div>\n\t\t<\/div><\/div><\/div><div class=\"wpb_column vc_column_container vc_col-sm-4 vc_col-xs-2 vc_hidden-xs wd-rs-681b530d97b10\"><div class=\"vc_column-inner vc_custom_1746621202976\"><div class=\"wpb_wrapper\">\t\t<div id=\"wd-6872b3d87823a\" class=\"wd-image wd-wpb wd-rs-6872b3d87823a text-right vc_custom_1752347623201\">\n\t\t\t\t\t\t\t<a href=\"\/de\/zvetseni-klitorisu\/\" >\n\t\t\t\n\t\t\t<img decoding=\"async\"  src=\"https:\/\/www.medicalinstitut.cz\/wp-content\/uploads\/2025\/04\/sipka-modra.svg\" title=\"sipka-blau\" loading=\"lazy\" width=\"55\" height=\"16\">\n\t\t\t\t\t\t\t<\/a>\n\t\t\t\t\t<\/div>\n\t\t<\/div><\/div><\/div><\/div><div class=\"vc_row wpb_row vc_inner vc_row-fluid vc_custom_1746626608314 vc_row-has-fill vc_row-o-content-middle vc_row-flex wd-rs-681b682c86f10\"><div class=\"wpb_column vc_column_container vc_col-sm-8 wd-rs-681b531560900\"><div class=\"vc_column-inner vc_custom_1746621212580\"><div class=\"wpb_wrapper\">\t\t<div id=\"wd-681b6b721797c\" class=\"wd-text-block wd-wpb reset-last-child wd-rs-681b6b721797c text-left wd-font-weight-500 color-primary wd-fontsize-custom vc_custom_1746627444669\">\n\t\t\t<p>G-Punkt-Vergr\u00f6\u00dferung<\/p>\n\t\t<\/div>\n\t\t<\/div><\/div><\/div><div class=\"wpb_column vc_column_container vc_col-sm-4 vc_col-xs-2 vc_hidden-xs wd-rs-681b530d97b10\"><div class=\"vc_column-inner vc_custom_1746621202976\"><div class=\"wpb_wrapper\">\t\t<div id=\"wd-6872b3ea78ac9\" class=\"wd-image wd-wpb wd-rs-6872b3ea78ac9 text-right vc_custom_1752347637404\">\n\t\t\t\t\t\t\t<a href=\"\/de\/augmentace-bodu-g\/\" >\n\t\t\t\n\t\t\t<img decoding=\"async\"  src=\"https:\/\/www.medicalinstitut.cz\/wp-content\/uploads\/2025\/04\/sipka-modra.svg\" title=\"sipka-blau\" loading=\"lazy\" width=\"55\" height=\"16\">\n\t\t\t\t\t\t\t<\/a>\n\t\t\t\t\t<\/div>\n\t\t<\/div><\/div><\/div><\/div><div class=\"vc_row wpb_row vc_inner vc_row-fluid vc_custom_1746626608314 vc_row-has-fill vc_row-o-content-middle vc_row-flex wd-rs-681b682c86f10\"><div class=\"wpb_column vc_column_container vc_col-sm-8 wd-rs-681b531560900\"><div class=\"vc_column-inner vc_custom_1746621212580\"><div class=\"wpb_wrapper\">\t\t<div id=\"wd-681b6ba85651c\" class=\"wd-text-block wd-wpb reset-last-child wd-rs-681b6ba85651c text-left wd-font-weight-500 color-primary wd-fontsize-custom vc_custom_1746627498259\">\n\t\t\t<p>Beschneidung<\/p>\n\t\t<\/div>\n\t\t<\/div><\/div><\/div><div class=\"wpb_column vc_column_container vc_col-sm-4 vc_col-xs-2 vc_hidden-xs wd-rs-681b530d97b10\"><div class=\"vc_column-inner vc_custom_1746621202976\"><div class=\"wpb_wrapper\">\t\t<div id=\"wd-6872b3fca6bd5\" class=\"wd-image wd-wpb wd-rs-6872b3fca6bd5 text-right vc_custom_1752347653293\">\n\t\t\t\t\t\t\t<a href=\"\/de\/obrizka\/\" >\n\t\t\t\n\t\t\t<img decoding=\"async\"  src=\"https:\/\/www.medicalinstitut.cz\/wp-content\/uploads\/2025\/04\/sipka-modra.svg\" title=\"sipka-blau\" loading=\"lazy\" width=\"55\" height=\"16\">\n\t\t\t\t\t\t\t<\/a>\n\t\t\t\t\t<\/div>\n\t\t<\/div><\/div><\/div><\/div><div class=\"vc_row wpb_row vc_inner vc_row-fluid vc_custom_1746626608314 vc_row-has-fill vc_row-o-content-middle vc_row-flex wd-rs-681b682c86f10\"><div class=\"wpb_column vc_column_container vc_col-sm-8 wd-rs-681b531560900\"><div class=\"vc_column-inner vc_custom_1746621212580\"><div class=\"wpb_wrapper\">\t\t<div id=\"wd-681b6bb307fc8\" class=\"wd-text-block wd-wpb reset-last-child wd-rs-681b6bb307fc8 text-left wd-font-weight-500 color-primary wd-fontsize-custom vc_custom_1746627512355\">\n\t\t\t<p>Verj\u00fcngung der gro\u00dfen Schamlippen<\/p>\n\t\t<\/div>\n\t\t<\/div><\/div><\/div><div class=\"wpb_column vc_column_container vc_col-sm-4 vc_col-xs-2 vc_hidden-xs wd-rs-681b530d97b10\"><div class=\"vc_column-inner vc_custom_1746621202976\"><div class=\"wpb_wrapper\">\t\t<div id=\"wd-6872b40972b2d\" class=\"wd-image wd-wpb wd-rs-6872b40972b2d text-right vc_custom_1752347666620\">\n\t\t\t\t\t\t\t<a href=\"\/de\/omlazeni-velkych-stydkych-pysku\/\" >\n\t\t\t\n\t\t\t<img decoding=\"async\"  src=\"https:\/\/www.medicalinstitut.cz\/wp-content\/uploads\/2025\/04\/sipka-modra.svg\" title=\"sipka-blau\" loading=\"lazy\" width=\"55\" height=\"16\">\n\t\t\t\t\t\t\t<\/a>\n\t\t\t\t\t<\/div>\n\t\t<\/div><\/div><\/div><\/div><div class=\"vc_row wpb_row vc_inner vc_row-fluid vc_custom_1746626608314 vc_row-has-fill vc_row-o-content-middle vc_row-flex wd-rs-681b682c86f10\"><div class=\"wpb_column vc_column_container vc_col-sm-8 wd-rs-681b531560900\"><div class=\"vc_column-inner vc_custom_1746621212580\"><div class=\"wpb_wrapper\">\t\t<div id=\"wd-681b6bbea6697\" class=\"wd-text-block wd-wpb reset-last-child wd-rs-681b6bbea6697 text-left wd-font-weight-500 color-primary wd-fontsize-custom vc_custom_1746627520799\">\n\t\t\t<p>Laser-Haarentfernung<\/p>\n\t\t<\/div>\n\t\t<\/div><\/div><\/div><div class=\"wpb_column vc_column_container vc_col-sm-4 vc_col-xs-2 vc_hidden-xs wd-rs-681b530d97b10\"><div class=\"vc_column-inner vc_custom_1746621202976\"><div class=\"wpb_wrapper\">\t\t<div id=\"wd-6872b416dc8e5\" class=\"wd-image wd-wpb wd-rs-6872b416dc8e5 text-right vc_custom_1752347698437\">\n\t\t\t\t\t\t\t<a href=\"\/de\/laserova-epilace\/\" >\n\t\t\t\n\t\t\t<img decoding=\"async\"  src=\"https:\/\/www.medicalinstitut.cz\/wp-content\/uploads\/2025\/04\/sipka-modra.svg\" title=\"sipka-blau\" loading=\"lazy\" width=\"55\" height=\"16\">\n\t\t\t\t\t\t\t<\/a>\n\t\t\t\t\t<\/div>\n\t\t<\/div><\/div><\/div><\/div><div class=\"vc_row wpb_row vc_inner vc_row-fluid vc_custom_1746626608314 vc_row-has-fill vc_row-o-content-middle vc_row-flex wd-rs-681b682c86f10\"><div class=\"wpb_column vc_column_container vc_col-sm-8 wd-rs-681b531560900\"><div class=\"vc_column-inner vc_custom_1746621212580\"><div class=\"wpb_wrapper\">\t\t<div id=\"wd-688c8e75302cd\" class=\"wd-text-block wd-wpb reset-last-child wd-rs-688c8e75302cd text-left wd-font-weight-500 color-primary wd-fontsize-custom vc_custom_1754041977240\">\n\t\t\t<p>Schamlippenkorrektur<\/p>\n\t\t<\/div>\n\t\t<\/div><\/div><\/div><div class=\"wpb_column vc_column_container vc_col-sm-4 vc_col-xs-2 vc_hidden-xs wd-rs-681b530d97b10\"><div class=\"vc_column-inner vc_custom_1746621202976\"><div class=\"wpb_wrapper\">\t\t<div id=\"wd-688c8e892c92b\" class=\"wd-image wd-wpb wd-rs-688c8e892c92b text-right vc_custom_1754041997247\">\n\t\t\t\t\t\t\t<a href=\"\/de\/labioplastika\/\" >\n\t\t\t\n\t\t\t<img decoding=\"async\"  src=\"https:\/\/www.medicalinstitut.cz\/wp-content\/uploads\/2025\/04\/sipka-modra.svg\" title=\"sipka-blau\" loading=\"lazy\" width=\"55\" height=\"16\">\n\t\t\t\t\t\t\t<\/a>\n\t\t\t\t\t<\/div>\n\t\t<\/div><\/div><\/div><\/div><div class=\"vc_row wpb_row vc_inner vc_row-fluid vc_custom_1746626608314 vc_row-has-fill vc_row-o-content-middle vc_row-flex wd-rs-681b682c86f10\"><div class=\"wpb_column vc_column_container vc_col-sm-8 wd-rs-681b531560900\"><div class=\"vc_column-inner vc_custom_1746621212580\"><div class=\"wpb_wrapper\">\t\t<div id=\"wd-688c9b6c55b7e\" class=\"wd-text-block wd-wpb reset-last-child wd-rs-688c9b6c55b7e text-left wd-font-weight-500 color-primary wd-fontsize-custom vc_custom_1754045294651\">\n\t\t\t<p>Aufzug des Venush\u00fcgels<\/p>\n\t\t<\/div>\n\t\t<\/div><\/div><\/div><div class=\"wpb_column vc_column_container vc_col-sm-4 vc_col-xs-2 vc_hidden-xs wd-rs-681b530d97b10\"><div class=\"vc_column-inner vc_custom_1746621202976\"><div class=\"wpb_wrapper\">\t\t<div id=\"wd-688c9b869f9c3\" class=\"wd-image wd-wpb wd-rs-688c9b869f9c3 text-right vc_custom_1754045322358\">\n\t\t\t\t\t\t\t<a href=\"\/de\/lift-venusina-pahorku\/\" >\n\t\t\t\n\t\t\t<img decoding=\"async\"  src=\"https:\/\/www.medicalinstitut.cz\/wp-content\/uploads\/2025\/04\/sipka-modra.svg\" title=\"sipka-blau\" loading=\"lazy\" width=\"55\" height=\"16\">\n\t\t\t\t\t\t\t<\/a>\n\t\t\t\t\t<\/div>\n\t\t<\/div><\/div><\/div><\/div><\/div><\/div><\/div><\/div>\n<\/div>","protected":false},"excerpt":{"rendered":"Intimn\u00ed oblast Zv\u011bt\u0161en\u00ed klitorisu Augmentace bodu G Ob\u0159\u00edzka Omlazen\u00ed velk\u00fdch stydk\u00fdch pysk\u016f Laserov\u00e1 epilace Labioplastika Lift Venu\u0161ina pahorku","protected":false},"author":2,"featured_media":0,"parent":0,"menu_order":0,"comment_status":"closed","ping_status":"closed","template":"","meta":{"footnotes":""},"class_list":["post-9678","page","type-page","status-publish","hentry"],"yoast_head":"<!-- This site is optimized with the Yoast SEO plugin v25.3 - https:\/\/yoast.com\/wordpress\/plugins\/seo\/ -->\n<title>Intimn\u00ed oblast - Medical Institut<\/title>\n<meta name=\"robots\" content=\"index, follow, max-snippet:-1, max-image-preview:large, max-video-preview:-1\" \/>\n<link rel=\"canonical\" href=\"https:\/\/www.medicalinstitut.cz\/de\/intimni-oblast\/\" \/>\n<meta property=\"og:locale\" content=\"de_DE\" \/>\n<meta property=\"og:type\" content=\"article\" \/>\n<meta property=\"og:title\" content=\"Intimn\u00ed oblast - Medical Institut\" \/>\n<meta property=\"og:url\" content=\"https:\/\/www.medicalinstitut.cz\/de\/intimni-oblast\/\" \/>\n<meta property=\"og:site_name\" content=\"Medical Institut\" \/>\n<meta property=\"article:modified_time\" content=\"2025-08-04T15:10:39+00:00\" \/>\n<meta name=\"twitter:card\" content=\"summary_large_image\" \/>\n<meta name=\"twitter:label1\" content=\"Gesch\u00e4tzte Lesezeit\" \/>\n\t<meta name=\"twitter:data1\" content=\"6\u00a0Minuten\" \/>\n<script type=\"application\/ld+json\" class=\"yoast-schema-graph\">{\"@context\":\"https:\/\/schema.org\",\"@graph\":[{\"@type\":\"WebPage\",\"@id\":\"https:\/\/www.medicalinstitut.cz\/intimni-oblast\/\",\"url\":\"https:\/\/www.medicalinstitut.cz\/intimni-oblast\/\",\"name\":\"Intimn\u00ed oblast - Medical Institut\",\"isPartOf\":{\"@id\":\"https:\/\/www.medicalinstitut.cz\/#website\"},\"datePublished\":\"2025-05-07T14:18:49+00:00\",\"dateModified\":\"2025-08-04T15:10:39+00:00\",\"breadcrumb\":{\"@id\":\"https:\/\/www.medicalinstitut.cz\/intimni-oblast\/#breadcrumb\"},\"inLanguage\":\"de\",\"potentialAction\":[{\"@type\":\"ReadAction\",\"target\":[\"https:\/\/www.medicalinstitut.cz\/intimni-oblast\/\"]}]},{\"@type\":\"BreadcrumbList\",\"@id\":\"https:\/\/www.medicalinstitut.cz\/intimni-oblast\/#breadcrumb\",\"itemListElement\":[{\"@type\":\"ListItem\",\"position\":1,\"name\":\"Dom\u016f\",\"item\":\"https:\/\/www.medicalinstitut.cz\/\"},{\"@type\":\"ListItem\",\"position\":2,\"name\":\"Intimn\u00ed oblast\"}]},{\"@type\":\"WebSite\",\"@id\":\"https:\/\/www.medicalinstitut.cz\/#website\",\"url\":\"https:\/\/www.medicalinstitut.cz\/\",\"name\":\"Medical Institut\",\"description\":\"\",\"potentialAction\":[{\"@type\":\"SearchAction\",\"target\":{\"@type\":\"EntryPoint\",\"urlTemplate\":\"https:\/\/www.medicalinstitut.cz\/?s={search_term_string}\"},\"query-input\":{\"@type\":\"PropertyValueSpecification\",\"valueRequired\":true,\"valueName\":\"search_term_string\"}}],\"inLanguage\":\"de\"}]}<\/script>\n<!-- \/ Yoast SEO plugin. -->","yoast_head_json":{"title":"Intimn\u00ed oblast - Medical Institut","robots":{"index":"index","follow":"follow","max-snippet":"max-snippet:-1","max-image-preview":"max-image-preview:large","max-video-preview":"max-video-preview:-1"},"canonical":"https:\/\/www.medicalinstitut.cz\/de\/intimni-oblast\/","og_locale":"de_DE","og_type":"article","og_title":"Intimn\u00ed oblast - Medical Institut","og_url":"https:\/\/www.medicalinstitut.cz\/de\/intimni-oblast\/","og_site_name":"Medical Institut","article_modified_time":"2025-08-04T15:10:39+00:00","twitter_card":"summary_large_image","twitter_misc":{"Gesch\u00e4tzte Lesezeit":"6\u00a0Minuten"},"schema":{"@context":"https:\/\/schema.org","@graph":[{"@type":"WebPage","@id":"https:\/\/www.medicalinstitut.cz\/intimni-oblast\/","url":"https:\/\/www.medicalinstitut.cz\/intimni-oblast\/","name":"Intimn\u00ed oblast - Medical Institut","isPartOf":{"@id":"https:\/\/www.medicalinstitut.cz\/#website"},"datePublished":"2025-05-07T14:18:49+00:00","dateModified":"2025-08-04T15:10:39+00:00","breadcrumb":{"@id":"https:\/\/www.medicalinstitut.cz\/intimni-oblast\/#breadcrumb"},"inLanguage":"de","potentialAction":[{"@type":"ReadAction","target":["https:\/\/www.medicalinstitut.cz\/intimni-oblast\/"]}]},{"@type":"BreadcrumbList","@id":"https:\/\/www.medicalinstitut.cz\/intimni-oblast\/#breadcrumb","itemListElement":[{"@type":"ListItem","position":1,"name":"Dom\u016f","item":"https:\/\/www.medicalinstitut.cz\/"},{"@type":"ListItem","position":2,"name":"Intimn\u00ed oblast"}]},{"@type":"WebSite","@id":"https:\/\/www.medicalinstitut.cz\/#website","url":"https:\/\/www.medicalinstitut.cz\/","name":"Medizinisches Institut","description":"","potentialAction":[{"@type":"SearchAction","target":{"@type":"EntryPoint","urlTemplate":"https:\/\/www.medicalinstitut.cz\/?s={search_term_string}"},"query-input":{"@type":"PropertyValueSpecification","valueRequired":true,"valueName":"search_term_string"}}],"inLanguage":"de"}]}},"_links":{"self":[{"href":"https:\/\/www.medicalinstitut.cz\/de\/wp-json\/wp\/v2\/pages\/9678","targetHints":{"allow":["GET"]}}],"collection":[{"href":"https:\/\/www.medicalinstitut.cz\/de\/wp-json\/wp\/v2\/pages"}],"about":[{"href":"https:\/\/www.medicalinstitut.cz\/de\/wp-json\/wp\/v2\/types\/page"}],"author":[{"embeddable":true,"href":"https:\/\/www.medicalinstitut.cz\/de\/wp-json\/wp\/v2\/users\/2"}],"replies":[{"embeddable":true,"href":"https:\/\/www.medicalinstitut.cz\/de\/wp-json\/wp\/v2\/comments?post=9678"}],"version-history":[{"count":0,"href":"https:\/\/www.medicalinstitut.cz\/de\/wp-json\/wp\/v2\/pages\/9678\/revisions"}],"wp:attachment":[{"href":"https:\/\/www.medicalinstitut.cz\/de\/wp-json\/wp\/v2\/media?parent=9678"}],"curies":[{"name":"wp","href":"https:\/\/api.w.org\/{rel}","templated":true}]}}