{"id":10928,"date":"2025-08-01T10:19:46","date_gmt":"2025-08-01T10:19:46","guid":{"rendered":"https:\/\/www.medicalinstitut.cz\/?page_id=10928"},"modified":"2026-04-01T06:57:39","modified_gmt":"2026-04-01T06:57:39","slug":"lift-venusina-pahorku","status":"publish","type":"page","link":"https:\/\/www.medicalinstitut.cz\/de\/lift-venusina-pahorku\/","title":{"rendered":"Aufzug des Venush\u00fcgels"},"content":{"rendered":"<div class=\"wpb-content-wrapper\"><div class=\"vc_row wpb_row vc_row-fluid vc_custom_1754371696047 wd-rs-6891966c6a846\"><div class=\"wpb_column vc_column_container vc_col-sm-12\"><div class=\"vc_column-inner\"><div class=\"wpb_wrapper\">\n\t\t<div id=\"wd-688c94b25f9fa\" class=\"title-wrapper wd-wpb wd-set-mb reset-last-child  wd-rs-688c94b25f9fa wd-title-color-default wd-title-style-default text-center  wd-underline-colored\">\n\t\t\t\n\t\t\t<div class=\"liner-continer\">\n\t\t\t\t<h1 class=\"woodmart-title-container title  wd-font-weight-400 wd-fontsize-l\" >Aufzug des Venush\u00fcgels<\/h1>\n\t\t\t\t\t\t\t<\/div>\n\t\t\t\n\t\t\t\n\t\t\t\n\t\t<\/div>\n\t\t\n\t\t<div class=\"vc_row wpb_row vc_inner vc_row-fluid vc_custom_1749565566776 vc_row-has-fill vc_column-gap-35 row-reverse-mobile row-reverse-tablet wd-rs-68484075bb4eb\"><div class=\"wpb_column vc_column_container vc_col-sm-6 wd-rs-6848429d8ba56\"><div class=\"vc_column-inner\"><div class=\"wpb_wrapper\">\n\t\t<div id=\"wd-688c94fbc5876\" class=\"title-wrapper wd-wpb wd-set-mb reset-last-child  wd-rs-688c94fbc5876 wd-title-color-default wd-title-style-default text-left vc_custom_1754043660331 wd-underline-colored\">\n\t\t\t\n\t\t\t<div class=\"liner-continer\">\n\t\t\t\t<h2 class=\"woodmart-title-container title  wd-font-weight-400 wd-fontsize-l\" >Wir k\u00f6nnen das schlaffe Aussehen des Venush\u00fcgels l\u00f6sen<\/h2>\n\t\t\t\t\t\t\t<\/div>\n\t\t\t\n\t\t\t\t\t\t\t<div class=\"title-after_title reset-last-child  wd-fontsize-xs\">Der Bereich des Venush\u00fcgels, das weiche Fettgewebe oberhalb des Schambeins, kann im Alter, bei hormonellen Ver\u00e4nderungen, nach einer Geburt oder bei starkem Gewichtsverlust an Festigkeit und Volumen verlieren. Das Ergebnis ist eine schlaffe Haut, die nicht nur \u00e4sthetisch, sondern in manchen F\u00e4llen auch funktionell st\u00f6rend sein kann (z. B. beim Tragen von Unterw\u00e4sche, Badekleidung oder beim Sport).<\/p>\n<p>Im Medical Institute bieten wir eine moderne L\u00f6sung f\u00fcr dieses intime Problem an, bei der wir Wert auf nat\u00fcrliche Ergebnisse, Komfort und maximale Diskretion legen.<\/div>\n\t\t\t\n\t\t\t\n\t\t<\/div>\n\t\t\n\t\t<div id=\"wd-684807d7e62d2\" class=\"wd-rs-684807d7e62d2 vc_custom_1749551070600 wd-button-wrapper wd-smooth-scroll text-left\" data-smooth-time=\"500\" data-smooth-offset=\"\"><a href=\"#kontakt\" title=\"\" style=\"--btn-color:#fff;--btn-color-hover:#fff;\" class=\"btn btn-style-default btn-shape-rectangle btn-size-extra-large btn-icon-pos-right\">BESTELLUNG<span class=\"wd-btn-icon\"><img decoding=\"async\"  src=\"https:\/\/www.medicalinstitut.cz\/wp-content\/uploads\/2025\/04\/sipka-1.svg\" title=\"sipka\" loading=\"lazy\" width=\"38\" height=\"11\"><\/span><\/a><\/div><\/div><\/div><\/div><div class=\"wpb_column vc_column_container vc_col-sm-6 wd-rs-68483f773ca0b\"><div class=\"vc_column-inner\"><div class=\"wpb_wrapper\">\t\t<div id=\"wd-688c94e0d58d6\" class=\"wd-image wd-wpb wd-rs-688c94e0d58d6 text-left\">\n\t\t\t\n\t\t\t<img loading=\"lazy\" decoding=\"async\" width=\"780\" height=\"568\" src=\"https:\/\/www.medicalinstitut.cz\/wp-content\/uploads\/2025\/08\/venusin-pahorek.jpg\" class=\"attachment-full size-full\" alt=\"\" srcset=\"https:\/\/www.medicalinstitut.cz\/wp-content\/uploads\/2025\/08\/venusin-pahorek.jpg 780w, https:\/\/www.medicalinstitut.cz\/wp-content\/uploads\/2025\/08\/venusin-pahorek-400x291.jpg 400w, https:\/\/www.medicalinstitut.cz\/wp-content\/uploads\/2025\/08\/venusin-pahorek-768x559.jpg 768w\" sizes=\"auto, (max-width: 780px) 100vw, 780px\" \/>\n\t\t\t\t\t<\/div>\n\t\t<\/div><\/div><\/div><\/div><\/div><\/div><\/div><\/div><div class=\"vc_row wpb_row vc_row-fluid vc_custom_1749565601102 wd-rs-6848409bb9477\"><div class=\"wpb_column vc_column_container vc_col-sm-12\"><div class=\"vc_column-inner\"><div class=\"wpb_wrapper\">\n\t\t<div id=\"wd-688c950fb1afb\" class=\"title-wrapper wd-wpb wd-set-mb reset-last-child  wd-rs-688c950fb1afb wd-title-color-default wd-title-style-default text-left vc_custom_1754043678082 wd-underline-colored\">\n\t\t\t\n\t\t\t<div class=\"liner-continer\">\n\t\t\t\t<h2 class=\"woodmart-title-container title  wd-font-weight-400 wd-fontsize-l\" >Was ist der Auftrieb des Venush\u00fcgels?<\/h2>\n\t\t\t\t\t\t\t<\/div>\n\t\t\t\n\t\t\t\t\t\t\t<div class=\"title-after_title reset-last-child  wd-fontsize-xs\">Ein Venush\u00fcgel-Lifting ist ein plastisch-chirurgischer Eingriff unter Vollnarkose, bei dem \u00fcbersch\u00fcssige Haut entfernt und der Bereich in seine nat\u00fcrliche Form gebracht wird.<\/div>\n\t\t\t\n\t\t\t\n\t\t<\/div>\n\t\t\n\t\t<\/div><\/div><\/div><\/div><div class=\"vc_row wpb_row vc_row-fluid vc_custom_1749810543060 vc_column-gap-35 wd-rs-684bfd6be57be\"><div class=\"wpb_column vc_column_container vc_col-sm-6 wd-rs-684b15a5bf569\"><div class=\"vc_column-inner\"><div class=\"wpb_wrapper\">\n\t\t<div id=\"wd-688c95227cc80\" class=\"title-wrapper wd-wpb wd-set-mb reset-last-child  wd-rs-688c95227cc80 wd-title-color-default wd-title-style-default text-left vc_custom_1754043688307 wd-underline-colored\">\n\t\t\t\n\t\t\t<div class=\"liner-continer\">\n\t\t\t\t<h2 class=\"woodmart-title-container title  wd-font-weight-400 wd-fontsize-l\" >F\u00fcr wen ist das Verfahren geeignet?<\/h2>\n\t\t\t\t\t\t\t<\/div>\n\t\t\t\n\t\t\t\n\t\t\t\n\t\t<\/div>\n\t\t\n\t\t\t\t<div id=\"wd-688c952b7b6d7\" class=\"wd-text-block wd-wpb reset-last-child wd-rs-688c952b7b6d7 text-left wd-fontsize-s\">\n\t\t\t<ul>\n<li style=\"font-weight: 400;\" aria-level=\"1\"><span style=\"font-weight: 400;\">F\u00fcr Frauen mit schlaffer Haut oder \u00fcbersch\u00fcssigem Gewebe im Bereich des Schamh\u00fcgels<\/span><\/li>\n<li style=\"font-weight: 400;\" aria-level=\"1\"><strong>Nach einer Geburt, erheblichem Gewichtsverlust oder der Menopause<\/strong><\/li>\n<li style=\"font-weight: 400;\" aria-level=\"1\"><span style=\"font-weight: 400;\">Bei Asymmetrie, Ungleichgewicht des Volumens oder \u00e4sthetischem Unbehagen<\/span><\/li>\n<li style=\"font-weight: 400;\" aria-level=\"1\"><span style=\"font-weight: 400;\">F\u00fcr Frauen, die sich in Bademode, Dessous oder Intimit\u00e4t nicht wohl f\u00fchlen<\/span><\/li>\n<li style=\"font-weight: 400;\" aria-level=\"1\"><strong>Bei funktionellen Problemen (z. B. Gewebedruck in der Kleidung oder bei Bewegung)<\/strong><\/li>\n<\/ul>\n\t\t<\/div>\n\t\t<\/div><\/div><\/div><div class=\"wpb_column vc_column_container vc_col-sm-6\"><div class=\"vc_column-inner\"><div class=\"wpb_wrapper\">\n\t\t<div id=\"wd-688c95356678b\" class=\"title-wrapper wd-wpb wd-set-mb reset-last-child  wd-rs-688c95356678b wd-title-color-default wd-title-style-default text-left vc_custom_1754043710468 wd-underline-colored\">\n\t\t\t\n\t\t\t<div class=\"liner-continer\">\n\t\t\t\t<h2 class=\"woodmart-title-container title  wd-font-weight-400 wd-fontsize-l\" >Ergebnisse, die Trost spenden<\/h2>\n\t\t\t\t\t\t\t<\/div>\n\t\t\t\n\t\t\t\n\t\t\t\n\t\t<\/div>\n\t\t\n\t\t\t\t<div id=\"wd-69ccc1d2a2f96\" class=\"wd-text-block wd-wpb reset-last-child wd-rs-69ccc1d2a2f96 text-left wd-fontsize-s\">\n\t\t\t<ul>\n<li><span style=\"font-weight: 400;\">Z\u00e1krok v oblasti Venu\u0161ina pahorku vede ke zpevn\u011bn\u00ed, vyhlazen\u00ed a p\u0159irozen\u00e9mu vytvarov\u00e1n\u00ed t\u00e9to<a href=\"https:\/\/www.medicalinstitut.cz\/de\/intimni-oblast\/\"> intimn\u00ed oblasti<\/a>. V\u00fdsledek je nejen estetick\u00fd, ale \u010dasto i funk\u010dn\u011b p\u0159\u00edjemn\u011bj\u0161\u00ed.<\/span><\/li>\n<li><strong>Frauen berichten \u00fcber mehr Komfort bei Bewegung, Sport und im Alltag.<\/strong><\/li>\n<li><span style=\"font-weight: 400;\">Im Medizinischen Institut legen wir gro\u00dfen Wert auf ein sensibles Vorgehen, Diskretion und die sichere Durchf\u00fchrung jedes Eingriffs. Unsere \u00c4rzte sind erfahren in der Intim\u00e4sthetik und w\u00e4hlen immer eine Methode, die die W\u00fcnsche des Kunden und das nat\u00fcrliche Aussehen des K\u00f6rpers respektiert.<\/span><\/li>\n<\/ul>\n\t\t<\/div>\n\t\t<\/div><\/div><\/div><\/div><div class=\"vc_row wpb_row vc_row-fluid vc_custom_1749810767964 wd-rs-684bfe498ba5c\"><div class=\"wpb_column vc_column_container vc_col-sm-12\"><div class=\"vc_column-inner\"><div class=\"wpb_wrapper\">\n\t\t<div id=\"wd-688c95581eacd\" class=\"title-wrapper wd-wpb wd-set-mb reset-last-child  wd-rs-688c95581eacd wd-title-color-default wd-title-style-default text-center vc_custom_1754043746254 wd-underline-colored\">\n\t\t\t\n\t\t\t<div class=\"liner-continer\">\n\t\t\t\t<h2 class=\"woodmart-title-container title  wd-font-weight-400 wd-fontsize-l\" >Unser Spezialist f\u00fcr Venush\u00fcgelaufz\u00fcge<\/h2>\n\t\t\t\t\t\t\t<\/div>\n\t\t\t\n\t\t\t\n\t\t\t\n\t\t<\/div>\n\t\t\n\t\t<div class=\"vc_row wpb_row vc_inner vc_row-fluid vc_row-o-content-middle vc_row-flex wd-rs-68540af150601\"><div class=\"wpb_column vc_column_container vc_col-sm-4 vc_col-xs-3 wd-rs-68a47fe3ccb0b\"><div class=\"vc_column-inner\"><div class=\"wpb_wrapper\"><\/div><\/div><\/div><div class=\"wpb_column vc_column_container vc_col-sm-4 vc_col-xs-6 wd-rs-684bfe178f76b\"><div class=\"vc_column-inner\"><div class=\"wpb_wrapper\">\t\t<div class=\"team-member wd-wpb wd-rs-68a72446393ca member-layout-default text-center\">\n\t\t\t\t\t\t\t<div class=\"member-image-wrapper\">\n\t\t\t\t\t<div class=\"member-image\">\n\t\t\t\t\t\t<img loading=\"lazy\" decoding=\"async\" width=\"269\" height=\"350\" src=\"https:\/\/www.medicalinstitut.cz\/wp-content\/uploads\/2025\/08\/paulis.jpg\" class=\"team-member-avatar-image\" alt=\"Mudr. Patrik Paulis\" srcset=\"https:\/\/www.medicalinstitut.cz\/wp-content\/uploads\/2025\/08\/paulis.jpg 270w, https:\/\/www.medicalinstitut.cz\/wp-content\/uploads\/2025\/08\/paulis-231x300.jpg 231w, https:\/\/www.medicalinstitut.cz\/wp-content\/uploads\/2025\/08\/paulis-9x12.jpg 9w\" sizes=\"auto, (max-width: 269px) 100vw, 269px\" \/>\t\t\t\t\t<\/div>\n\t\t\t\t<\/div>\n\t\t\t\n\t\t\t<div class=\"member-details wd-set-mb reset-last-child\">\n\t\t\t\t\t\t\t\t\t<h4 class=\"member-name\">\n\t\t\t\t\t\tMUDr. Patrik Paulis\t\t\t\t\t<\/h4>\n\t\t\t\t\n\t\t\t\t\t\t\t\t\t<div class=\"member-position\">\n\t\t\t\t\t\tSpezialist f\u00fcr plastische Chirurgie\t\t\t\t\t<\/div>\n\t\t\t\t\n\t\t\t\t\n\t\t\t\t\t\t\t<\/div>\n\t\t<\/div>\n\n\t\t<\/div><\/div><\/div><div class=\"wpb_column vc_column_container vc_col-sm-4 vc_col-xs-6 vc_hidden-xs wd-rs-68a47fdcd4878\"><div class=\"vc_column-inner\"><div class=\"wpb_wrapper\"><\/div><\/div><\/div><\/div><\/div><\/div><\/div><\/div><div class=\"vc_row wpb_row vc_row-fluid\"><div class=\"wpb_column vc_column_container vc_col-sm-12\"><div class=\"vc_column-inner\"><div class=\"wpb_wrapper\">\n\t\t<div id=\"wd-688c957570241\" class=\"title-wrapper wd-wpb wd-set-mb reset-last-child  wd-rs-688c957570241 wd-title-color-default wd-title-style-default text-center vc_custom_1754043773276 wd-underline-colored\">\n\t\t\t\n\t\t\t<div class=\"liner-continer\">\n\t\t\t\t<h2 class=\"woodmart-title-container title  wd-font-weight-400 wd-fontsize-l\" >Venus Hill Hebezeugpreisliste<\/h2>\n\t\t\t\t\t\t\t<\/div>\n\t\t\t\n\t\t\t\n\t\t\t\n\t\t<\/div>\n\t\t\n\t\t\n\t<div class=\"wpb_text_column wpb_content_element\" >\n\t\t<div class=\"wpb_wrapper\">\n\t\t\t<div class=\"vc_row wpb_row vc_inner vc_row-fluid vc_custom_1745153546798 vc_row-has-fill wd-rs-6804ee049acd1\">\n<div class=\"wpb_column vc_column_container vc_col-sm-6 wd-rs-6804ebeb17066\">\n<div class=\"vc_column-inner vc_custom_1745153011742\">\n<div class=\"wpb_wrapper\">\n<div class=\"wd-text-block wd-wpb reset-last-child text-left wd-font-weight-400 color-primary wd-fontsize-s\">\n<p><span data-sheets-root=\"1\">Schambereich - Anhebung des Venenstumpfes in Kombination mit einem anderen Verfahren<\/span><\/p>\n<\/div>\n<\/div>\n<\/div>\n<\/div>\n<div class=\"wpb_column vc_column_container vc_col-sm-6 wd-rs-6804ebf4d13e9\">\n<div class=\"vc_column-inner vc_custom_1745153015178\">\n<div class=\"wpb_wrapper\">\n<div class=\"wd-text-block wd-wpb reset-last-child text-right wd-font-weight-700 color-primary wd-fontsize-custom\">\n<p><span data-sheets-root=\"1\">24 500 CZK<\/span><\/p>\n<\/div>\n<\/div>\n<\/div>\n<\/div>\n<\/div>\n<div class=\"vc_row wpb_row vc_inner vc_row-fluid vc_custom_1745153546798 vc_row-has-fill wd-rs-6804ee049acd1\">\n<div class=\"wpb_column vc_column_container vc_col-sm-6 wd-rs-6804ebeb17066\">\n<div class=\"vc_column-inner vc_custom_1745153011742\">\n<div class=\"wpb_wrapper\">\n<div class=\"wd-text-block wd-wpb reset-last-child text-left wd-font-weight-400 color-primary wd-fontsize-s\">\n<p><span data-sheets-root=\"1\">Schambereich - Anhebung des Venush\u00fcgels Aufpreis bei Kombination mit Bauchdeckenstraffung.<\/span><\/p>\n<\/div>\n<\/div>\n<\/div>\n<\/div>\n<div class=\"wpb_column vc_column_container vc_col-sm-6 wd-rs-6804ebf4d13e9\">\n<div class=\"vc_column-inner vc_custom_1745153015178\">\n<div class=\"wpb_wrapper\">\n<div class=\"wd-text-block wd-wpb reset-last-child text-right wd-font-weight-700 color-primary wd-fontsize-custom\">\n<p><span data-sheets-root=\"1\">19 600 CZK<\/span><\/p>\n<\/div>\n<\/div>\n<\/div>\n<\/div>\n<\/div>\n<div class=\"vc_row wpb_row vc_inner vc_row-fluid vc_custom_1745153546798 vc_row-has-fill wd-rs-6804ee049acd1\">\n<div class=\"wpb_column vc_column_container vc_col-sm-6 wd-rs-6804ebeb17066\">\n<div class=\"vc_column-inner vc_custom_1745153011742\">\n<div class=\"wpb_wrapper\">\n<div class=\"wd-text-block wd-wpb reset-last-child text-left wd-font-weight-400 color-primary wd-fontsize-s\">\n<p><span data-sheets-root=\"1\">\u00d6ffentlicher Bereich - Aufzug des Venush\u00fcgels separat<\/span><\/p>\n<\/div>\n<\/div>\n<\/div>\n<\/div>\n<div class=\"wpb_column vc_column_container vc_col-sm-6 wd-rs-6804ebf4d13e9\">\n<div class=\"vc_column-inner vc_custom_1745153015178\">\n<div class=\"wpb_wrapper\">\n<div class=\"wd-text-block wd-wpb reset-last-child text-right wd-font-weight-700 color-primary wd-fontsize-custom\">\n<p><span data-sheets-root=\"1\">42 550 CZK<\/span><\/p>\n<\/div>\n<\/div>\n<\/div>\n<\/div>\n<\/div>\n\n\t\t<\/div>\n\t<\/div>\n<\/div><\/div><\/div><\/div><div class=\"vc_row wpb_row vc_row-fluid vc_custom_1749550289138 wd-rs-684804cd9f2b8\"><div class=\"wpb_column vc_column_container vc_col-sm-12\"><div class=\"vc_column-inner\"><div class=\"wpb_wrapper\">\n\t\t<div id=\"wd-688c9589388cf\" class=\"title-wrapper wd-wpb wd-set-mb reset-last-child  wd-rs-688c9589388cf wd-title-color-default wd-title-style-default text-center vc_custom_1754043790280 wd-underline-colored\">\n\t\t\t\n\t\t\t<div class=\"liner-continer\">\n\t\t\t\t<h2 class=\"woodmart-title-container title  wd-font-weight-400 wd-fontsize-l\" >Was Kunden nach dem Venush\u00fcgel-Lifting sagen<\/h2>\n\t\t\t\t\t\t\t<\/div>\n\t\t\t\n\t\t\t\n\t\t\t\n\t\t<\/div>\n\t\t\n\t\t\t\t\t<div id=\"wd-684804ac22f41\" class=\"testimonials wd-rs-684804ac22f41 testimon-style-boxed color-scheme- wd-fontsize-xs testimon-align-center testimon-with-rating  wd-carousel-container\">\n\t\t\t\t\n\t\t\t\t\t\t\t\t\t<div class=\"wd-carousel-inner\">\n\t\t\t\t\t\t\t\t<div class=\"wd-carousel wd-grid\" data-scroll_per_page=\"yes\" style=\"--wd-col-lg:3;--wd-col-md:3;--wd-col-sm:1;--wd-gap-lg:30px;--wd-gap-sm:10px;\">\n\t\t\t\t\t\t\t\t\t\t\t<div class=\"wd-carousel-wrap\">\n\t\t\t\t\t\n\t\t\t\t\t\n<div class=\"testimonial  wd-carousel-item\">\n\t<div class=\"testimonial-inner\">\n\t\t\n\t\t<div class=\"testimonial-content\">\n\t\t\t<div class=\"testimonial-rating\">\n\t\t\t\t<span class=\"star-rating\">\n\t\t\t\t\t<span style=\"width:100%\"><\/span>\n\t\t\t\t<\/span>\n\t\t\t<\/div>\n\n\t\t\tNach der Geburt und einer starken Gewichtsabnahme hatte ich eine schlaffe Haut im Bereich des Venush\u00fcgels, die mich nicht nur \u00e4sthetisch, sondern auch beim Sport st\u00f6rte. Das Medizinische Institut empfahl mir ein Lifting dieses Bereichs. Der Eingriff war schnell, die Heilung verlief ohne Komplikationen, und das Ergebnis kann sich wirklich sehen lassen.\n\t\t\t<footer>\n\t\t\t\tDenisa E., 42 Jahre alt\n\t\t\t\t\t\t\t<\/footer>\n\t\t<\/div>\n\t<\/div>\n<\/div>\n<div class=\"testimonial  wd-carousel-item\">\n\t<div class=\"testimonial-inner\">\n\t\t\n\t\t<div class=\"testimonial-content\">\n\t\t\t<div class=\"testimonial-rating\">\n\t\t\t\t<span class=\"star-rating\">\n\t\t\t\t\t<span style=\"width:100%\"><\/span>\n\t\t\t\t<\/span>\n\t\t\t<\/div>\n\n\t\t\tLange Zeit war ich fest entschlossen, mich einem Venush\u00fcgel-Lifting zu unterziehen, aber es war der Ansatz der \u00c4rztin im Medizinischen Institut, der mich \u00fcberzeugt hat. Sie hat mir alles genau erkl\u00e4rt und mir ein sicheres Gef\u00fchl gegeben. Das Ergebnis ist gro\u00dfartig - der Bereich ist straff, die Haut ist nicht schlaff und ich f\u00fchle mich endlich auch in enger Unterw\u00e4sche oder Bademode wohl.\n\t\t\t<footer>\n\t\t\t\tLenka R., 34 Jahre alt\n\t\t\t\t\t\t\t<\/footer>\n\t\t<\/div>\n\t<\/div>\n<\/div>\n<div class=\"testimonial  wd-carousel-item\">\n\t<div class=\"testimonial-inner\">\n\t\t\n\t\t<div class=\"testimonial-content\">\n\t\t\t<div class=\"testimonial-rating\">\n\t\t\t\t<span class=\"star-rating\">\n\t\t\t\t\t<span style=\"width:100%\"><\/span>\n\t\t\t\t<\/span>\n\t\t\t<\/div>\n\n\t\t\tIch hatte ein Venush\u00fcgel-Lifting kombiniert mit einer Schamlippenkorrektur. Ich muss sagen, dass der gesamte Eingriff und die Genesung viel einfacher waren, als ich erwartet hatte. Das Team im Medical Institute war erstaunlich einf\u00fchlsam und professionell. Das Ergebnis gab mir das Selbstvertrauen, das mir seit Jahren gefehlt hatte.\n\t\t\t<footer>\n\t\t\t\tDana B., 43 Jahre alt\n\t\t\t\t\t\t\t<\/footer>\n\t\t<\/div>\n\t<\/div>\n<\/div>\n\t\t\t\t\t\t\t\t\t\t\t<\/div>\n\t\t\t\t\t\t\t\t\t<\/div>\n\n\t\t\t\t\t\t\t\t\t\t\t\t\t\t\t\t\t<div class=\"wd-nav-arrows wd-pos-sep wd-hover-1 wd-icon-2\">\n\t\t\t<div class=\"wd-btn-arrow wd-prev wd-disabled\">\n\t\t\t\t<div class=\"wd-arrow-inner\"><\/div>\n\t\t\t<\/div>\n\t\t\t<div class=\"wd-btn-arrow wd-next\">\n\t\t\t\t<div class=\"wd-arrow-inner\"><\/div>\n\t\t\t<\/div>\n\t\t<\/div>\n\t\t\t\t\t\t\t\n\t\t\t\t\t<\/div>\n\n\t\t\t\t\t\t\t<div class=\"wd-nav-pagin-wrap text-center wd-style-shape wd-hide-md-sm wd-hide-sm\">\n\t\t\t<ul class=\"wd-nav-pagin\"><\/ul>\n\t\t<\/div>\n\t\t\t\t\t\t\t\t\t\t\t\t\t\t<\/div>\n\t\t<\/div><\/div><\/div><\/div>\n<\/div>","protected":false},"excerpt":{"rendered":"Venush\u00fcgel-Lifting Wir k\u00f6nnen das schlaffe Aussehen des Venush\u00fcgels Der Bereich des Venush\u00fcgels, das weiche Fettgewebe \u00fcber dem Schambein, kann","protected":false},"author":3,"featured_media":0,"parent":0,"menu_order":0,"comment_status":"closed","ping_status":"closed","template":"","meta":{"footnotes":""},"class_list":["post-10928","page","type-page","status-publish","hentry"],"yoast_head":"<!-- This site is optimized with the Yoast SEO plugin v25.3 - https:\/\/yoast.com\/wordpress\/plugins\/seo\/ -->\n<title>Lift Venu\u0161ina pahorku Plze\u0148 - Medical Institut<\/title>\n<meta name=\"description\" content=\"Oblast Venu\u0161ina pahorku, tedy m\u011bkk\u00e9 tukov\u00e9 tk\u00e1n\u011b nad stydkou kost\u00ed, m\u016f\u017ee s v\u011bkem, hormon\u00e1ln\u00edmi zm\u011bnami, po porodech nebo v\u00fdrazn\u00e9m \u00fabytku hmotnosti ztr\u00e1cet pevnost a objem.\" \/>\n<meta name=\"robots\" content=\"index, follow, max-snippet:-1, max-image-preview:large, max-video-preview:-1\" \/>\n<link rel=\"canonical\" href=\"https:\/\/www.medicalinstitut.cz\/de\/lift-venusina-pahorku\/\" \/>\n<meta property=\"og:locale\" content=\"de_DE\" \/>\n<meta property=\"og:type\" content=\"article\" \/>\n<meta property=\"og:title\" content=\"Lift Venu\u0161ina pahorku Plze\u0148 - Medical Institut\" \/>\n<meta property=\"og:description\" content=\"Oblast Venu\u0161ina pahorku, tedy m\u011bkk\u00e9 tukov\u00e9 tk\u00e1n\u011b nad stydkou kost\u00ed, m\u016f\u017ee s v\u011bkem, hormon\u00e1ln\u00edmi zm\u011bnami, po porodech nebo v\u00fdrazn\u00e9m \u00fabytku hmotnosti ztr\u00e1cet pevnost a objem.\" \/>\n<meta property=\"og:url\" content=\"https:\/\/www.medicalinstitut.cz\/de\/lift-venusina-pahorku\/\" \/>\n<meta property=\"og:site_name\" content=\"Medical Institut\" \/>\n<meta property=\"article:modified_time\" content=\"2026-04-01T06:57:39+00:00\" \/>\n<meta name=\"twitter:card\" content=\"summary_large_image\" \/>\n<meta name=\"twitter:label1\" content=\"Gesch\u00e4tzte Lesezeit\" \/>\n\t<meta name=\"twitter:data1\" content=\"6\u00a0Minuten\" \/>\n<script type=\"application\/ld+json\" class=\"yoast-schema-graph\">{\"@context\":\"https:\/\/schema.org\",\"@graph\":[{\"@type\":\"WebPage\",\"@id\":\"https:\/\/www.medicalinstitut.cz\/lift-venusina-pahorku\/\",\"url\":\"https:\/\/www.medicalinstitut.cz\/lift-venusina-pahorku\/\",\"name\":\"Lift Venu\u0161ina pahorku Plze\u0148 - Medical Institut\",\"isPartOf\":{\"@id\":\"https:\/\/www.medicalinstitut.cz\/#website\"},\"datePublished\":\"2025-08-01T10:19:46+00:00\",\"dateModified\":\"2026-04-01T06:57:39+00:00\",\"description\":\"Oblast Venu\u0161ina pahorku, tedy m\u011bkk\u00e9 tukov\u00e9 tk\u00e1n\u011b nad stydkou kost\u00ed, m\u016f\u017ee s v\u011bkem, hormon\u00e1ln\u00edmi zm\u011bnami, po porodech nebo v\u00fdrazn\u00e9m \u00fabytku hmotnosti ztr\u00e1cet pevnost a objem.\",\"breadcrumb\":{\"@id\":\"https:\/\/www.medicalinstitut.cz\/lift-venusina-pahorku\/#breadcrumb\"},\"inLanguage\":\"de\",\"potentialAction\":[{\"@type\":\"ReadAction\",\"target\":[\"https:\/\/www.medicalinstitut.cz\/lift-venusina-pahorku\/\"]}]},{\"@type\":\"BreadcrumbList\",\"@id\":\"https:\/\/www.medicalinstitut.cz\/lift-venusina-pahorku\/#breadcrumb\",\"itemListElement\":[{\"@type\":\"ListItem\",\"position\":1,\"name\":\"Dom\u016f\",\"item\":\"https:\/\/www.medicalinstitut.cz\/\"},{\"@type\":\"ListItem\",\"position\":2,\"name\":\"Lift Venu\u0161ina pahorku\"}]},{\"@type\":\"WebSite\",\"@id\":\"https:\/\/www.medicalinstitut.cz\/#website\",\"url\":\"https:\/\/www.medicalinstitut.cz\/\",\"name\":\"Medical Institut\",\"description\":\"\",\"potentialAction\":[{\"@type\":\"SearchAction\",\"target\":{\"@type\":\"EntryPoint\",\"urlTemplate\":\"https:\/\/www.medicalinstitut.cz\/?s={search_term_string}\"},\"query-input\":{\"@type\":\"PropertyValueSpecification\",\"valueRequired\":true,\"valueName\":\"search_term_string\"}}],\"inLanguage\":\"de\"}]}<\/script>\n<!-- \/ Yoast SEO plugin. -->","yoast_head_json":{"title":"Aufzug Venush\u00fcgel Pilsen - Medizinisches Institut","description":"Der Bereich des Venush\u00fcgels, das weiche Fettgewebe oberhalb des Schambeins, kann im Alter, bei hormonellen Ver\u00e4nderungen, nach einer Geburt oder bei starkem Gewichtsverlust an Festigkeit und Volumen verlieren.","robots":{"index":"index","follow":"follow","max-snippet":"max-snippet:-1","max-image-preview":"max-image-preview:large","max-video-preview":"max-video-preview:-1"},"canonical":"https:\/\/www.medicalinstitut.cz\/de\/lift-venusina-pahorku\/","og_locale":"de_DE","og_type":"article","og_title":"Lift Venu\u0161ina pahorku Plze\u0148 - Medical Institut","og_description":"Oblast Venu\u0161ina pahorku, tedy m\u011bkk\u00e9 tukov\u00e9 tk\u00e1n\u011b nad stydkou kost\u00ed, m\u016f\u017ee s v\u011bkem, hormon\u00e1ln\u00edmi zm\u011bnami, po porodech nebo v\u00fdrazn\u00e9m \u00fabytku hmotnosti ztr\u00e1cet pevnost a objem.","og_url":"https:\/\/www.medicalinstitut.cz\/de\/lift-venusina-pahorku\/","og_site_name":"Medical Institut","article_modified_time":"2026-04-01T06:57:39+00:00","twitter_card":"summary_large_image","twitter_misc":{"Gesch\u00e4tzte Lesezeit":"6\u00a0Minuten"},"schema":{"@context":"https:\/\/schema.org","@graph":[{"@type":"WebPage","@id":"https:\/\/www.medicalinstitut.cz\/lift-venusina-pahorku\/","url":"https:\/\/www.medicalinstitut.cz\/lift-venusina-pahorku\/","name":"Aufzug Venush\u00fcgel Pilsen - Medizinisches Institut","isPartOf":{"@id":"https:\/\/www.medicalinstitut.cz\/#website"},"datePublished":"2025-08-01T10:19:46+00:00","dateModified":"2026-04-01T06:57:39+00:00","description":"Der Bereich des Venush\u00fcgels, das weiche Fettgewebe oberhalb des Schambeins, kann im Alter, bei hormonellen Ver\u00e4nderungen, nach einer Geburt oder bei starkem Gewichtsverlust an Festigkeit und Volumen verlieren.","breadcrumb":{"@id":"https:\/\/www.medicalinstitut.cz\/lift-venusina-pahorku\/#breadcrumb"},"inLanguage":"de","potentialAction":[{"@type":"ReadAction","target":["https:\/\/www.medicalinstitut.cz\/lift-venusina-pahorku\/"]}]},{"@type":"BreadcrumbList","@id":"https:\/\/www.medicalinstitut.cz\/lift-venusina-pahorku\/#breadcrumb","itemListElement":[{"@type":"ListItem","position":1,"name":"Dom\u016f","item":"https:\/\/www.medicalinstitut.cz\/"},{"@type":"ListItem","position":2,"name":"Lift Venu\u0161ina pahorku"}]},{"@type":"WebSite","@id":"https:\/\/www.medicalinstitut.cz\/#website","url":"https:\/\/www.medicalinstitut.cz\/","name":"Medizinisches Institut","description":"","potentialAction":[{"@type":"SearchAction","target":{"@type":"EntryPoint","urlTemplate":"https:\/\/www.medicalinstitut.cz\/?s={search_term_string}"},"query-input":{"@type":"PropertyValueSpecification","valueRequired":true,"valueName":"search_term_string"}}],"inLanguage":"de"}]}},"_links":{"self":[{"href":"https:\/\/www.medicalinstitut.cz\/de\/wp-json\/wp\/v2\/pages\/10928","targetHints":{"allow":["GET"]}}],"collection":[{"href":"https:\/\/www.medicalinstitut.cz\/de\/wp-json\/wp\/v2\/pages"}],"about":[{"href":"https:\/\/www.medicalinstitut.cz\/de\/wp-json\/wp\/v2\/types\/page"}],"author":[{"embeddable":true,"href":"https:\/\/www.medicalinstitut.cz\/de\/wp-json\/wp\/v2\/users\/3"}],"replies":[{"embeddable":true,"href":"https:\/\/www.medicalinstitut.cz\/de\/wp-json\/wp\/v2\/comments?post=10928"}],"version-history":[{"count":0,"href":"https:\/\/www.medicalinstitut.cz\/de\/wp-json\/wp\/v2\/pages\/10928\/revisions"}],"wp:attachment":[{"href":"https:\/\/www.medicalinstitut.cz\/de\/wp-json\/wp\/v2\/media?parent=10928"}],"curies":[{"name":"wp","href":"https:\/\/api.w.org\/{rel}","templated":true}]}}